{"id":10590,"date":"2024-10-03T15:39:37","date_gmt":"2024-10-03T13:39:37","guid":{"rendered":"https:\/\/www.ecam.be\/?page_id=10590"},"modified":"2025-10-11T19:52:14","modified_gmt":"2025-10-11T17:52:14","slug":"j4b","status":"publish","type":"page","link":"https:\/\/www.ecam.be\/en\/annuaire\/j4b\/","title":{"rendered":"J\u00e9r\u00e9my Baudet"},"content":{"rendered":"<p>[et_pb_section fb_built=\u00a0\u00bb1&Prime; _builder_version=\u00a0\u00bb4.20.4&Prime; _module_preset=\u00a0\u00bbdefault\u00a0\u00bb global_colors_info=\u00a0\u00bb{}\u00a0\u00bb][et_pb_row column_structure=\u00a0\u00bb2_5,3_5&Prime; _builder_version=\u00a0\u00bb4.20.4&Prime; _module_preset=\u00a0\u00bbdefault\u00a0\u00bb global_colors_info=\u00a0\u00bb{}\u00a0\u00bb][et_pb_column type=\u00a0\u00bb2_5&Prime; _builder_version=\u00a0\u00bb4.20.4&Prime; _module_preset=\u00a0\u00bbdefault\u00a0\u00bb global_colors_info=\u00a0\u00bb{}\u00a0\u00bb][et_pb_text _builder_version=\u00a0\u00bb4.20.4&Prime; _module_preset=\u00a0\u00bbdefault\u00a0\u00bb global_colors_info=\u00a0\u00bb{}\u00a0\u00bb]<\/p>\n<h1>J\u00e9r\u00e9my Baudet<\/h1>\n<p>[\/et_pb_text][et_pb_image src=\u00a0\u00bbhttps:\/\/www.ecam.be\/wp-content\/uploads\/2021\/10\/inconnu-1.jpg\u00a0\u00bb _builder_version=\u00a0\u00bb4.20.4&Prime; _module_preset=\u00a0\u00bbdefault\u00a0\u00bb custom_margin=\u00a0\u00bb|183px||||\u00a0\u00bb global_colors_info=\u00a0\u00bb{}\u00a0\u00bb][\/et_pb_image][\/et_pb_column][et_pb_column type=\u00a0\u00bb3_5&Prime; _builder_version=\u00a0\u00bb4.20.4&Prime; _module_preset=\u00a0\u00bbdefault\u00a0\u00bb global_colors_info=\u00a0\u00bb{}\u00a0\u00bb][et_pb_text _builder_version=\u00a0\u00bb4.20.4&Prime; _module_preset=\u00a0\u00bbdefault\u00a0\u00bb custom_padding=\u00a0\u00bb83px|||||\u00a0\u00bb global_colors_info=\u00a0\u00bb{}\u00a0\u00bb]<\/p>\n<h1>Enseignant (GMT)<\/h1>\n<p>&nbsp;<\/p>\n<p>[\/et_pb_text][et_pb_contact_form _builder_version=\u00a0\u00bb4.27.4&Prime; _module_preset=\u00a0\u00bbdefault\u00a0\u00bb _unique_id=\u00a0\u00bbcdaade14-10d5-4893-b708-1b7c7d651016&Prime; title=\u00a0\u00bbMe contacter\u00a0\u00bb email=\u00a0\u00bbj4b@ecam.be\u00a0\u00bb custom_message=\u00a0\u00bb%%name%%||et_pb_line_break_holder||%%email%%||et_pb_line_break_holder||%%message%%\u00a0\u00bb hover_enabled=\u00a0\u00bb0&Prime; sticky_enabled=\u00a0\u00bb0&Prime;][et_pb_contact_field field_id=\u00a0\u00bbName\u00a0\u00bb field_title=\u00a0\u00bbNom\u00a0\u00bb _builder_version=\u00a0\u00bb4.16&Prime; global_colors_info=\u00a0\u00bb{}\u00a0\u00bb button_text_size__hover_enabled=\u00a0\u00bboff\u00a0\u00bb button_one_text_size__hover_enabled=\u00a0\u00bboff\u00a0\u00bb button_two_text_size__hover_enabled=\u00a0\u00bboff\u00a0\u00bb button_text_color__hover_enabled=\u00a0\u00bboff\u00a0\u00bb button_one_text_color__hover_enabled=\u00a0\u00bboff\u00a0\u00bb button_two_text_color__hover_enabled=\u00a0\u00bboff\u00a0\u00bb button_border_width__hover_enabled=\u00a0\u00bboff\u00a0\u00bb button_one_border_width__hover_enabled=\u00a0\u00bboff\u00a0\u00bb button_two_border_width__hover_enabled=\u00a0\u00bboff\u00a0\u00bb button_border_color__hover_enabled=\u00a0\u00bboff\u00a0\u00bb button_one_border_color__hover_enabled=\u00a0\u00bboff\u00a0\u00bb button_two_border_color__hover_enabled=\u00a0\u00bboff\u00a0\u00bb button_border_radius__hover_enabled=\u00a0\u00bboff\u00a0\u00bb button_one_border_radius__hover_enabled=\u00a0\u00bboff\u00a0\u00bb button_two_border_radius__hover_enabled=\u00a0\u00bboff\u00a0\u00bb button_letter_spacing__hover_enabled=\u00a0\u00bboff\u00a0\u00bb button_one_letter_spacing__hover_enabled=\u00a0\u00bboff\u00a0\u00bb button_two_letter_spacing__hover_enabled=\u00a0\u00bboff\u00a0\u00bb button_bg_color__hover_enabled=\u00a0\u00bboff\u00a0\u00bb button_one_bg_color__hover_enabled=\u00a0\u00bboff\u00a0\u00bb button_two_bg_color__hover_enabled=\u00a0\u00bboff\u00a0\u00bb][\/et_pb_contact_field][et_pb_contact_field field_id=\u00a0\u00bbEmail\u00a0\u00bb field_title=\u00a0\u00bbAdresse e-mail\u00a0\u00bb field_type=\u00a0\u00bbemail\u00a0\u00bb _builder_version=\u00a0\u00bb4.16&Prime; global_colors_info=\u00a0\u00bb{}\u00a0\u00bb button_text_size__hover_enabled=\u00a0\u00bboff\u00a0\u00bb button_one_text_size__hover_enabled=\u00a0\u00bboff\u00a0\u00bb button_two_text_size__hover_enabled=\u00a0\u00bboff\u00a0\u00bb button_text_color__hover_enabled=\u00a0\u00bboff\u00a0\u00bb button_one_text_color__hover_enabled=\u00a0\u00bboff\u00a0\u00bb button_two_text_color__hover_enabled=\u00a0\u00bboff\u00a0\u00bb button_border_width__hover_enabled=\u00a0\u00bboff\u00a0\u00bb button_one_border_width__hover_enabled=\u00a0\u00bboff\u00a0\u00bb button_two_border_width__hover_enabled=\u00a0\u00bboff\u00a0\u00bb button_border_color__hover_enabled=\u00a0\u00bboff\u00a0\u00bb button_one_border_color__hover_enabled=\u00a0\u00bboff\u00a0\u00bb button_two_border_color__hover_enabled=\u00a0\u00bboff\u00a0\u00bb button_border_radius__hover_enabled=\u00a0\u00bboff\u00a0\u00bb button_one_border_radius__hover_enabled=\u00a0\u00bboff\u00a0\u00bb button_two_border_radius__hover_enabled=\u00a0\u00bboff\u00a0\u00bb button_letter_spacing__hover_enabled=\u00a0\u00bboff\u00a0\u00bb button_one_letter_spacing__hover_enabled=\u00a0\u00bboff\u00a0\u00bb button_two_letter_spacing__hover_enabled=\u00a0\u00bboff\u00a0\u00bb button_bg_color__hover_enabled=\u00a0\u00bboff\u00a0\u00bb button_one_bg_color__hover_enabled=\u00a0\u00bboff\u00a0\u00bb button_two_bg_color__hover_enabled=\u00a0\u00bboff\u00a0\u00bb][\/et_pb_contact_field][et_pb_contact_field field_id=\u00a0\u00bbMessage\u00a0\u00bb field_title=\u00a0\u00bbMessage\u00a0\u00bb field_type=\u00a0\u00bbtext\u00a0\u00bb fullwidth_field=\u00a0\u00bbon\u00a0\u00bb _builder_version=\u00a0\u00bb4.16&Prime; global_colors_info=\u00a0\u00bb{}\u00a0\u00bb button_text_size__hover_enabled=\u00a0\u00bboff\u00a0\u00bb button_one_text_size__hover_enabled=\u00a0\u00bboff\u00a0\u00bb button_two_text_size__hover_enabled=\u00a0\u00bboff\u00a0\u00bb button_text_color__hover_enabled=\u00a0\u00bboff\u00a0\u00bb button_one_text_color__hover_enabled=\u00a0\u00bboff\u00a0\u00bb button_two_text_color__hover_enabled=\u00a0\u00bboff\u00a0\u00bb button_border_width__hover_enabled=\u00a0\u00bboff\u00a0\u00bb button_one_border_width__hover_enabled=\u00a0\u00bboff\u00a0\u00bb button_two_border_width__hover_enabled=\u00a0\u00bboff\u00a0\u00bb button_border_color__hover_enabled=\u00a0\u00bboff\u00a0\u00bb button_one_border_color__hover_enabled=\u00a0\u00bboff\u00a0\u00bb button_two_border_color__hover_enabled=\u00a0\u00bboff\u00a0\u00bb button_border_radius__hover_enabled=\u00a0\u00bboff\u00a0\u00bb button_one_border_radius__hover_enabled=\u00a0\u00bboff\u00a0\u00bb button_two_border_radius__hover_enabled=\u00a0\u00bboff\u00a0\u00bb button_letter_spacing__hover_enabled=\u00a0\u00bboff\u00a0\u00bb button_one_letter_spacing__hover_enabled=\u00a0\u00bboff\u00a0\u00bb button_two_letter_spacing__hover_enabled=\u00a0\u00bboff\u00a0\u00bb button_bg_color__hover_enabled=\u00a0\u00bboff\u00a0\u00bb button_one_bg_color__hover_enabled=\u00a0\u00bboff\u00a0\u00bb button_two_bg_color__hover_enabled=\u00a0\u00bboff\u00a0\u00bb][\/et_pb_contact_field][\/et_pb_contact_form][\/et_pb_column][\/et_pb_row][\/et_pb_section]<\/p>\n","protected":false},"excerpt":{"rendered":"<p>J\u00e9r\u00e9my BaudetEnseignant (GMT) &nbsp;<\/p>","protected":false},"author":7,"featured_media":0,"parent":4111,"menu_order":0,"comment_status":"closed","ping_status":"closed","template":"","meta":{"_et_pb_use_builder":"on","_et_pb_old_content":"","_et_gb_content_width":"","_monsterinsights_skip_tracking":false,"_monsterinsights_sitenote_active":false,"_monsterinsights_sitenote_note":"","_monsterinsights_sitenote_category":0,"footnotes":""},"class_list":["post-10590","page","type-page","status-publish","hentry"],"yoast_head":"<!-- This site is optimized with the Yoast SEO plugin v27.4 - https:\/\/yoast.com\/product\/yoast-seo-wordpress\/ -->\n<title>J\u00e9r\u00e9my Baudet<\/title>\n<meta name=\"robots\" content=\"index, follow, max-snippet:-1, max-image-preview:large, max-video-preview:-1\" \/>\n<link rel=\"canonical\" href=\"https:\/\/www.ecam.be\/en\/annuaire\/j4b\/\" \/>\n<meta property=\"og:locale\" content=\"en_GB\" \/>\n<meta property=\"og:type\" content=\"article\" \/>\n<meta property=\"og:title\" content=\"J\u00e9r\u00e9my Baudet\" \/>\n<meta property=\"og:description\" content=\"J\u00e9r\u00e9my BaudetEnseignant (GMT) &nbsp;\" \/>\n<meta property=\"og:url\" content=\"https:\/\/www.ecam.be\/en\/annuaire\/j4b\/\" \/>\n<meta property=\"og:site_name\" content=\"ECAM Bruxelles\" \/>\n<meta property=\"article:publisher\" content=\"https:\/\/www.facebook.com\/ecam.bruxelles\/\" \/>\n<meta property=\"article:modified_time\" content=\"2025-10-11T17:52:14+00:00\" \/>\n<meta property=\"og:image\" content=\"https:\/\/www.ecam.be\/wp-content\/uploads\/2023\/12\/logo_ECAM_entier_sansfond-2.png\" \/>\n\t<meta property=\"og:image:width\" content=\"1184\" \/>\n\t<meta property=\"og:image:height\" content=\"900\" \/>\n\t<meta property=\"og:image:type\" content=\"image\/png\" \/>\n<meta name=\"twitter:card\" content=\"summary_large_image\" \/>\n<meta name=\"twitter:label1\" content=\"Estimated reading time\" \/>\n\t<meta name=\"twitter:data1\" content=\"1 minute\" \/>\n<script type=\"application\/ld+json\" class=\"yoast-schema-graph\">{\"@context\":\"https:\\\/\\\/schema.org\",\"@graph\":[{\"@type\":\"WebPage\",\"@id\":\"https:\\\/\\\/www.ecam.be\\\/annuaire\\\/j4b\\\/\",\"url\":\"https:\\\/\\\/www.ecam.be\\\/annuaire\\\/j4b\\\/\",\"name\":\"J\u00e9r\u00e9my Baudet\",\"isPartOf\":{\"@id\":\"https:\\\/\\\/www.ecam.be\\\/#website\"},\"datePublished\":\"2024-10-03T13:39:37+00:00\",\"dateModified\":\"2025-10-11T17:52:14+00:00\",\"breadcrumb\":{\"@id\":\"https:\\\/\\\/www.ecam.be\\\/annuaire\\\/j4b\\\/#breadcrumb\"},\"inLanguage\":\"en-GB\",\"potentialAction\":[{\"@type\":\"ReadAction\",\"target\":[\"https:\\\/\\\/www.ecam.be\\\/annuaire\\\/j4b\\\/\"]}]},{\"@type\":\"BreadcrumbList\",\"@id\":\"https:\\\/\\\/www.ecam.be\\\/annuaire\\\/j4b\\\/#breadcrumb\",\"itemListElement\":[{\"@type\":\"ListItem\",\"position\":1,\"name\":\"Accueil\",\"item\":\"https:\\\/\\\/www.ecam.be\\\/\"},{\"@type\":\"ListItem\",\"position\":2,\"name\":\"Organigramme et annuaire des membres du personnel\",\"item\":\"https:\\\/\\\/www.ecam.be\\\/annuaire\\\/\"},{\"@type\":\"ListItem\",\"position\":3,\"name\":\"J\u00e9r\u00e9my Baudet\"}]},{\"@type\":\"WebSite\",\"@id\":\"https:\\\/\\\/www.ecam.be\\\/#website\",\"url\":\"https:\\\/\\\/www.ecam.be\\\/\",\"name\":\"ECAM Bruxelles\",\"description\":\"Le site officiel de l&#039;ECAM\",\"publisher\":{\"@id\":\"https:\\\/\\\/www.ecam.be\\\/#organization\"},\"potentialAction\":[{\"@type\":\"SearchAction\",\"target\":{\"@type\":\"EntryPoint\",\"urlTemplate\":\"https:\\\/\\\/www.ecam.be\\\/?s={search_term_string}\"},\"query-input\":{\"@type\":\"PropertyValueSpecification\",\"valueRequired\":true,\"valueName\":\"search_term_string\"}}],\"inLanguage\":\"en-GB\"},{\"@type\":\"Organization\",\"@id\":\"https:\\\/\\\/www.ecam.be\\\/#organization\",\"name\":\"ECAM Bruxelles\",\"url\":\"https:\\\/\\\/www.ecam.be\\\/\",\"logo\":{\"@type\":\"ImageObject\",\"inLanguage\":\"en-GB\",\"@id\":\"https:\\\/\\\/www.ecam.be\\\/#\\\/schema\\\/logo\\\/image\\\/\",\"url\":\"https:\\\/\\\/www.ecam.be\\\/wp-content\\\/uploads\\\/2023\\\/12\\\/logo_ECAM_entier_sansfond-2.png\",\"contentUrl\":\"https:\\\/\\\/www.ecam.be\\\/wp-content\\\/uploads\\\/2023\\\/12\\\/logo_ECAM_entier_sansfond-2.png\",\"width\":1184,\"height\":900,\"caption\":\"ECAM Bruxelles\"},\"image\":{\"@id\":\"https:\\\/\\\/www.ecam.be\\\/#\\\/schema\\\/logo\\\/image\\\/\"},\"sameAs\":[\"https:\\\/\\\/www.facebook.com\\\/ecam.bruxelles\\\/\",\"https:\\\/\\\/www.instagram.com\\\/ecam.bruxelles\\\/?hl=fr\",\"https:\\\/\\\/www.linkedin.com\\\/school\\\/ecam-brussels-engineering-school\\\/\"]}]}<\/script>\n<!-- \/ Yoast SEO plugin. -->","yoast_head_json":{"title":"J\u00e9r\u00e9my Baudet","robots":{"index":"index","follow":"follow","max-snippet":"max-snippet:-1","max-image-preview":"max-image-preview:large","max-video-preview":"max-video-preview:-1"},"canonical":"https:\/\/www.ecam.be\/en\/annuaire\/j4b\/","og_locale":"en_GB","og_type":"article","og_title":"J\u00e9r\u00e9my Baudet","og_description":"J\u00e9r\u00e9my BaudetEnseignant (GMT) &nbsp;","og_url":"https:\/\/www.ecam.be\/en\/annuaire\/j4b\/","og_site_name":"ECAM Bruxelles","article_publisher":"https:\/\/www.facebook.com\/ecam.bruxelles\/","article_modified_time":"2025-10-11T17:52:14+00:00","og_image":[{"width":1184,"height":900,"url":"https:\/\/www.ecam.be\/wp-content\/uploads\/2023\/12\/logo_ECAM_entier_sansfond-2.png","type":"image\/png"}],"twitter_card":"summary_large_image","twitter_misc":{"Estimated reading time":"1 minute"},"schema":{"@context":"https:\/\/schema.org","@graph":[{"@type":"WebPage","@id":"https:\/\/www.ecam.be\/annuaire\/j4b\/","url":"https:\/\/www.ecam.be\/annuaire\/j4b\/","name":"J\u00e9r\u00e9my Baudet","isPartOf":{"@id":"https:\/\/www.ecam.be\/#website"},"datePublished":"2024-10-03T13:39:37+00:00","dateModified":"2025-10-11T17:52:14+00:00","breadcrumb":{"@id":"https:\/\/www.ecam.be\/annuaire\/j4b\/#breadcrumb"},"inLanguage":"en-GB","potentialAction":[{"@type":"ReadAction","target":["https:\/\/www.ecam.be\/annuaire\/j4b\/"]}]},{"@type":"BreadcrumbList","@id":"https:\/\/www.ecam.be\/annuaire\/j4b\/#breadcrumb","itemListElement":[{"@type":"ListItem","position":1,"name":"Accueil","item":"https:\/\/www.ecam.be\/"},{"@type":"ListItem","position":2,"name":"Organigramme et annuaire des membres du personnel","item":"https:\/\/www.ecam.be\/annuaire\/"},{"@type":"ListItem","position":3,"name":"J\u00e9r\u00e9my Baudet"}]},{"@type":"WebSite","@id":"https:\/\/www.ecam.be\/#website","url":"https:\/\/www.ecam.be\/","name":"ECAM Bruxelles","description":"Le site officiel de l&#039;ECAM","publisher":{"@id":"https:\/\/www.ecam.be\/#organization"},"potentialAction":[{"@type":"SearchAction","target":{"@type":"EntryPoint","urlTemplate":"https:\/\/www.ecam.be\/?s={search_term_string}"},"query-input":{"@type":"PropertyValueSpecification","valueRequired":true,"valueName":"search_term_string"}}],"inLanguage":"en-GB"},{"@type":"Organization","@id":"https:\/\/www.ecam.be\/#organization","name":"ECAM Bruxelles","url":"https:\/\/www.ecam.be\/","logo":{"@type":"ImageObject","inLanguage":"en-GB","@id":"https:\/\/www.ecam.be\/#\/schema\/logo\/image\/","url":"https:\/\/www.ecam.be\/wp-content\/uploads\/2023\/12\/logo_ECAM_entier_sansfond-2.png","contentUrl":"https:\/\/www.ecam.be\/wp-content\/uploads\/2023\/12\/logo_ECAM_entier_sansfond-2.png","width":1184,"height":900,"caption":"ECAM Bruxelles"},"image":{"@id":"https:\/\/www.ecam.be\/#\/schema\/logo\/image\/"},"sameAs":["https:\/\/www.facebook.com\/ecam.bruxelles\/","https:\/\/www.instagram.com\/ecam.bruxelles\/?hl=fr","https:\/\/www.linkedin.com\/school\/ecam-brussels-engineering-school\/"]}]}},"_links":{"self":[{"href":"https:\/\/www.ecam.be\/en\/wp-json\/wp\/v2\/pages\/10590","targetHints":{"allow":["GET"]}}],"collection":[{"href":"https:\/\/www.ecam.be\/en\/wp-json\/wp\/v2\/pages"}],"about":[{"href":"https:\/\/www.ecam.be\/en\/wp-json\/wp\/v2\/types\/page"}],"author":[{"embeddable":true,"href":"https:\/\/www.ecam.be\/en\/wp-json\/wp\/v2\/users\/7"}],"replies":[{"embeddable":true,"href":"https:\/\/www.ecam.be\/en\/wp-json\/wp\/v2\/comments?post=10590"}],"version-history":[{"count":3,"href":"https:\/\/www.ecam.be\/en\/wp-json\/wp\/v2\/pages\/10590\/revisions"}],"predecessor-version":[{"id":11428,"href":"https:\/\/www.ecam.be\/en\/wp-json\/wp\/v2\/pages\/10590\/revisions\/11428"}],"up":[{"embeddable":true,"href":"https:\/\/www.ecam.be\/en\/wp-json\/wp\/v2\/pages\/4111"}],"wp:attachment":[{"href":"https:\/\/www.ecam.be\/en\/wp-json\/wp\/v2\/media?parent=10590"}],"curies":[{"name":"wp","href":"https:\/\/api.w.org\/{rel}","templated":true}]}}