{"id":10783,"date":"2025-02-27T10:23:50","date_gmt":"2025-02-27T09:23:50","guid":{"rendered":"https:\/\/www.ecam.be\/?page_id=10783"},"modified":"2025-10-10T14:26:52","modified_gmt":"2025-10-10T12:26:52","slug":"womenintech","status":"publish","type":"page","link":"https:\/\/www.ecam.be\/en\/womenintech\/","title":{"rendered":"Women in Tech"},"content":{"rendered":"\n[et_pb_section fb_built=\u00a0\u00bb1&Prime; theme_builder_area=\u00a0\u00bbpost_content\u00a0\u00bb _builder_version=\u00a0\u00bb4.20.4&Prime; _module_preset=\u00a0\u00bbdefault\u00a0\u00bb][et_pb_row _builder_version=\u00a0\u00bb4.20.4&Prime; _module_preset=\u00a0\u00bbdefault\u00a0\u00bb theme_builder_area=\u00a0\u00bbpost_content\u00a0\u00bb][et_pb_column _builder_version=\u00a0\u00bb4.20.4&Prime; _module_preset=\u00a0\u00bbdefault\u00a0\u00bb type=\u00a0\u00bb4_4&Prime; theme_builder_area=\u00a0\u00bbpost_content\u00a0\u00bb][et_pb_text _builder_version=\u00a0\u00bb4.20.4&Prime; _module_preset=\u00a0\u00bbdefault\u00a0\u00bb theme_builder_area=\u00a0\u00bbpost_content\u00a0\u00bb hover_enabled=\u00a0\u00bb0&Prime; sticky_enabled=\u00a0\u00bb0&Prime;]<h1>Women in Tech<\/h1>[\/et_pb_text][\/et_pb_column][\/et_pb_row][et_pb_row _builder_version=\u00a0\u00bb4.20.4&Prime; _module_preset=\u00a0\u00bbdefault\u00a0\u00bb theme_builder_area=\u00a0\u00bbpost_content\u00a0\u00bb column_structure=\u00a0\u00bb1_2,1_2&Prime;][et_pb_column _builder_version=\u00a0\u00bb4.20.4&Prime; _module_preset=\u00a0\u00bbdefault\u00a0\u00bb type=\u00a0\u00bb1_2&Prime; theme_builder_area=\u00a0\u00bbpost_content\u00a0\u00bb][et_pb_image src=\u00a0\u00bbhttps:\/\/www.ecam.be\/wp-content\/uploads\/2025\/02\/1683820914118.gif\u00a0\u00bb _builder_version=\u00a0\u00bb4.20.4&Prime; _module_preset=\u00a0\u00bbdefault\u00a0\u00bb theme_builder_area=\u00a0\u00bbpost_content\u00a0\u00bb title_text=\u00a0\u00bb1683820914118&Prime; hover_enabled=\u00a0\u00bb0&Prime; sticky_enabled=\u00a0\u00bb0&Prime; width=\u00a0\u00bb100%\u00a0\u00bb max_width=\u00a0\u00bb100%\u00a0\u00bb][\/et_pb_image][\/et_pb_column][et_pb_column _builder_version=\u00a0\u00bb4.20.4&Prime; _module_preset=\u00a0\u00bbdefault\u00a0\u00bb type=\u00a0\u00bb1_2&Prime; theme_builder_area=\u00a0\u00bbpost_content\u00a0\u00bb][et_pb_text _builder_version=\u00a0\u00bb4.20.4&Prime; _module_preset=\u00a0\u00bbdefault\u00a0\u00bb theme_builder_area=\u00a0\u00bbpost_content\u00a0\u00bb hover_enabled=\u00a0\u00bb0&Prime; sticky_enabled=\u00a0\u00bb0&Prime;]<p><span>Nous sommes ravi.e.s de partager avec vous l&rsquo;\u00e9v\u00e9nement \u00ab\u00a0Women in Tech\u00a0\u00bb que nous avons organis\u00e9 la semaine derni\u00e8re en collaboration avec<\/span><span class=\"white-space-pre\"> <\/span><a class=\"UvvzGCORTwtbXWDpsOqapuqGyJJZpggSeQkyodsE \" target=\"_self\" href=\"https:\/\/www.linkedin.com\/in\/ACoAABCQS_QB_WHfW0UW7beb1ZmE3ct3NRIFCMg\" data-test-app-aware-link=\"\" rel=\"noopener\"><span><\/span><\/a><a href=\"https:\/\/www.linkedin.com\/in\/clemenceflemal\/\" id=\"ember37\" class=\"ember-view\">Cl\u00e9mence Fl\u00e9mal<\/a><span class=\"white-space-pre\"> <\/span><span>et<\/span><span class=\"white-space-pre\"> <\/span><a class=\"UvvzGCORTwtbXWDpsOqapuqGyJJZpggSeQkyodsE \" target=\"_self\" href=\"https:\/\/www.linkedin.com\/in\/ACoAAA-qHC0BAhxRx93mJ5YGz5Cb6bbO7NjQJtE\" data-test-app-aware-link=\"\" rel=\"noopener\"><span><\/span><\/a><a href=\"https:\/\/www.linkedin.com\/in\/g%C3%A9raldine-springuel-17901b74\/\" id=\"ember38\" class=\"ember-view\">G\u00e9raldine Springuel<\/a><span>. Nous avons eu le plaisir d&rsquo;accueillir<\/span><span class=\"white-space-pre\"> <\/span><a class=\"UvvzGCORTwtbXWDpsOqapuqGyJJZpggSeQkyodsE \" target=\"_self\" href=\"https:\/\/www.linkedin.com\/in\/ACoAAAJkagkBNuu4pQUtDFrx6jiHyU3-ga7suj0\" data-test-app-aware-link=\"\" rel=\"noopener\"><span><\/span><\/a><a href=\"https:\/\/www.linkedin.com\/in\/nathaliestephenne\/\" id=\"ember39\" class=\"ember-view\">Nathalie Stephenne<\/a><span>,<\/span><span class=\"white-space-pre\"> <\/span><a class=\"UvvzGCORTwtbXWDpsOqapuqGyJJZpggSeQkyodsE \" target=\"_self\" href=\"https:\/\/www.linkedin.com\/in\/ACoAAAQ0JBUBhSJ17SmVEjedQye9AN6BlPymfps\" data-test-app-aware-link=\"\" rel=\"noopener\"><span><\/span><\/a><a href=\"https:\/\/www.linkedin.com\/in\/julie-leroy-7857511b\/\" id=\"ember40\" class=\"ember-view\">Julie Leroy<\/a><span>,<\/span><span class=\"white-space-pre\"> <\/span><a class=\"UvvzGCORTwtbXWDpsOqapuqGyJJZpggSeQkyodsE \" target=\"_self\" href=\"https:\/\/www.linkedin.com\/in\/ACoAAAUNqQ8Bg850SExN8hfEPupn2ZTfV4drHRQ\" data-test-app-aware-link=\"\" rel=\"noopener\"><span><\/span><\/a><a href=\"https:\/\/www.linkedin.com\/in\/christelle-fraiteur\/\" id=\"ember41\" class=\"ember-view\">Christelle Fraiteur<\/a><span class=\"white-space-pre\"> <\/span><span>et<\/span><span class=\"white-space-pre\"> <\/span><a class=\"UvvzGCORTwtbXWDpsOqapuqGyJJZpggSeQkyodsE \" target=\"_self\" href=\"https:\/\/www.linkedin.com\/in\/ACoAAA0LycABywlEP1FNWTg45qQ_OSJoUqkEoY0\" data-test-app-aware-link=\"\" rel=\"noopener\"><span><\/span><\/a><a href=\"https:\/\/www.linkedin.com\/in\/laura-delvx\/\" id=\"ember42\" class=\"ember-view\">Laura Delvaux<\/a><span>, quatre femmes inspirantes qui ont partag\u00e9 leur exp\u00e9rience et leur expertise dans le domaine de la technologie.<\/span><span><br \/><\/span><span><br \/><\/span><span>Cet \u00e9v\u00e9nement \u00e9tait une opportunit\u00e9 unique de c\u00e9l\u00e9brer les femmes dans la technologie et de mettre en avant leur contribution \u00e0 ce secteur en pleine croissance. Nous avons pu entendre des t\u00e9moignages inspirants, des histoires de r\u00e9ussites, mais aussi des d\u00e9fis rencontr\u00e9s par ces femmes au cours de leur parcours professionnel.<\/span><span><br \/><\/span><span><br \/><\/span><span>Nous tenons \u00e0 remercier<\/span><span class=\"white-space-pre\"> <\/span><a class=\"UvvzGCORTwtbXWDpsOqapuqGyJJZpggSeQkyodsE \" target=\"_self\" href=\"https:\/\/www.linkedin.com\/in\/ACoAAAJkagkBNuu4pQUtDFrx6jiHyU3-ga7suj0\" data-test-app-aware-link=\"\" rel=\"noopener\"><span><\/span><\/a><a href=\"https:\/\/www.linkedin.com\/in\/nathaliestephenne\/\" id=\"ember43\" class=\"ember-view\">Nathalie Stephenne<\/a><span>,<\/span><span class=\"white-space-pre\"> <\/span><a class=\"UvvzGCORTwtbXWDpsOqapuqGyJJZpggSeQkyodsE \" target=\"_self\" href=\"https:\/\/www.linkedin.com\/in\/ACoAAAQ0JBUBhSJ17SmVEjedQye9AN6BlPymfps\" data-test-app-aware-link=\"\" rel=\"noopener\"><span><\/span><\/a><a href=\"https:\/\/www.linkedin.com\/in\/julie-leroy-7857511b\/\" id=\"ember44\" class=\"ember-view\">Julie Leroy<\/a><span>,<\/span><span class=\"white-space-pre\"> <\/span><a class=\"UvvzGCORTwtbXWDpsOqapuqGyJJZpggSeQkyodsE \" target=\"_self\" href=\"https:\/\/www.linkedin.com\/in\/ACoAAAUNqQ8Bg850SExN8hfEPupn2ZTfV4drHRQ\" data-test-app-aware-link=\"\" rel=\"noopener\"><span><\/span><\/a><a href=\"https:\/\/www.linkedin.com\/in\/christelle-fraiteur\/\" id=\"ember45\" class=\"ember-view\">Christelle Fraiteur<\/a><span class=\"white-space-pre\"> <\/span><span>et<\/span><span class=\"white-space-pre\"> <\/span><a class=\"UvvzGCORTwtbXWDpsOqapuqGyJJZpggSeQkyodsE \" target=\"_self\" href=\"https:\/\/www.linkedin.com\/in\/ACoAAA0LycABywlEP1FNWTg45qQ_OSJoUqkEoY0\" data-test-app-aware-link=\"\" rel=\"noopener\"><span><\/span><\/a><a href=\"https:\/\/www.linkedin.com\/in\/laura-delvx\/\" id=\"ember46\" class=\"ember-view\">Laura Delvaux<\/a><span class=\"white-space-pre\"> <\/span><span>pour leur participation et leur contribution \u00e0 cet \u00e9v\u00e9nement. Leur pr\u00e9sence a \u00e9t\u00e9 une source d&rsquo;inspiration pour nous tous et nous a rappel\u00e9 l&rsquo;importance de la diversit\u00e9 et de l&rsquo;inclusion dans le domaine de la technologie qui sont des valeurs cl\u00e9s pour l&rsquo;innovation et la croissance.<\/span><\/p>[\/et_pb_text][\/et_pb_column][\/et_pb_row][\/et_pb_section]\n","protected":false},"excerpt":{"rendered":"<p>Women in TechNous sommes ravi.e.s de partager avec vous l&rsquo;\u00e9v\u00e9nement \u00ab\u00a0Women in Tech\u00a0\u00bb que nous avons organis\u00e9 la semaine derni\u00e8re en collaboration avec Cl\u00e9mence Fl\u00e9mal et G\u00e9raldine Springuel. Nous avons eu le plaisir d&rsquo;accueillir Nathalie Stephenne, Julie Leroy, Christelle Fraiteur et Laura Delvaux, quatre femmes inspirantes qui ont partag\u00e9 leur exp\u00e9rience et leur expertise dans [&hellip;]<\/p>\n","protected":false},"author":7,"featured_media":0,"parent":0,"menu_order":0,"comment_status":"closed","ping_status":"closed","template":"","meta":{"_et_pb_use_builder":"on","_et_pb_old_content":"","_et_gb_content_width":"","_monsterinsights_skip_tracking":false,"_monsterinsights_sitenote_active":false,"_monsterinsights_sitenote_note":"","_monsterinsights_sitenote_category":0,"footnotes":""},"class_list":["post-10783","page","type-page","status-publish","hentry"],"yoast_head":"<!-- This site is optimized with the Yoast SEO plugin v27.6 - https:\/\/yoast.com\/product\/yoast-seo-wordpress\/ -->\n<title>Women in Tech<\/title>\n<meta name=\"robots\" content=\"index, follow, max-snippet:-1, max-image-preview:large, max-video-preview:-1\" \/>\n<link rel=\"canonical\" href=\"https:\/\/www.ecam.be\/en\/womenintech\/\" \/>\n<meta property=\"og:locale\" content=\"en_GB\" \/>\n<meta property=\"og:type\" content=\"article\" \/>\n<meta property=\"og:title\" content=\"Women in Tech\" \/>\n<meta property=\"og:description\" content=\"Women in TechNous sommes ravi.e.s de partager avec vous l&#039;\u00e9v\u00e9nement &quot;Women in Tech&quot; que nous avons organis\u00e9 la semaine derni\u00e8re en collaboration avec Cl\u00e9mence Fl\u00e9mal et G\u00e9raldine Springuel. Nous avons eu le plaisir d&#039;accueillir Nathalie Stephenne, Julie Leroy, Christelle Fraiteur et Laura Delvaux, quatre femmes inspirantes qui ont partag\u00e9 leur exp\u00e9rience et leur expertise dans [&hellip;]\" \/>\n<meta property=\"og:url\" content=\"https:\/\/www.ecam.be\/en\/womenintech\/\" \/>\n<meta property=\"og:site_name\" content=\"ECAM Bruxelles\" \/>\n<meta property=\"article:publisher\" content=\"https:\/\/www.facebook.com\/ecam.bruxelles\/\" \/>\n<meta property=\"article:modified_time\" content=\"2025-10-10T12:26:52+00:00\" \/>\n<meta property=\"og:image\" content=\"https:\/\/www.ecam.be\/wp-content\/uploads\/2023\/12\/logo_ECAM_entier_sansfond-2.png\" \/>\n\t<meta property=\"og:image:width\" content=\"1184\" \/>\n\t<meta property=\"og:image:height\" content=\"900\" \/>\n\t<meta property=\"og:image:type\" content=\"image\/png\" \/>\n<meta name=\"twitter:card\" content=\"summary_large_image\" \/>\n<meta name=\"twitter:label1\" content=\"Estimated reading time\" \/>\n\t<meta name=\"twitter:data1\" content=\"2 minutes\" \/>\n<script type=\"application\/ld+json\" class=\"yoast-schema-graph\">{\"@context\":\"https:\\\/\\\/schema.org\",\"@graph\":[{\"@type\":\"WebPage\",\"@id\":\"https:\\\/\\\/www.ecam.be\\\/womenintech\\\/\",\"url\":\"https:\\\/\\\/www.ecam.be\\\/womenintech\\\/\",\"name\":\"Women in Tech\",\"isPartOf\":{\"@id\":\"https:\\\/\\\/www.ecam.be\\\/#website\"},\"datePublished\":\"2025-02-27T09:23:50+00:00\",\"dateModified\":\"2025-10-10T12:26:52+00:00\",\"breadcrumb\":{\"@id\":\"https:\\\/\\\/www.ecam.be\\\/womenintech\\\/#breadcrumb\"},\"inLanguage\":\"en-GB\",\"potentialAction\":[{\"@type\":\"ReadAction\",\"target\":[\"https:\\\/\\\/www.ecam.be\\\/womenintech\\\/\"]}]},{\"@type\":\"BreadcrumbList\",\"@id\":\"https:\\\/\\\/www.ecam.be\\\/womenintech\\\/#breadcrumb\",\"itemListElement\":[{\"@type\":\"ListItem\",\"position\":1,\"name\":\"Accueil\",\"item\":\"https:\\\/\\\/www.ecam.be\\\/\"},{\"@type\":\"ListItem\",\"position\":2,\"name\":\"Women in Tech\"}]},{\"@type\":\"WebSite\",\"@id\":\"https:\\\/\\\/www.ecam.be\\\/#website\",\"url\":\"https:\\\/\\\/www.ecam.be\\\/\",\"name\":\"ECAM Bruxelles\",\"description\":\"Le site officiel de l&#039;ECAM\",\"publisher\":{\"@id\":\"https:\\\/\\\/www.ecam.be\\\/#organization\"},\"potentialAction\":[{\"@type\":\"SearchAction\",\"target\":{\"@type\":\"EntryPoint\",\"urlTemplate\":\"https:\\\/\\\/www.ecam.be\\\/?s={search_term_string}\"},\"query-input\":{\"@type\":\"PropertyValueSpecification\",\"valueRequired\":true,\"valueName\":\"search_term_string\"}}],\"inLanguage\":\"en-GB\"},{\"@type\":\"Organization\",\"@id\":\"https:\\\/\\\/www.ecam.be\\\/#organization\",\"name\":\"ECAM Bruxelles\",\"url\":\"https:\\\/\\\/www.ecam.be\\\/\",\"logo\":{\"@type\":\"ImageObject\",\"inLanguage\":\"en-GB\",\"@id\":\"https:\\\/\\\/www.ecam.be\\\/#\\\/schema\\\/logo\\\/image\\\/\",\"url\":\"https:\\\/\\\/www.ecam.be\\\/wp-content\\\/uploads\\\/2023\\\/12\\\/logo_ECAM_entier_sansfond-2.png\",\"contentUrl\":\"https:\\\/\\\/www.ecam.be\\\/wp-content\\\/uploads\\\/2023\\\/12\\\/logo_ECAM_entier_sansfond-2.png\",\"width\":1184,\"height\":900,\"caption\":\"ECAM Bruxelles\"},\"image\":{\"@id\":\"https:\\\/\\\/www.ecam.be\\\/#\\\/schema\\\/logo\\\/image\\\/\"},\"sameAs\":[\"https:\\\/\\\/www.facebook.com\\\/ecam.bruxelles\\\/\",\"https:\\\/\\\/www.instagram.com\\\/ecam.bruxelles\\\/?hl=fr\",\"https:\\\/\\\/www.linkedin.com\\\/school\\\/ecam-brussels-engineering-school\\\/\"]}]}<\/script>\n<!-- \/ Yoast SEO plugin. -->","yoast_head_json":{"title":"Women in Tech","robots":{"index":"index","follow":"follow","max-snippet":"max-snippet:-1","max-image-preview":"max-image-preview:large","max-video-preview":"max-video-preview:-1"},"canonical":"https:\/\/www.ecam.be\/en\/womenintech\/","og_locale":"en_GB","og_type":"article","og_title":"Women in Tech","og_description":"Women in TechNous sommes ravi.e.s de partager avec vous l'\u00e9v\u00e9nement \"Women in Tech\" que nous avons organis\u00e9 la semaine derni\u00e8re en collaboration avec Cl\u00e9mence Fl\u00e9mal et G\u00e9raldine Springuel. Nous avons eu le plaisir d'accueillir Nathalie Stephenne, Julie Leroy, Christelle Fraiteur et Laura Delvaux, quatre femmes inspirantes qui ont partag\u00e9 leur exp\u00e9rience et leur expertise dans [&hellip;]","og_url":"https:\/\/www.ecam.be\/en\/womenintech\/","og_site_name":"ECAM Bruxelles","article_publisher":"https:\/\/www.facebook.com\/ecam.bruxelles\/","article_modified_time":"2025-10-10T12:26:52+00:00","og_image":[{"width":1184,"height":900,"url":"https:\/\/www.ecam.be\/wp-content\/uploads\/2023\/12\/logo_ECAM_entier_sansfond-2.png","type":"image\/png"}],"twitter_card":"summary_large_image","twitter_misc":{"Estimated reading time":"2 minutes"},"schema":{"@context":"https:\/\/schema.org","@graph":[{"@type":"WebPage","@id":"https:\/\/www.ecam.be\/womenintech\/","url":"https:\/\/www.ecam.be\/womenintech\/","name":"Women in Tech","isPartOf":{"@id":"https:\/\/www.ecam.be\/#website"},"datePublished":"2025-02-27T09:23:50+00:00","dateModified":"2025-10-10T12:26:52+00:00","breadcrumb":{"@id":"https:\/\/www.ecam.be\/womenintech\/#breadcrumb"},"inLanguage":"en-GB","potentialAction":[{"@type":"ReadAction","target":["https:\/\/www.ecam.be\/womenintech\/"]}]},{"@type":"BreadcrumbList","@id":"https:\/\/www.ecam.be\/womenintech\/#breadcrumb","itemListElement":[{"@type":"ListItem","position":1,"name":"Accueil","item":"https:\/\/www.ecam.be\/"},{"@type":"ListItem","position":2,"name":"Women in Tech"}]},{"@type":"WebSite","@id":"https:\/\/www.ecam.be\/#website","url":"https:\/\/www.ecam.be\/","name":"ECAM Bruxelles","description":"Le site officiel de l&#039;ECAM","publisher":{"@id":"https:\/\/www.ecam.be\/#organization"},"potentialAction":[{"@type":"SearchAction","target":{"@type":"EntryPoint","urlTemplate":"https:\/\/www.ecam.be\/?s={search_term_string}"},"query-input":{"@type":"PropertyValueSpecification","valueRequired":true,"valueName":"search_term_string"}}],"inLanguage":"en-GB"},{"@type":"Organization","@id":"https:\/\/www.ecam.be\/#organization","name":"ECAM Bruxelles","url":"https:\/\/www.ecam.be\/","logo":{"@type":"ImageObject","inLanguage":"en-GB","@id":"https:\/\/www.ecam.be\/#\/schema\/logo\/image\/","url":"https:\/\/www.ecam.be\/wp-content\/uploads\/2023\/12\/logo_ECAM_entier_sansfond-2.png","contentUrl":"https:\/\/www.ecam.be\/wp-content\/uploads\/2023\/12\/logo_ECAM_entier_sansfond-2.png","width":1184,"height":900,"caption":"ECAM Bruxelles"},"image":{"@id":"https:\/\/www.ecam.be\/#\/schema\/logo\/image\/"},"sameAs":["https:\/\/www.facebook.com\/ecam.bruxelles\/","https:\/\/www.instagram.com\/ecam.bruxelles\/?hl=fr","https:\/\/www.linkedin.com\/school\/ecam-brussels-engineering-school\/"]}]}},"_links":{"self":[{"href":"https:\/\/www.ecam.be\/en\/wp-json\/wp\/v2\/pages\/10783","targetHints":{"allow":["GET"]}}],"collection":[{"href":"https:\/\/www.ecam.be\/en\/wp-json\/wp\/v2\/pages"}],"about":[{"href":"https:\/\/www.ecam.be\/en\/wp-json\/wp\/v2\/types\/page"}],"author":[{"embeddable":true,"href":"https:\/\/www.ecam.be\/en\/wp-json\/wp\/v2\/users\/7"}],"replies":[{"embeddable":true,"href":"https:\/\/www.ecam.be\/en\/wp-json\/wp\/v2\/comments?post=10783"}],"version-history":[{"count":3,"href":"https:\/\/www.ecam.be\/en\/wp-json\/wp\/v2\/pages\/10783\/revisions"}],"predecessor-version":[{"id":11547,"href":"https:\/\/www.ecam.be\/en\/wp-json\/wp\/v2\/pages\/10783\/revisions\/11547"}],"wp:attachment":[{"href":"https:\/\/www.ecam.be\/en\/wp-json\/wp\/v2\/media?parent=10783"}],"curies":[{"name":"wp","href":"https:\/\/api.w.org\/{rel}","templated":true}]}}