{"id":1128,"date":"2018-11-27T11:46:27","date_gmt":"2018-11-27T10:46:27","guid":{"rendered":"https:\/\/www.ecam.be\/?page_id=1128"},"modified":"2025-11-18T10:24:37","modified_gmt":"2025-11-18T09:24:37","slug":"encadrement-stages-tfe","status":"publish","type":"page","link":"https:\/\/www.ecam.be\/en\/encadrement-stages-tfe\/","title":{"rendered":"Encadrement des stages et TFE"},"content":{"rendered":"<p>[et_pb_section fb_built=\u00a0\u00bb1&Prime; _builder_version=\u00a0\u00bb4.16&Prime; global_colors_info=\u00a0\u00bb{}\u00a0\u00bb][et_pb_row column_structure=\u00a0\u00bb1_2,1_2&Prime; _builder_version=\u00a0\u00bb4.16&Prime; custom_padding=\u00a0\u00bb20px|0px|43px|0px|false|false\u00a0\u00bb global_colors_info=\u00a0\u00bb{}\u00a0\u00bb][et_pb_column type=\u00a0\u00bb1_2&Prime; _builder_version=\u00a0\u00bb4.16&Prime; custom_padding=\u00a0\u00bb|||\u00a0\u00bb global_colors_info=\u00a0\u00bb{}\u00a0\u00bb custom_padding__hover=\u00a0\u00bb|||\u00a0\u00bb][et_pb_text _builder_version=\u00a0\u00bb4.16&Prime; text_font=\u00a0\u00bbSaira Extra Condensed||||||||\u00a0\u00bb text_text_color=\u00a0\u00bb#1d2a85&Prime; text_font_size=\u00a0\u00bb40px\u00a0\u00bb header_font=\u00a0\u00bb||||||||\u00a0\u00bb global_colors_info=\u00a0\u00bb{}\u00a0\u00bb]<\/p>\n<p>Encadrement des stages<\/p>\n<p>[\/et_pb_text][\/et_pb_column][et_pb_column type=\u00a0\u00bb1_2&Prime; _builder_version=\u00a0\u00bb4.16&Prime; custom_padding=\u00a0\u00bb|||\u00a0\u00bb global_colors_info=\u00a0\u00bb{}\u00a0\u00bb custom_padding__hover=\u00a0\u00bb|||\u00a0\u00bb][et_pb_text _builder_version=\u00a0\u00bb4.16&Prime; text_font=\u00a0\u00bbSaira Extra Condensed||||||||\u00a0\u00bb text_text_color=\u00a0\u00bb#1d2a85&Prime; text_font_size=\u00a0\u00bb40px\u00a0\u00bb header_font=\u00a0\u00bb||||||||\u00a0\u00bb global_colors_info=\u00a0\u00bb{}\u00a0\u00bb]<\/p>\n<p>Encadrement des TFE<\/p>\n<p>[\/et_pb_text][\/et_pb_column][\/et_pb_row][et_pb_row column_structure=\u00a0\u00bb1_2,1_2&Prime; _builder_version=\u00a0\u00bb4.16&Prime; custom_padding=\u00a0\u00bb4px|0px|29px|0px|false|false\u00a0\u00bb global_colors_info=\u00a0\u00bb{}\u00a0\u00bb][et_pb_column type=\u00a0\u00bb1_2&Prime; _builder_version=\u00a0\u00bb4.16&Prime; custom_padding=\u00a0\u00bb|||\u00a0\u00bb global_colors_info=\u00a0\u00bb{}\u00a0\u00bb custom_padding__hover=\u00a0\u00bb|||\u00a0\u00bb][et_pb_text _builder_version=\u00a0\u00bb4.16&Prime; text_font=\u00a0\u00bbPoppins||||||||\u00a0\u00bb text_text_color=\u00a0\u00bb#7f918e\u00a0\u00bb global_colors_info=\u00a0\u00bb{}\u00a0\u00bb]<\/p>\n<p>L\u2019ECAM organise :<\/p>\n<ul>\n<li>des stages d\u2019immersion en 3\u00e8me ann\u00e9e Bachelier et<\/li>\n<li>des stages d\u2019insertion professionnelle en 2\u00e8me Master.<\/li>\n<\/ul>\n<p>L\u2019\u00e9tudiant est responsable du choix du stage bien qu\u2019il soit avalis\u00e9 par un Responsable d\u2019unit\u00e9.<\/p>\n<p>Il choisit \u00e9galement son superviseur, l\u2019enseignant qui le suivra tout au long des \u00e9tapes de son stage.<\/p>\n<p>L\u2019entreprise, elle, d\u00e9signe un Ma\u00eetre de stage qui prendra en charge l\u2019\u00e9tudiant dans le cadre de son stage.<\/p>\n<p>Le stage ne peut se d\u00e9rouler qu\u2019avec une parfaite communication entre les trois acteurs principaux :<\/p>\n<p>[\/et_pb_text][et_pb_image src=\u00a0\u00bbhttps:\/\/www.ecam.be\/wp-content\/uploads\/2018\/11\/Stage.jpg\u00a0\u00bb align_tablet=\u00a0\u00bbcenter\u00a0\u00bb align_phone=\u00a0\u00bbcenter\u00a0\u00bb align_last_edited=\u00a0\u00bbon|desktop\u00a0\u00bb _builder_version=\u00a0\u00bb4.16&Prime; global_colors_info=\u00a0\u00bb{}\u00a0\u00bb][\/et_pb_image][\/et_pb_column][et_pb_column type=\u00a0\u00bb1_2&Prime; _builder_version=\u00a0\u00bb4.16&Prime; custom_padding=\u00a0\u00bb|||\u00a0\u00bb global_colors_info=\u00a0\u00bb{}\u00a0\u00bb custom_padding__hover=\u00a0\u00bb|||\u00a0\u00bb][et_pb_text _builder_version=\u00a0\u00bb4.16&Prime; text_font=\u00a0\u00bbPoppins||||||||\u00a0\u00bb text_text_color=\u00a0\u00bb#7f918e\u00a0\u00bb global_colors_info=\u00a0\u00bb{}\u00a0\u00bb]<\/p>\n<p>Lors de l\u2019\u00e9laboration de son <strong>t<\/strong>ravail de <strong>f<\/strong>in d\u2019<strong>\u00e9<\/strong>tudes (<strong>TFE<\/strong>), l\u2019\u00e9tudiant sera accompagn\u00e9 par\u00a0:<\/p>\n<ul style=\"text-align: left;\">\n<li><strong>un promoteur<\/strong>, externe \u00e0 l\u2019Institut<\/li>\n<li><strong>un tuteur<\/strong>, interne \u00e0 l\u2019Institut<\/li>\n<\/ul>\n<div style=\"text-align: left;\">\n<div>L\u2019\u00e9tudiant dispose de <strong>4 jours par semaine de la fin f\u00e9vrier au d\u00e9but juin<\/strong> pour r\u00e9aliser son travail de fin d\u2019\u00e9tudes.<\/div>\n<div>L\u2019\u00e9tudiant est seul responsable du bon \u00e9tat d\u2019avancement de son travail.<\/div>\n<div>Il tient son tuteur et son promoteur au courant de ses travaux suivant un planning \u00e9tabli de commun accord. Il est demand\u00e9 \u00e0 l\u2019\u00e9tudiant d\u2019avoir un contact avec son promoteur et son tuteur au moins une fois par quinzaine.<\/div>\n<div>Deux pr\u00e9sentations d&rsquo;\u00e9tat d&rsquo;avancement du TFE sont organis\u00e9es officiellement. Elles se d\u00e9roulent en pr\u00e9sence au moins du tuteur et du promoteur.<\/div>\n<div>L\u2019\u00e9tudiant r\u00e9digera le manuscrit de son TFE au fur et \u00e0 mesure de son avancement. Ces diff\u00e9rentes parties de texte successives seront transmises r\u00e9guli\u00e8rement au tuteur et au promoteur afin que ces derniers puissent suivre l\u2019\u00e9volution de la r\u00e9daction du TFE et \u00e9mettre leurs remarques et conseils sur ces textes.<\/div>\n<div><\/div>\n<div><\/div>\n<div>\n<div><strong>Le TFE est un travail personnel et approfondi \u00e0 propos d\u2019un sujet bien d\u00e9termin\u00e9, en rapport avec une ou plusieurs disciplines enseign\u00e9es. Ce travail est souvent effectu\u00e9 au sein d\u2019une entreprise sur un sujet concret en lien direct avec l\u2019activit\u00e9 de l\u2019entreprise.<\/strong><\/div>\n<div><strong><\/strong><\/div>\n<div><\/div>\n<div>Le TFE permet alors \u00e0 l\u2019\u00e9tudiant de participer de mani\u00e8re active \u00e0 un projet industriel en collaboration avec l\u2019entreprise.\u00a0<\/div>\n<div>Le TFE est une premi\u00e8re exp\u00e9rience professionnelle qui peut \u00eatre valoris\u00e9e dans un CV. D\u2019ailleurs, \u00e0 l\u2019issue (ou m\u00eame avant\u00a0!) de la d\u00e9fense du TFE, beaucoup d\u2019\u00e9tudiants sont engag\u00e9s dans l\u2019entreprise concern\u00e9e par ce TFE.<\/div>\n<\/div>\n<\/div>\n<p>[\/et_pb_text][et_pb_text _builder_version=\u00a0\u00bb4.16&Prime; text_font=\u00a0\u00bbSaira Extra Condensed||||||||\u00a0\u00bb text_text_color=\u00a0\u00bb#1d2a85&Prime; text_font_size=\u00a0\u00bb25px\u00a0\u00bb global_colors_info=\u00a0\u00bb{}\u00a0\u00bb][\/et_pb_text][\/et_pb_column][\/et_pb_row][et_pb_row column_structure=\u00a0\u00bb1_2,1_2&Prime; _builder_version=\u00a0\u00bb4.16&Prime; custom_padding=\u00a0\u00bb20px|0px|40px|0px|false|false\u00a0\u00bb global_colors_info=\u00a0\u00bb{}\u00a0\u00bb][et_pb_column type=\u00a0\u00bb1_2&Prime; _builder_version=\u00a0\u00bb4.16&Prime; custom_padding=\u00a0\u00bb|||\u00a0\u00bb global_colors_info=\u00a0\u00bb{}\u00a0\u00bb custom_padding__hover=\u00a0\u00bb|||\u00a0\u00bb][et_pb_text _builder_version=\u00a0\u00bb4.16&Prime; text_font=\u00a0\u00bbSaira Extra Condensed||||||||\u00a0\u00bb text_text_color=\u00a0\u00bb#1d2a85&Prime; text_font_size=\u00a0\u00bb40px\u00a0\u00bb header_font=\u00a0\u00bb||||||||\u00a0\u00bb global_colors_info=\u00a0\u00bb{}\u00a0\u00bb]<\/p>\n<p>Descriptif des stages<\/p>\n<p>[\/et_pb_text][\/et_pb_column][et_pb_column type=\u00a0\u00bb1_2&Prime; _builder_version=\u00a0\u00bb4.16&Prime; custom_padding=\u00a0\u00bb|||\u00a0\u00bb global_colors_info=\u00a0\u00bb{}\u00a0\u00bb custom_padding__hover=\u00a0\u00bb|||\u00a0\u00bb][et_pb_text _builder_version=\u00a0\u00bb4.16&Prime; text_font=\u00a0\u00bbSaira Extra Condensed||||||||\u00a0\u00bb text_text_color=\u00a0\u00bb#1d2a85&Prime; text_font_size=\u00a0\u00bb40px\u00a0\u00bb header_font=\u00a0\u00bb||||||||\u00a0\u00bb global_colors_info=\u00a0\u00bb{}\u00a0\u00bb][\/et_pb_text][\/et_pb_column][\/et_pb_row][et_pb_row column_structure=\u00a0\u00bb1_2,1_2&Prime; _builder_version=\u00a0\u00bb4.16&Prime; custom_padding=\u00a0\u00bb4px|0px|0|0px|false|false\u00a0\u00bb global_colors_info=\u00a0\u00bb{}\u00a0\u00bb][et_pb_column type=\u00a0\u00bb1_2&Prime; _builder_version=\u00a0\u00bb4.16&Prime; custom_padding=\u00a0\u00bb|||\u00a0\u00bb global_colors_info=\u00a0\u00bb{}\u00a0\u00bb custom_padding__hover=\u00a0\u00bb|||\u00a0\u00bb][et_pb_text _builder_version=\u00a0\u00bb4.16&Prime; text_font=\u00a0\u00bbPoppins||||||||\u00a0\u00bb text_text_color=\u00a0\u00bb#7f918e\u00a0\u00bb global_colors_info=\u00a0\u00bb{}\u00a0\u00bb]<\/p>\n<p><span style=\"color: #1d2a85;\">1) Un stage d\u2019immersion en entreprise pour obtenir le dipl\u00f4me de \u00ab Bachelier en Sciences Industrielles \u00bb<\/span><\/p>\n<p>Le stage doit permettre \u00e0 l\u2019\u00e9tudiant :<\/p>\n<ul>\n<li>de d\u00e9couvrir les divers aspects de la vie de l\u2019entreprise : son organisation g\u00e9n\u00e9rale, son management, sa culture, son contexte social, sa gestion journali\u00e8re, son insertion \u00e9conomique, les aspects techniques, les produits,\u2026<\/li>\n<li>de se familiariser au travail quotidien de l\u2019ing\u00e9nieur en participant aux activit\u00e9s r\u00e9alis\u00e9es par un ou plusieurs ing\u00e9nieurs ;<\/li>\n<li>de s\u2019ins\u00e9rer dans l\u2019entreprise par la participation \u00e0 un ou plusieurs projets concrets men\u00e9s sous la supervision d\u2019un ing\u00e9nieur, id\u00e9alement au sein d\u2019une \u00e9quipe, avec un degr\u00e9 appropri\u00e9 d\u2019autonomie et d\u2019initiative.<\/li>\n<\/ul>\n<p>Le d\u00e9roulement du stage d\u2019immersion de 3\u00e8me bachelier couvre une p\u00e9riode de <strong>6 semaines \u00e0 raison de 5 jours par semaine.<\/strong><\/p>\n<p>Le stage doit \u00eatre mis \u00e0 profit par l\u2019\u00e9tudiant pour poursuivre sa r\u00e9flexion en vue de son choix de finalit\u00e9 au 2\u00e8me cycle (Master).<\/p>\n<p>&nbsp;<\/p>\n<p><span style=\"color: #1d2a85;\">2) Un stage d\u2019insertion professionnelle pour obtenir le dipl\u00f4me de \u00ab Master en Sciences de l\u2019Ing\u00e9nieur Industriel \u00bb<\/span><\/p>\n<p>Le stage doit permettre \u00e0 l\u2019\u00e9tudiant :<\/p>\n<ul>\n<li>de s\u2019ins\u00e9rer dans l\u2019entreprise en prenant connaissance de son organisation g\u00e9n\u00e9rale, son management, sa culture, son contexte social, sa gestion journali\u00e8re, son insertion \u00e9conomique, les aspects techniques, les produits,\u2026<\/li>\n<li>de g\u00e9rer un projet industriel par une participation personnelle active, id\u00e9alement au sein d\u2019une \u00e9quipe, avec un haut degr\u00e9 d\u2019autonomie et d\u2019initiative.<\/li>\n<\/ul>\n<p>Le d\u00e9roulement du stage d\u2019insertion de 2\u00e8me master couvre une p\u00e9riode de <strong>6 semaines, \u00e0 raison de<\/strong> :<\/p>\n<ul>\n<li>\u00a05 jours par semaine pour les d\u00e9partements Electrom\u00e9canique et Electricit\u00e9, et<\/li>\n<li>4 jours par semaine pour le d\u00e9partement Construction.<\/li>\n<\/ul>\n<p>[\/et_pb_text][\/et_pb_column][et_pb_column type=\u00a0\u00bb1_2&Prime; _builder_version=\u00a0\u00bb4.16&Prime; custom_padding=\u00a0\u00bb|||\u00a0\u00bb global_colors_info=\u00a0\u00bb{}\u00a0\u00bb custom_padding__hover=\u00a0\u00bb|||\u00a0\u00bb][et_pb_text _builder_version=\u00a0\u00bb4.16&Prime; text_font=\u00a0\u00bbPoppins||||||||\u00a0\u00bb text_text_color=\u00a0\u00bb#7f918e\u00a0\u00bb global_colors_info=\u00a0\u00bb{}\u00a0\u00bb]<\/p>\n<div style=\"text-align: left;\">\n<div><\/div>\n<div><\/div>\n<\/div>\n<p>&nbsp;<\/p>\n<p>[\/et_pb_text][et_pb_text _builder_version=\u00a0\u00bb4.16&Prime; text_font=\u00a0\u00bbSaira Extra Condensed||||||||\u00a0\u00bb text_text_color=\u00a0\u00bb#1d2a85&Prime; text_font_size=\u00a0\u00bb25px\u00a0\u00bb global_colors_info=\u00a0\u00bb{}\u00a0\u00bb][\/et_pb_text][et_pb_text _builder_version=\u00a0\u00bb4.16&Prime; text_font=\u00a0\u00bbPoppins||||||||\u00a0\u00bb text_text_color=\u00a0\u00bb#7f918e\u00a0\u00bb global_colors_info=\u00a0\u00bb{}\u00a0\u00bb][\/et_pb_text][\/et_pb_column][\/et_pb_row][et_pb_row _builder_version=\u00a0\u00bb4.16&Prime; custom_padding=\u00a0\u00bb13.4833px|0px|20px|0px|false|false\u00a0\u00bb global_colors_info=\u00a0\u00bb{}\u00a0\u00bb][et_pb_column type=\u00a0\u00bb4_4&Prime; _builder_version=\u00a0\u00bb4.16&Prime; custom_padding=\u00a0\u00bb|||\u00a0\u00bb global_colors_info=\u00a0\u00bb{}\u00a0\u00bb custom_padding__hover=\u00a0\u00bb|||\u00a0\u00bb][et_pb_text _builder_version=\u00a0\u00bb4.16&Prime; text_font=\u00a0\u00bbSaira Extra Condensed||||||||\u00a0\u00bb text_text_color=\u00a0\u00bb#1d2a85&Prime; text_font_size=\u00a0\u00bb25px\u00a0\u00bb global_colors_info=\u00a0\u00bb{}\u00a0\u00bb]<\/p>\n<p class=\"davinci-standardElement-H3\">Personne de contact :<\/p>\n<p>[\/et_pb_text][\/et_pb_column][\/et_pb_row][et_pb_row _builder_version=\u00a0\u00bb4.16&Prime; custom_padding=\u00a0\u00bb3px|0px|2px|0px|false|false\u00a0\u00bb global_colors_info=\u00a0\u00bb{}\u00a0\u00bb][et_pb_column type=\u00a0\u00bb4_4&Prime; _builder_version=\u00a0\u00bb4.16&Prime; custom_padding=\u00a0\u00bb|||\u00a0\u00bb global_colors_info=\u00a0\u00bb{}\u00a0\u00bb custom_padding__hover=\u00a0\u00bb|||\u00a0\u00bb][et_pb_text _builder_version=\u00a0\u00bb4.27.4&Prime; text_font=\u00a0\u00bbPoppins||||||||\u00a0\u00bb text_text_color=\u00a0\u00bb#7f918e\u00a0\u00bb hover_enabled=\u00a0\u00bb0&Prime; global_colors_info=\u00a0\u00bb{}\u00a0\u00bb sticky_enabled=\u00a0\u00bb0&Prime;]<\/p>\n<p><span>Jean-Philippe LAHAYE &#8211; <\/span>Directeur administratif et organisation acad\u00e9mique<\/p>\n<p><span id=\"DeltaPlaceHolderMain\"><\/span>E-mail : <a href=\"mailto:stages@ecam.be\"><span style=\"text-decoration: underline;\"><span style=\"color: #0000ff; text-decoration: underline;\">stages@ecam.be<\/span><\/span><\/a><\/p>\n<p>[\/et_pb_text][\/et_pb_column][\/et_pb_row][\/et_pb_section]<\/p>\n","protected":false},"excerpt":{"rendered":"<p>Encadrement des stagesEncadrement des TFEL\u2019ECAM organise : des stages d\u2019immersion en 3\u00e8me ann\u00e9e Bachelier et des stages d\u2019insertion professionnelle en 2\u00e8me Master. L\u2019\u00e9tudiant est responsable du choix du stage bien qu\u2019il soit avalis\u00e9 par un Responsable d\u2019unit\u00e9. Il choisit \u00e9galement son superviseur, l\u2019enseignant qui le suivra tout au long des \u00e9tapes de son stage. L\u2019entreprise, [&hellip;]<\/p>\n","protected":false},"author":2,"featured_media":0,"parent":0,"menu_order":0,"comment_status":"closed","ping_status":"closed","template":"","meta":{"_et_pb_use_builder":"on","_et_pb_old_content":"","_et_gb_content_width":"","_monsterinsights_skip_tracking":false,"_monsterinsights_sitenote_active":false,"_monsterinsights_sitenote_note":"","_monsterinsights_sitenote_category":0,"footnotes":""},"class_list":["post-1128","page","type-page","status-publish","hentry"],"yoast_head":"<!-- This site is optimized with the Yoast SEO plugin v27.4 - https:\/\/yoast.com\/product\/yoast-seo-wordpress\/ -->\n<title>Encadrement des stages et TFE<\/title>\n<meta name=\"robots\" content=\"index, follow, max-snippet:-1, max-image-preview:large, max-video-preview:-1\" \/>\n<link rel=\"canonical\" href=\"https:\/\/www.ecam.be\/en\/encadrement-stages-tfe\/\" \/>\n<meta property=\"og:locale\" content=\"en_GB\" \/>\n<meta property=\"og:type\" content=\"article\" \/>\n<meta property=\"og:title\" content=\"Encadrement des stages et TFE\" \/>\n<meta property=\"og:description\" content=\"Encadrement des stagesEncadrement des TFEL\u2019ECAM organise : des stages d\u2019immersion en 3\u00e8me ann\u00e9e Bachelier et des stages d\u2019insertion professionnelle en 2\u00e8me Master. L\u2019\u00e9tudiant est responsable du choix du stage bien qu\u2019il soit avalis\u00e9 par un Responsable d\u2019unit\u00e9. Il choisit \u00e9galement son superviseur, l\u2019enseignant qui le suivra tout au long des \u00e9tapes de son stage. L\u2019entreprise, [&hellip;]\" \/>\n<meta property=\"og:url\" content=\"https:\/\/www.ecam.be\/en\/encadrement-stages-tfe\/\" \/>\n<meta property=\"og:site_name\" content=\"ECAM Bruxelles\" \/>\n<meta property=\"article:publisher\" content=\"https:\/\/www.facebook.com\/ecam.bruxelles\/\" \/>\n<meta property=\"article:modified_time\" content=\"2025-11-18T09:24:37+00:00\" \/>\n<meta property=\"og:image\" content=\"https:\/\/www.ecam.be\/wp-content\/uploads\/2023\/12\/logo_ECAM_entier_sansfond-2.png\" \/>\n\t<meta property=\"og:image:width\" content=\"1184\" \/>\n\t<meta property=\"og:image:height\" content=\"900\" \/>\n\t<meta property=\"og:image:type\" content=\"image\/png\" \/>\n<meta name=\"twitter:card\" content=\"summary_large_image\" \/>\n<meta name=\"twitter:label1\" content=\"Estimated reading time\" \/>\n\t<meta name=\"twitter:data1\" content=\"7 minutes\" \/>\n<script type=\"application\/ld+json\" class=\"yoast-schema-graph\">{\"@context\":\"https:\\\/\\\/schema.org\",\"@graph\":[{\"@type\":\"WebPage\",\"@id\":\"https:\\\/\\\/www.ecam.be\\\/encadrement-stages-tfe\\\/\",\"url\":\"https:\\\/\\\/www.ecam.be\\\/encadrement-stages-tfe\\\/\",\"name\":\"Encadrement des stages et TFE\",\"isPartOf\":{\"@id\":\"https:\\\/\\\/www.ecam.be\\\/#website\"},\"datePublished\":\"2018-11-27T10:46:27+00:00\",\"dateModified\":\"2025-11-18T09:24:37+00:00\",\"breadcrumb\":{\"@id\":\"https:\\\/\\\/www.ecam.be\\\/encadrement-stages-tfe\\\/#breadcrumb\"},\"inLanguage\":\"en-GB\",\"potentialAction\":[{\"@type\":\"ReadAction\",\"target\":[\"https:\\\/\\\/www.ecam.be\\\/encadrement-stages-tfe\\\/\"]}]},{\"@type\":\"BreadcrumbList\",\"@id\":\"https:\\\/\\\/www.ecam.be\\\/encadrement-stages-tfe\\\/#breadcrumb\",\"itemListElement\":[{\"@type\":\"ListItem\",\"position\":1,\"name\":\"Accueil\",\"item\":\"https:\\\/\\\/www.ecam.be\\\/\"},{\"@type\":\"ListItem\",\"position\":2,\"name\":\"Encadrement des stages et TFE\"}]},{\"@type\":\"WebSite\",\"@id\":\"https:\\\/\\\/www.ecam.be\\\/#website\",\"url\":\"https:\\\/\\\/www.ecam.be\\\/\",\"name\":\"ECAM Bruxelles\",\"description\":\"Le site officiel de l&#039;ECAM\",\"publisher\":{\"@id\":\"https:\\\/\\\/www.ecam.be\\\/#organization\"},\"potentialAction\":[{\"@type\":\"SearchAction\",\"target\":{\"@type\":\"EntryPoint\",\"urlTemplate\":\"https:\\\/\\\/www.ecam.be\\\/?s={search_term_string}\"},\"query-input\":{\"@type\":\"PropertyValueSpecification\",\"valueRequired\":true,\"valueName\":\"search_term_string\"}}],\"inLanguage\":\"en-GB\"},{\"@type\":\"Organization\",\"@id\":\"https:\\\/\\\/www.ecam.be\\\/#organization\",\"name\":\"ECAM Bruxelles\",\"url\":\"https:\\\/\\\/www.ecam.be\\\/\",\"logo\":{\"@type\":\"ImageObject\",\"inLanguage\":\"en-GB\",\"@id\":\"https:\\\/\\\/www.ecam.be\\\/#\\\/schema\\\/logo\\\/image\\\/\",\"url\":\"https:\\\/\\\/www.ecam.be\\\/wp-content\\\/uploads\\\/2023\\\/12\\\/logo_ECAM_entier_sansfond-2.png\",\"contentUrl\":\"https:\\\/\\\/www.ecam.be\\\/wp-content\\\/uploads\\\/2023\\\/12\\\/logo_ECAM_entier_sansfond-2.png\",\"width\":1184,\"height\":900,\"caption\":\"ECAM Bruxelles\"},\"image\":{\"@id\":\"https:\\\/\\\/www.ecam.be\\\/#\\\/schema\\\/logo\\\/image\\\/\"},\"sameAs\":[\"https:\\\/\\\/www.facebook.com\\\/ecam.bruxelles\\\/\",\"https:\\\/\\\/www.instagram.com\\\/ecam.bruxelles\\\/?hl=fr\",\"https:\\\/\\\/www.linkedin.com\\\/school\\\/ecam-brussels-engineering-school\\\/\"]}]}<\/script>\n<!-- \/ Yoast SEO plugin. -->","yoast_head_json":{"title":"Encadrement des stages et TFE","robots":{"index":"index","follow":"follow","max-snippet":"max-snippet:-1","max-image-preview":"max-image-preview:large","max-video-preview":"max-video-preview:-1"},"canonical":"https:\/\/www.ecam.be\/en\/encadrement-stages-tfe\/","og_locale":"en_GB","og_type":"article","og_title":"Encadrement des stages et TFE","og_description":"Encadrement des stagesEncadrement des TFEL\u2019ECAM organise : des stages d\u2019immersion en 3\u00e8me ann\u00e9e Bachelier et des stages d\u2019insertion professionnelle en 2\u00e8me Master. L\u2019\u00e9tudiant est responsable du choix du stage bien qu\u2019il soit avalis\u00e9 par un Responsable d\u2019unit\u00e9. Il choisit \u00e9galement son superviseur, l\u2019enseignant qui le suivra tout au long des \u00e9tapes de son stage. L\u2019entreprise, [&hellip;]","og_url":"https:\/\/www.ecam.be\/en\/encadrement-stages-tfe\/","og_site_name":"ECAM Bruxelles","article_publisher":"https:\/\/www.facebook.com\/ecam.bruxelles\/","article_modified_time":"2025-11-18T09:24:37+00:00","og_image":[{"width":1184,"height":900,"url":"https:\/\/www.ecam.be\/wp-content\/uploads\/2023\/12\/logo_ECAM_entier_sansfond-2.png","type":"image\/png"}],"twitter_card":"summary_large_image","twitter_misc":{"Estimated reading time":"7 minutes"},"schema":{"@context":"https:\/\/schema.org","@graph":[{"@type":"WebPage","@id":"https:\/\/www.ecam.be\/encadrement-stages-tfe\/","url":"https:\/\/www.ecam.be\/encadrement-stages-tfe\/","name":"Encadrement des stages et TFE","isPartOf":{"@id":"https:\/\/www.ecam.be\/#website"},"datePublished":"2018-11-27T10:46:27+00:00","dateModified":"2025-11-18T09:24:37+00:00","breadcrumb":{"@id":"https:\/\/www.ecam.be\/encadrement-stages-tfe\/#breadcrumb"},"inLanguage":"en-GB","potentialAction":[{"@type":"ReadAction","target":["https:\/\/www.ecam.be\/encadrement-stages-tfe\/"]}]},{"@type":"BreadcrumbList","@id":"https:\/\/www.ecam.be\/encadrement-stages-tfe\/#breadcrumb","itemListElement":[{"@type":"ListItem","position":1,"name":"Accueil","item":"https:\/\/www.ecam.be\/"},{"@type":"ListItem","position":2,"name":"Encadrement des stages et TFE"}]},{"@type":"WebSite","@id":"https:\/\/www.ecam.be\/#website","url":"https:\/\/www.ecam.be\/","name":"ECAM Bruxelles","description":"Le site officiel de l&#039;ECAM","publisher":{"@id":"https:\/\/www.ecam.be\/#organization"},"potentialAction":[{"@type":"SearchAction","target":{"@type":"EntryPoint","urlTemplate":"https:\/\/www.ecam.be\/?s={search_term_string}"},"query-input":{"@type":"PropertyValueSpecification","valueRequired":true,"valueName":"search_term_string"}}],"inLanguage":"en-GB"},{"@type":"Organization","@id":"https:\/\/www.ecam.be\/#organization","name":"ECAM Bruxelles","url":"https:\/\/www.ecam.be\/","logo":{"@type":"ImageObject","inLanguage":"en-GB","@id":"https:\/\/www.ecam.be\/#\/schema\/logo\/image\/","url":"https:\/\/www.ecam.be\/wp-content\/uploads\/2023\/12\/logo_ECAM_entier_sansfond-2.png","contentUrl":"https:\/\/www.ecam.be\/wp-content\/uploads\/2023\/12\/logo_ECAM_entier_sansfond-2.png","width":1184,"height":900,"caption":"ECAM Bruxelles"},"image":{"@id":"https:\/\/www.ecam.be\/#\/schema\/logo\/image\/"},"sameAs":["https:\/\/www.facebook.com\/ecam.bruxelles\/","https:\/\/www.instagram.com\/ecam.bruxelles\/?hl=fr","https:\/\/www.linkedin.com\/school\/ecam-brussels-engineering-school\/"]}]}},"_links":{"self":[{"href":"https:\/\/www.ecam.be\/en\/wp-json\/wp\/v2\/pages\/1128","targetHints":{"allow":["GET"]}}],"collection":[{"href":"https:\/\/www.ecam.be\/en\/wp-json\/wp\/v2\/pages"}],"about":[{"href":"https:\/\/www.ecam.be\/en\/wp-json\/wp\/v2\/types\/page"}],"author":[{"embeddable":true,"href":"https:\/\/www.ecam.be\/en\/wp-json\/wp\/v2\/users\/2"}],"replies":[{"embeddable":true,"href":"https:\/\/www.ecam.be\/en\/wp-json\/wp\/v2\/comments?post=1128"}],"version-history":[{"count":3,"href":"https:\/\/www.ecam.be\/en\/wp-json\/wp\/v2\/pages\/1128\/revisions"}],"predecessor-version":[{"id":11650,"href":"https:\/\/www.ecam.be\/en\/wp-json\/wp\/v2\/pages\/1128\/revisions\/11650"}],"wp:attachment":[{"href":"https:\/\/www.ecam.be\/en\/wp-json\/wp\/v2\/media?parent=1128"}],"curies":[{"name":"wp","href":"https:\/\/api.w.org\/{rel}","templated":true}]}}