{"id":1364,"date":"2018-11-30T11:24:21","date_gmt":"2018-11-30T10:24:21","guid":{"rendered":"https:\/\/www.ecam.be\/?page_id=1364"},"modified":"2025-10-10T14:38:53","modified_gmt":"2025-10-10T12:38:53","slug":"organisation-etudes","status":"publish","type":"page","link":"https:\/\/www.ecam.be\/en\/organisation-etudes\/","title":{"rendered":"Organisation of studies"},"content":{"rendered":"<p>[et_pb_section fb_built=\u00a0\u00bb1&Prime; _builder_version=\u00a0\u00bb4.16&Prime; custom_padding=\u00a0\u00bb26.9667px|0px|0|0px|false|false\u00a0\u00bb global_colors_info=\u00a0\u00bb{}\u00a0\u00bb][et_pb_row _builder_version=\u00a0\u00bb4.16&Prime; custom_padding=\u00a0\u00bb20px|0px|40px|0px|false|false\u00a0\u00bb global_colors_info=\u00a0\u00bb{}\u00a0\u00bb][et_pb_column type=\u00a0\u00bb4_4&Prime; _builder_version=\u00a0\u00bb4.16&Prime; custom_padding=\u00a0\u00bb|||\u00a0\u00bb global_colors_info=\u00a0\u00bb{}\u00a0\u00bb custom_padding__hover=\u00a0\u00bb|||\u00a0\u00bb][et_pb_text _builder_version=\u00a0\u00bb4.16&Prime; text_font=\u00a0\u00bbSaira Extra Condensed||||||||\u00a0\u00bb text_text_color=\u00a0\u00bb#1d2a85&Prime; text_font_size=\u00a0\u00bb40px\u00a0\u00bb header_font=\u00a0\u00bb||||||||\u00a0\u00bb global_colors_info=\u00a0\u00bb{}\u00a0\u00bb]<\/p>\n<p>Organisation des \u00e9tudes<\/p>\n<p>[\/et_pb_text][\/et_pb_column][\/et_pb_row][et_pb_row _builder_version=\u00a0\u00bb4.16&Prime; custom_padding=\u00a0\u00bb4px|0px|0|0px|false|false\u00a0\u00bb global_colors_info=\u00a0\u00bb{}\u00a0\u00bb][et_pb_column type=\u00a0\u00bb4_4&Prime; _builder_version=\u00a0\u00bb4.16&Prime; custom_padding=\u00a0\u00bb|||\u00a0\u00bb global_colors_info=\u00a0\u00bb{}\u00a0\u00bb custom_padding__hover=\u00a0\u00bb|||\u00a0\u00bb][et_pb_text _builder_version=\u00a0\u00bb4.18.0&Prime; text_font=\u00a0\u00bbPoppins||||||||\u00a0\u00bb text_text_color=\u00a0\u00bb#7f918e\u00a0\u00bb custom_padding=\u00a0\u00bb0px|||||\u00a0\u00bb global_colors_info=\u00a0\u00bb{}\u00a0\u00bb]<\/p>\n<p>R\u00e8glement des \u00e9tudes 2022\/23 \u00e0 t\u00e9l\u00e9charger <a href=\"https:\/\/www.ecam.be\/wp-content\/uploads\/2022\/09\/Rglmt-e\u0301tudes-HE-ICHEC-ECAM-ISFSC-22-23-VF.pdf\">en fran\u00e7ais<\/a> et <a href=\"https:\/\/www.ecam.be\/wp-content\/uploads\/2021\/10\/Reglement-ICHEC-ECAM-ISFSC-english-21-22.pdf\">en anglais<\/a>.<br \/>Projet p\u00e9dagogique, social et culturel \u00e0 t\u00e9l\u00e9charger<a href=\"https:\/\/www.ecam.be\/wp-content\/uploads\/2021\/02\/A.4.a.2-Projet-pedagogique-social-et-culturel.pdf\" title=\"PPSC\">\u00a0ici<\/a><a href=\"https:\/\/www.ecam.be\/wp-content\/uploads\/2018\/11\/PPSC_HE.pdf\" target=\"_blank\" rel=\"noopener noreferrer\"><\/a>.<\/p>\n<p>&nbsp;<\/p>\n<p>[\/et_pb_text][\/et_pb_column][\/et_pb_row][et_pb_row _builder_version=\u00a0\u00bb4.16&Prime; custom_padding=\u00a0\u00bb13.4833px|0px|30px|0px|false|false\u00a0\u00bb global_colors_info=\u00a0\u00bb{}\u00a0\u00bb][et_pb_column type=\u00a0\u00bb4_4&Prime; _builder_version=\u00a0\u00bb4.16&Prime; custom_padding=\u00a0\u00bb|||\u00a0\u00bb global_colors_info=\u00a0\u00bb{}\u00a0\u00bb custom_padding__hover=\u00a0\u00bb|||\u00a0\u00bb][et_pb_text _builder_version=\u00a0\u00bb4.16&Prime; text_font=\u00a0\u00bbSaira Extra Condensed||||||||\u00a0\u00bb text_text_color=\u00a0\u00bb#1d2a85&Prime; text_font_size=\u00a0\u00bb25px\u00a0\u00bb global_colors_info=\u00a0\u00bb{}\u00a0\u00bb]<\/p>\n<p class=\"davinci-standardElement-H3\">Pratique et th\u00e9orie<\/p>\n<p>[\/et_pb_text][\/et_pb_column][\/et_pb_row][et_pb_row _builder_version=\u00a0\u00bb4.16&Prime; custom_padding=\u00a0\u00bb3px|0px|0|0px|false|false\u00a0\u00bb global_colors_info=\u00a0\u00bb{}\u00a0\u00bb][et_pb_column type=\u00a0\u00bb4_4&Prime; _builder_version=\u00a0\u00bb4.16&Prime; custom_padding=\u00a0\u00bb|||\u00a0\u00bb global_colors_info=\u00a0\u00bb{}\u00a0\u00bb custom_padding__hover=\u00a0\u00bb|||\u00a0\u00bb][et_pb_text _builder_version=\u00a0\u00bb4.16&Prime; text_font=\u00a0\u00bbPoppins||||||||\u00a0\u00bb text_text_color=\u00a0\u00bb#7f918e\u00a0\u00bb global_colors_info=\u00a0\u00bb{}\u00a0\u00bb]<\/p>\n<p class=\"davinci-standardElement-p\">L&rsquo;enseignement sup\u00e9rieur en Haute Ecole associe \u00e9troitement la pratique et la th\u00e9orie, \u00e0 l&rsquo;ECAM cela se fait sur base de\u00a0la r\u00e9partition\u00a0suivante :<\/p>\n<ul>\n<li><span style=\"text-align: justify;\">Cours : ~ 60 % \u00a0 \u00a0\u00a0<\/span><\/li>\n<li><span style=\"text-align: justify;\">Exercices : ~20 % \u00a0 \u00a0 \u00a0 \u00a0 \u00a0<\/span><\/li>\n<li><span style=\"text-align: justify;\"><span style=\"text-align: justify;\">Travaux pratiques : ~20 % .<\/span><\/span><\/li>\n<\/ul>\n<p>Les travaux pratiques se font en labora\u200btoires\u00a0encadr\u00e9s par des enseignants. <span style=\"text-align: justify;\"><span style=\"text-align: justify;\"><\/span><\/span><\/p>\n<p>&nbsp;<\/p>\n<p>[\/et_pb_text][\/et_pb_column][\/et_pb_row][et_pb_row _builder_version=\u00a0\u00bb4.16&Prime; custom_padding=\u00a0\u00bb3px|0px|29px|0px|false|false\u00a0\u00bb global_colors_info=\u00a0\u00bb{}\u00a0\u00bb][et_pb_column type=\u00a0\u00bb4_4&Prime; _builder_version=\u00a0\u00bb4.16&Prime; custom_padding=\u00a0\u00bb|||\u00a0\u00bb global_colors_info=\u00a0\u00bb{}\u00a0\u00bb custom_padding__hover=\u00a0\u00bb|||\u00a0\u00bb][et_pb_text _builder_version=\u00a0\u00bb4.16&Prime; text_font=\u00a0\u00bbSaira Extra Condensed||||||||\u00a0\u00bb text_text_color=\u00a0\u00bb#1d2a85&Prime; text_font_size=\u00a0\u00bb25px\u00a0\u00bb global_colors_info=\u00a0\u00bb{}\u00a0\u00bb]Organisation de l&rsquo;ann\u00e9e acad\u00e9mique et des sessions d&rsquo;examens[\/et_pb_text][\/et_pb_column][\/et_pb_row][et_pb_row _builder_version=\u00a0\u00bb4.16&Prime; custom_padding=\u00a0\u00bb3px|0px|0|0px|false|false\u00a0\u00bb global_colors_info=\u00a0\u00bb{}\u00a0\u00bb][et_pb_column type=\u00a0\u00bb4_4&Prime; _builder_version=\u00a0\u00bb4.16&Prime; custom_padding=\u00a0\u00bb|||\u00a0\u00bb global_colors_info=\u00a0\u00bb{}\u00a0\u00bb custom_padding__hover=\u00a0\u00bb|||\u00a0\u00bb][et_pb_text _builder_version=\u00a0\u00bb4.16&Prime; text_font=\u00a0\u00bbPoppins||||||||\u00a0\u00bb text_text_color=\u00a0\u00bb#7f918e\u00a0\u00bb global_colors_info=\u00a0\u00bb{}\u00a0\u00bb]<\/p>\n<p>Les activit\u00e9s d&rsquo;enseignement d&rsquo;une ann\u00e9e acad\u00e9mique sont r\u00e9parties sur 2 semestres, avec en moyenne 26 heures par semaine.<\/p>\n<p>Les activit\u00e9s d&rsquo;enseignement du premier semestre commencent le 15 septembre et se terminent \u00e0 la No\u00ebl. Celles du second semestre d\u00e9butent vers la fin janvier , et se terminent vers la mi-mai.<\/p>\n<p>Les activit\u00e9s commencent au plus t\u00f4t \u00e0 8h30, et se terminent d&rsquo;ordinaire vers 16h30 (parfois vers 18h). Certaines demi-journ\u00e9es sont libres, et certains jours, les activit\u00e9s d\u00e9butent apr\u00e8s 8h30.<\/p>\n<p>L&rsquo;organisation des activit\u00e9s est r\u00e9alis\u00e9e dans le\u00a0<span style=\"text-decoration: underline;\">souci de l&rsquo;int\u00e9r\u00eat des \u00e9tudiants<\/span>.<\/p>\n<p>Quelques exemples : l&rsquo;\u00e9limination dans l&rsquo;horaire des \u00ab\u00a0fourches\u00a0\u00bb (temps morts importants) entre deux\u00a0activit\u00e9s d&rsquo;enseignement, ou encore, durant les sessions d&rsquo;examens, la r\u00e9partition homog\u00e8ne des \u00e9preuves sur toute la p\u00e9riode.<\/p>\n<p class=\"davinci-standardElement-p\">Les examens de premi\u00e8re session sont organis\u00e9s \u00e0 la fin de chaque quadrimestre (en janvier et en juin). Certains examens peuvent avoir lieu pendant les p\u00e9riodes de cours. La seconde session commence \u00e0 la fin du mois d&rsquo;ao\u00fbt.<\/p>\n<p>&nbsp;<\/p>\n<p>[\/et_pb_text][\/et_pb_column][\/et_pb_row][et_pb_row _builder_version=\u00a0\u00bb4.16&Prime; custom_padding=\u00a0\u00bb3px|0px|29px|0px|false|false\u00a0\u00bb global_colors_info=\u00a0\u00bb{}\u00a0\u00bb][et_pb_column type=\u00a0\u00bb4_4&Prime; _builder_version=\u00a0\u00bb4.16&Prime; custom_padding=\u00a0\u00bb|||\u00a0\u00bb global_colors_info=\u00a0\u00bb{}\u00a0\u00bb custom_padding__hover=\u00a0\u00bb|||\u00a0\u00bb][et_pb_text _builder_version=\u00a0\u00bb4.16&Prime; text_font=\u00a0\u00bbSaira Extra Condensed||||||||\u00a0\u00bb text_text_color=\u00a0\u00bb#1d2a85&Prime; text_font_size=\u00a0\u00bb25px\u00a0\u00bb global_colors_info=\u00a0\u00bb{}\u00a0\u00bb]<\/p>\n<p>Les cr\u00e9dits ECTS<\/p>\n<p>[\/et_pb_text][\/et_pb_column][\/et_pb_row][et_pb_row _builder_version=\u00a0\u00bb4.16&Prime; custom_padding=\u00a0\u00bb3px|0px|0|0px|false|false\u00a0\u00bb global_colors_info=\u00a0\u00bb{}\u00a0\u00bb][et_pb_column type=\u00a0\u00bb4_4&Prime; _builder_version=\u00a0\u00bb4.16&Prime; custom_padding=\u00a0\u00bb|||\u00a0\u00bb global_colors_info=\u00a0\u00bb{}\u00a0\u00bb custom_padding__hover=\u00a0\u00bb|||\u00a0\u00bb][et_pb_text _builder_version=\u00a0\u00bb4.16&Prime; text_font=\u00a0\u00bbPoppins||||||||\u00a0\u00bb text_text_color=\u00a0\u00bb#7f918e\u00a0\u00bb global_colors_info=\u00a0\u00bb{}\u00a0\u00bb]<\/p>\n<p><span id=\"DeltaPlaceHolderMain\">Une ann\u00e9e d&rsquo;\u00e9tudes repr\u00e9sente g\u00e9n\u00e9ralement 60 ECTS. Le volume d&rsquo;ECTS par cours\u200b est \u00e9tabli non seulement sur base du nombre d&rsquo;heures du cours mais aussi sur des autres d\u00e9marches que l&rsquo;\u00e9tudiant doit accomplir (recherche en biblioth\u00e8que, r\u00e9daction d&rsquo;un rapport, examens,&#8230;). Ainsi, certains cours ont le m\u00eame volume horaire mais un nombre d&rsquo;ECTS diff\u00e9rents.<\/span><\/p>\n<p>[\/et_pb_text][\/et_pb_column][\/et_pb_row][et_pb_row _builder_version=\u00a0\u00bb4.16&Prime; custom_padding=\u00a0\u00bb28px|0px|29px|0px|false|false\u00a0\u00bb global_colors_info=\u00a0\u00bb{}\u00a0\u00bb][et_pb_column type=\u00a0\u00bb4_4&Prime; _builder_version=\u00a0\u00bb4.16&Prime; custom_padding=\u00a0\u00bb|||\u00a0\u00bb global_colors_info=\u00a0\u00bb{}\u00a0\u00bb custom_padding__hover=\u00a0\u00bb|||\u00a0\u00bb][et_pb_text _builder_version=\u00a0\u00bb4.16&Prime; text_font=\u00a0\u00bbSaira Extra Condensed||||||||\u00a0\u00bb text_text_color=\u00a0\u00bb#1d2a85&Prime; text_font_size=\u00a0\u00bb25px\u00a0\u00bb global_colors_info=\u00a0\u00bb{}\u00a0\u00bb]<\/p>\n<p>Etalement<\/p>\n<p>[\/et_pb_text][\/et_pb_column][\/et_pb_row][et_pb_row _builder_version=\u00a0\u00bb4.16&Prime; custom_padding=\u00a0\u00bb3px|0px|0|0px|false|false\u00a0\u00bb global_colors_info=\u00a0\u00bb{}\u00a0\u00bb][et_pb_column type=\u00a0\u00bb4_4&Prime; _builder_version=\u00a0\u00bb4.16&Prime; custom_padding=\u00a0\u00bb|||\u00a0\u00bb global_colors_info=\u00a0\u00bb{}\u00a0\u00bb custom_padding__hover=\u00a0\u00bb|||\u00a0\u00bb][et_pb_text _builder_version=\u00a0\u00bb4.16&Prime; text_font=\u00a0\u00bbPoppins||||||||\u00a0\u00bb text_text_color=\u00a0\u00bb#7f918e\u00a0\u00bb global_colors_info=\u00a0\u00bb{}\u00a0\u00bb]<\/p>\n<p class=\"davinci-standardElement-p\">L&rsquo;\u00e9tudiant peut demander \u00e0 \u00e9taler son ann\u00e9e d&rsquo;\u00e9tudes sur plusieurs ann\u00e9es acad\u00e9miques.<\/p>\n<p class=\"davinci-standardElement-p\">Contact : <a id=\"mail\"><\/a><a href=\"mailto:lfv@ecam.be\">lfv@ecam.be\u200b<\/a><\/p>\n<p>&nbsp;<\/p>\n<p>[\/et_pb_text][\/et_pb_column][\/et_pb_row][et_pb_row _builder_version=\u00a0\u00bb4.16&Prime; custom_padding=\u00a0\u00bb3px|0px|29px|0px|false|false\u00a0\u00bb global_colors_info=\u00a0\u00bb{}\u00a0\u00bb][et_pb_column type=\u00a0\u00bb4_4&Prime; _builder_version=\u00a0\u00bb4.16&Prime; custom_padding=\u00a0\u00bb|||\u00a0\u00bb global_colors_info=\u00a0\u00bb{}\u00a0\u00bb custom_padding__hover=\u00a0\u00bb|||\u00a0\u00bb][et_pb_text _builder_version=\u00a0\u00bb4.16&Prime; text_font=\u00a0\u00bbSaira Extra Condensed||||||||\u00a0\u00bb text_text_color=\u00a0\u00bb#1d2a85&Prime; text_font_size=\u00a0\u00bb25px\u00a0\u00bb global_colors_info=\u00a0\u00bb{}\u00a0\u00bb]Organisation de l&rsquo;ann\u00e9e acad\u00e9mique et des sessions d&rsquo;examens[\/et_pb_text][\/et_pb_column][\/et_pb_row][et_pb_row _builder_version=\u00a0\u00bb4.16&Prime; custom_padding=\u00a0\u00bb3px|0px|0|0px|false|false\u00a0\u00bb global_colors_info=\u00a0\u00bb{}\u00a0\u00bb][et_pb_column type=\u00a0\u00bb4_4&Prime; _builder_version=\u00a0\u00bb4.16&Prime; custom_padding=\u00a0\u00bb|||\u00a0\u00bb global_colors_info=\u00a0\u00bb{}\u00a0\u00bb custom_padding__hover=\u00a0\u00bb|||\u00a0\u00bb][et_pb_text _builder_version=\u00a0\u00bb4.16&Prime; text_font=\u00a0\u00bbPoppins||||||||\u00a0\u00bb text_text_color=\u00a0\u00bb#7f918e\u00a0\u00bb global_colors_info=\u00a0\u00bb{}\u00a0\u00bb]<\/p>\n<p><span id=\"DeltaPlaceHolderMain\">Le parcours pr\u00e9c\u00e9dent de l&rsquo;\u00e9tudiant (\u00e9tudes et\/ou exp\u00e9rience professionnelle) peut \u00eatre reconnu dans son programme de cours \u00e0 travers\u00a0les passerelles et\u00a0les dispenses.<\/span><\/p>\n<p><span><\/span><\/p>\n<p><span><\/span><\/p>\n<p>[\/et_pb_text][\/et_pb_column][\/et_pb_row][\/et_pb_section]<\/p>\n","protected":false},"excerpt":{"rendered":"<p>Organisation des \u00e9tudesR\u00e8glement des \u00e9tudes 2022\/23 \u00e0 t\u00e9l\u00e9charger en fran\u00e7ais et en anglais.Projet p\u00e9dagogique, social et culturel \u00e0 t\u00e9l\u00e9charger\u00a0ici. &nbsp;Pratique et th\u00e9orieL&rsquo;enseignement sup\u00e9rieur en Haute Ecole associe \u00e9troitement la pratique et la th\u00e9orie, \u00e0 l&rsquo;ECAM cela se fait sur base de\u00a0la r\u00e9partition\u00a0suivante : Cours : ~ 60 % \u00a0 \u00a0\u00a0 Exercices : ~20 % \u00a0 [&hellip;]<\/p>\n","protected":false},"author":2,"featured_media":0,"parent":0,"menu_order":0,"comment_status":"closed","ping_status":"closed","template":"","meta":{"_et_pb_use_builder":"on","_et_pb_old_content":"","_et_gb_content_width":"","_monsterinsights_skip_tracking":false,"_monsterinsights_sitenote_active":false,"_monsterinsights_sitenote_note":"","_monsterinsights_sitenote_category":0,"footnotes":""},"class_list":["post-1364","page","type-page","status-publish","hentry"],"yoast_head":"<!-- This site is optimized with the Yoast SEO plugin v27.5 - https:\/\/yoast.com\/product\/yoast-seo-wordpress\/ -->\n<title>Organisation des \u00e9tudes<\/title>\n<meta name=\"robots\" content=\"index, follow, max-snippet:-1, max-image-preview:large, max-video-preview:-1\" \/>\n<link rel=\"canonical\" href=\"https:\/\/www.ecam.be\/en\/organisation-etudes\/\" \/>\n<meta property=\"og:locale\" content=\"en_GB\" \/>\n<meta property=\"og:type\" content=\"article\" \/>\n<meta property=\"og:title\" content=\"Organisation des \u00e9tudes\" \/>\n<meta property=\"og:description\" content=\"Organisation des \u00e9tudesR\u00e8glement des \u00e9tudes 2022\/23 \u00e0 t\u00e9l\u00e9charger en fran\u00e7ais et en anglais.Projet p\u00e9dagogique, social et culturel \u00e0 t\u00e9l\u00e9charger\u00a0ici. &nbsp;Pratique et th\u00e9orieL&#039;enseignement sup\u00e9rieur en Haute Ecole associe \u00e9troitement la pratique et la th\u00e9orie, \u00e0 l&#039;ECAM cela se fait sur base de\u00a0la r\u00e9partition\u00a0suivante : Cours : ~ 60 % \u00a0 \u00a0\u00a0 Exercices : ~20 % \u00a0 [&hellip;]\" \/>\n<meta property=\"og:url\" content=\"https:\/\/www.ecam.be\/en\/organisation-etudes\/\" \/>\n<meta property=\"og:site_name\" content=\"ECAM Bruxelles\" \/>\n<meta property=\"article:publisher\" content=\"https:\/\/www.facebook.com\/ecam.bruxelles\/\" \/>\n<meta property=\"article:modified_time\" content=\"2025-10-10T12:38:53+00:00\" \/>\n<meta property=\"og:image\" content=\"https:\/\/www.ecam.be\/wp-content\/uploads\/2023\/12\/logo_ECAM_entier_sansfond-2.png\" \/>\n\t<meta property=\"og:image:width\" content=\"1184\" \/>\n\t<meta property=\"og:image:height\" content=\"900\" \/>\n\t<meta property=\"og:image:type\" content=\"image\/png\" \/>\n<meta name=\"twitter:card\" content=\"summary_large_image\" \/>\n<meta name=\"twitter:label1\" content=\"Estimated reading time\" \/>\n\t<meta name=\"twitter:data1\" content=\"6 minutes\" \/>\n<script type=\"application\/ld+json\" class=\"yoast-schema-graph\">{\"@context\":\"https:\\\/\\\/schema.org\",\"@graph\":[{\"@type\":\"WebPage\",\"@id\":\"https:\\\/\\\/www.ecam.be\\\/organisation-etudes\\\/\",\"url\":\"https:\\\/\\\/www.ecam.be\\\/organisation-etudes\\\/\",\"name\":\"Organisation des \u00e9tudes\",\"isPartOf\":{\"@id\":\"https:\\\/\\\/www.ecam.be\\\/#website\"},\"datePublished\":\"2018-11-30T10:24:21+00:00\",\"dateModified\":\"2025-10-10T12:38:53+00:00\",\"breadcrumb\":{\"@id\":\"https:\\\/\\\/www.ecam.be\\\/organisation-etudes\\\/#breadcrumb\"},\"inLanguage\":\"en-GB\",\"potentialAction\":[{\"@type\":\"ReadAction\",\"target\":[\"https:\\\/\\\/www.ecam.be\\\/organisation-etudes\\\/\"]}]},{\"@type\":\"BreadcrumbList\",\"@id\":\"https:\\\/\\\/www.ecam.be\\\/organisation-etudes\\\/#breadcrumb\",\"itemListElement\":[{\"@type\":\"ListItem\",\"position\":1,\"name\":\"Accueil\",\"item\":\"https:\\\/\\\/www.ecam.be\\\/\"},{\"@type\":\"ListItem\",\"position\":2,\"name\":\"Organisation des \u00e9tudes\"}]},{\"@type\":\"WebSite\",\"@id\":\"https:\\\/\\\/www.ecam.be\\\/#website\",\"url\":\"https:\\\/\\\/www.ecam.be\\\/\",\"name\":\"ECAM Bruxelles\",\"description\":\"Le site officiel de l&#039;ECAM\",\"publisher\":{\"@id\":\"https:\\\/\\\/www.ecam.be\\\/#organization\"},\"potentialAction\":[{\"@type\":\"SearchAction\",\"target\":{\"@type\":\"EntryPoint\",\"urlTemplate\":\"https:\\\/\\\/www.ecam.be\\\/?s={search_term_string}\"},\"query-input\":{\"@type\":\"PropertyValueSpecification\",\"valueRequired\":true,\"valueName\":\"search_term_string\"}}],\"inLanguage\":\"en-GB\"},{\"@type\":\"Organization\",\"@id\":\"https:\\\/\\\/www.ecam.be\\\/#organization\",\"name\":\"ECAM Bruxelles\",\"url\":\"https:\\\/\\\/www.ecam.be\\\/\",\"logo\":{\"@type\":\"ImageObject\",\"inLanguage\":\"en-GB\",\"@id\":\"https:\\\/\\\/www.ecam.be\\\/#\\\/schema\\\/logo\\\/image\\\/\",\"url\":\"https:\\\/\\\/www.ecam.be\\\/wp-content\\\/uploads\\\/2023\\\/12\\\/logo_ECAM_entier_sansfond-2.png\",\"contentUrl\":\"https:\\\/\\\/www.ecam.be\\\/wp-content\\\/uploads\\\/2023\\\/12\\\/logo_ECAM_entier_sansfond-2.png\",\"width\":1184,\"height\":900,\"caption\":\"ECAM Bruxelles\"},\"image\":{\"@id\":\"https:\\\/\\\/www.ecam.be\\\/#\\\/schema\\\/logo\\\/image\\\/\"},\"sameAs\":[\"https:\\\/\\\/www.facebook.com\\\/ecam.bruxelles\\\/\",\"https:\\\/\\\/www.instagram.com\\\/ecam.bruxelles\\\/?hl=fr\",\"https:\\\/\\\/www.linkedin.com\\\/school\\\/ecam-brussels-engineering-school\\\/\"]}]}<\/script>\n<!-- \/ Yoast SEO plugin. -->","yoast_head_json":{"title":"Organisation of studies","robots":{"index":"index","follow":"follow","max-snippet":"max-snippet:-1","max-image-preview":"max-image-preview:large","max-video-preview":"max-video-preview:-1"},"canonical":"https:\/\/www.ecam.be\/en\/organisation-etudes\/","og_locale":"en_GB","og_type":"article","og_title":"Organisation des \u00e9tudes","og_description":"Organisation des \u00e9tudesR\u00e8glement des \u00e9tudes 2022\/23 \u00e0 t\u00e9l\u00e9charger en fran\u00e7ais et en anglais.Projet p\u00e9dagogique, social et culturel \u00e0 t\u00e9l\u00e9charger\u00a0ici. &nbsp;Pratique et th\u00e9orieL'enseignement sup\u00e9rieur en Haute Ecole associe \u00e9troitement la pratique et la th\u00e9orie, \u00e0 l'ECAM cela se fait sur base de\u00a0la r\u00e9partition\u00a0suivante : Cours : ~ 60 % \u00a0 \u00a0\u00a0 Exercices : ~20 % \u00a0 [&hellip;]","og_url":"https:\/\/www.ecam.be\/en\/organisation-etudes\/","og_site_name":"ECAM Bruxelles","article_publisher":"https:\/\/www.facebook.com\/ecam.bruxelles\/","article_modified_time":"2025-10-10T12:38:53+00:00","og_image":[{"width":1184,"height":900,"url":"https:\/\/www.ecam.be\/wp-content\/uploads\/2023\/12\/logo_ECAM_entier_sansfond-2.png","type":"image\/png"}],"twitter_card":"summary_large_image","twitter_misc":{"Estimated reading time":"6 minutes"},"schema":{"@context":"https:\/\/schema.org","@graph":[{"@type":"WebPage","@id":"https:\/\/www.ecam.be\/organisation-etudes\/","url":"https:\/\/www.ecam.be\/organisation-etudes\/","name":"Organisation of studies","isPartOf":{"@id":"https:\/\/www.ecam.be\/#website"},"datePublished":"2018-11-30T10:24:21+00:00","dateModified":"2025-10-10T12:38:53+00:00","breadcrumb":{"@id":"https:\/\/www.ecam.be\/organisation-etudes\/#breadcrumb"},"inLanguage":"en-GB","potentialAction":[{"@type":"ReadAction","target":["https:\/\/www.ecam.be\/organisation-etudes\/"]}]},{"@type":"BreadcrumbList","@id":"https:\/\/www.ecam.be\/organisation-etudes\/#breadcrumb","itemListElement":[{"@type":"ListItem","position":1,"name":"Accueil","item":"https:\/\/www.ecam.be\/"},{"@type":"ListItem","position":2,"name":"Organisation des \u00e9tudes"}]},{"@type":"WebSite","@id":"https:\/\/www.ecam.be\/#website","url":"https:\/\/www.ecam.be\/","name":"ECAM Bruxelles","description":"Le site officiel de l&#039;ECAM","publisher":{"@id":"https:\/\/www.ecam.be\/#organization"},"potentialAction":[{"@type":"SearchAction","target":{"@type":"EntryPoint","urlTemplate":"https:\/\/www.ecam.be\/?s={search_term_string}"},"query-input":{"@type":"PropertyValueSpecification","valueRequired":true,"valueName":"search_term_string"}}],"inLanguage":"en-GB"},{"@type":"Organization","@id":"https:\/\/www.ecam.be\/#organization","name":"ECAM Bruxelles","url":"https:\/\/www.ecam.be\/","logo":{"@type":"ImageObject","inLanguage":"en-GB","@id":"https:\/\/www.ecam.be\/#\/schema\/logo\/image\/","url":"https:\/\/www.ecam.be\/wp-content\/uploads\/2023\/12\/logo_ECAM_entier_sansfond-2.png","contentUrl":"https:\/\/www.ecam.be\/wp-content\/uploads\/2023\/12\/logo_ECAM_entier_sansfond-2.png","width":1184,"height":900,"caption":"ECAM Bruxelles"},"image":{"@id":"https:\/\/www.ecam.be\/#\/schema\/logo\/image\/"},"sameAs":["https:\/\/www.facebook.com\/ecam.bruxelles\/","https:\/\/www.instagram.com\/ecam.bruxelles\/?hl=fr","https:\/\/www.linkedin.com\/school\/ecam-brussels-engineering-school\/"]}]}},"_links":{"self":[{"href":"https:\/\/www.ecam.be\/en\/wp-json\/wp\/v2\/pages\/1364","targetHints":{"allow":["GET"]}}],"collection":[{"href":"https:\/\/www.ecam.be\/en\/wp-json\/wp\/v2\/pages"}],"about":[{"href":"https:\/\/www.ecam.be\/en\/wp-json\/wp\/v2\/types\/page"}],"author":[{"embeddable":true,"href":"https:\/\/www.ecam.be\/en\/wp-json\/wp\/v2\/users\/2"}],"replies":[{"embeddable":true,"href":"https:\/\/www.ecam.be\/en\/wp-json\/wp\/v2\/comments?post=1364"}],"version-history":[{"count":3,"href":"https:\/\/www.ecam.be\/en\/wp-json\/wp\/v2\/pages\/1364\/revisions"}],"predecessor-version":[{"id":11551,"href":"https:\/\/www.ecam.be\/en\/wp-json\/wp\/v2\/pages\/1364\/revisions\/11551"}],"wp:attachment":[{"href":"https:\/\/www.ecam.be\/en\/wp-json\/wp\/v2\/media?parent=1364"}],"curies":[{"name":"wp","href":"https:\/\/api.w.org\/{rel}","templated":true}]}}