{"id":2171,"date":"2019-06-27T15:51:00","date_gmt":"2019-06-27T13:51:00","guid":{"rendered":"https:\/\/www.ecam.be\/?page_id=2171"},"modified":"2019-06-27T15:55:14","modified_gmt":"2019-06-27T13:55:14","slug":"cookies-2","status":"publish","type":"page","link":"https:\/\/www.ecam.be\/en\/cookies-2\/","title":{"rendered":"Cookies"},"content":{"rendered":"<p>[et_pb_section fb_built=\u00a0\u00bb1&Prime; _builder_version=\u00a0\u00bb3.22.3&Prime;][et_pb_row custom_padding=\u00a0\u00bb13.4833px|0px|11px|0px|false|false\u00a0\u00bb custom_margin=\u00a0\u00bb5px||6px\u00a0\u00bb make_equal=\u00a0\u00bbon\u00a0\u00bb _builder_version=\u00a0\u00bb3.25&Prime; max_width=\u00a0\u00bb80%\u00a0\u00bb use_custom_width=\u00a0\u00bbon\u00a0\u00bb width_unit=\u00a0\u00bboff\u00a0\u00bb][et_pb_column type=\u00a0\u00bb4_4&Prime; _builder_version=\u00a0\u00bb3.25&Prime; use_background_color_gradient=\u00a0\u00bbon\u00a0\u00bb background_color_gradient_start=\u00a0\u00bb#7f918e\u00a0\u00bb background_color_gradient_end=\u00a0\u00bb#dee0ed\u00a0\u00bb background_color_gradient_direction=\u00a0\u00bb202deg\u00a0\u00bb background_color_gradient_start_position=\u00a0\u00bb33%\u00a0\u00bb custom_padding=\u00a0\u00bb|||\u00a0\u00bb custom_padding__hover=\u00a0\u00bb|||\u00a0\u00bb][et_pb_text _builder_version=\u00a0\u00bb3.25.3&Prime; text_font=\u00a0\u00bbSaira Extra Condensed||||||||\u00a0\u00bb text_text_color=\u00a0\u00bb#1d2a85&Prime; text_font_size=\u00a0\u00bb40px\u00a0\u00bb custom_margin=\u00a0\u00bb15px||15px|0px\u00a0\u00bb]<\/p>\n<p>Politique en mati\u00e8re de cookies<\/p>\n<p>[\/et_pb_text][\/et_pb_column][\/et_pb_row][et_pb_row _builder_version=\u00a0\u00bb3.25&Prime;][et_pb_column type=\u00a0\u00bb4_4&Prime; _builder_version=\u00a0\u00bb3.25&Prime; custom_padding=\u00a0\u00bb|||\u00a0\u00bb custom_padding__hover=\u00a0\u00bb|||\u00a0\u00bb][et_pb_text _builder_version=\u00a0\u00bb3.25.3&Prime; text_font=\u00a0\u00bbPoppins||||||||\u00a0\u00bb custom_padding=\u00a0\u00bb1px|||||\u00a0\u00bb]<\/p>\n<div id=\"ctl00_PlaceHolderMain_ctl01__ControlWrapper_RichHtmlField\" class=\"ms-rtestate-field\" style=\"display: inline;\" aria-labelledby=\"ctl00_PlaceHolderMain_ctl01_label\">\n<div id=\"ctl00_PlaceHolderMain_ctl01__ControlWrapper_RichHtmlField\" class=\"ms-rtestate-field\" style=\"display: inline;\" aria-labelledby=\"ctl00_PlaceHolderMain_ctl01_label\">\n<div id=\"ctl00_PlaceHolderMain_ctl01__ControlWrapper_RichHtmlField\" class=\"ms-rtestate-field\" style=\"display: inline;\" aria-labelledby=\"ctl00_PlaceHolderMain_ctl01_label\">\n<div id=\"block-mainpagecontent\" class=\"block block-system block-system-main-block\">\n<article role=\"article\" class=\"contextual-region node--type-page\">\n<section class=\"paragraph--texte text-color-0\">\n<div class=\"section-wrapper lg\">\n<div class=\"paragraph-texte-content\">\n<p>Un cookie est un petit fichier\u00a0 texte transf\u00e9r\u00e9 \u00e0 partir d\u2019un serveur web vers votre navigateur web ou votre disque dur lorsque vous visitez un site web.<\/p>\n<p>Le\u00a0 site <a href=\"https:\/\/www.ecam.be\">https:\/\/www.ecam.be<\/a> utilise des cookies fonctionnels afin d\u2019am\u00e9liorer votre exp\u00e9rience et optimiser nos sites et services. Les cookies que nous utilisons sont strictement n\u00e9cessaires au fonctionnement du site de de votre navigation et ne peuvent \u00eatre refus\u00e9s. Ils ne collectent pas de donn\u00e9es personnelles , n\u2019installent pas de traceurs et ne collectent pas de donn\u00e9es analytiques.<\/p>\n<p>Vous avez le choix de configurer votre navigateur pour accepter, d\u00e9sactiver ou rejeter tous les cookies, vous informer quand un cookie est \u00e9mis, de sa dur\u00e9e de validit\u00e9 et de son contenu, ainsi que vous permettre de refuser son enregistrement dans votre ordinateur, et pour supprimer vos cookies p\u00e9riodiquement.<\/p>\n<p>Pour plus d\u2019informations relatives aux m\u00e9thodes vous permettant de supprimer et de contr\u00f4ler les cookies stock\u00e9s sur votre appareil, consultez les sites suivants, selon votre navigateur :<\/p>\n<ul>\n<li><a href=\"https:\/\/support.mozilla.org\/fr\/kb\/effacer-les-cookies-pour-supprimer-les-information\" target=\"_blank\" rel=\"noopener noreferrer\">Firefox<\/a> &#8211; <a href=\"https:\/\/support.mozilla.org\/fr\/kb\/supprimer-donnees-perso-firefox-android\" target=\"_blank\" rel=\"noopener noreferrer\">Firefox (mobile)<\/a><\/li>\n<li><a href=\"https:\/\/support.google.com\/chrome\/answer\/95647?hl=fr\" target=\"_blank\" rel=\"noopener noreferrer\">Chrome<\/a> &#8211; <a href=\"https:\/\/support.google.com\/chrome\/answer\/95647?hl=fr\" target=\"_blank\" rel=\"noopener noreferrer\">Chrome (mobile)<\/a><\/li>\n<li><a href=\"https:\/\/support.apple.com\/fr-be\/guide\/safari\/manage-cookies-and-website-data-sfri11471\/mac\" target=\"_blank\" rel=\"noopener noreferrer\">Safari<\/a> &#8211; <a href=\"https:\/\/support.apple.com\/fr-be\/HT201265\" target=\"_blank\" rel=\"noopener noreferrer\">Safari (mobile)<\/a><\/li>\n<li><a href=\"https:\/\/support.microsoft.com\/fr-be\/help\/17442\/windows-internet-explorer-delete-manage-cookies\" target=\"_blank\" rel=\"noopener noreferrer\">Internet Explorer<\/a><\/li>\n<li><a href=\"https:\/\/support.microsoft.com\/fr-be\/help\/4027947\/windows-delete-cookies\" target=\"_blank\" rel=\"noopener noreferrer\">Microsoft Edge<\/a><\/li>\n<\/ul>\n<p>Vous trouverez de nombreuses informations \u00e0 ce sujet sur le site <a href=\"http:\/\/www.allaboutcookies.org\/fr\/\" target=\"_blank\" rel=\"noopener noreferrer\">http:\/\/www.allaboutcookies.org\/fr\/<\/a> et sur le site de l\u2019autorit\u00e9 de protection des donn\u00e9es <a href=\"https:\/\/www.autoriteprotectiondonnees.be\/faq-themas\/cookies\" target=\"_blank\" rel=\"noopener noreferrer\">https:\/\/www.autoriteprotectiondonnees.be\/faq-themas\/cookies<\/a><\/p>\n<\/div>\n<\/div>\n<\/section>\n<\/article>\n<\/div>\n<\/div>\n<\/div>\n<\/div>\n<p>[\/et_pb_text][\/et_pb_column][\/et_pb_row][\/et_pb_section]<\/p>\n","protected":false},"excerpt":{"rendered":"<p>Politique en mati\u00e8re de cookies Un cookie est un petit fichier\u00a0 texte transf\u00e9r\u00e9 \u00e0 partir d\u2019un serveur web vers votre navigateur web ou votre disque dur lorsque vous visitez un site web. Le\u00a0 site https:\/\/www.ecam.be utilise des cookies fonctionnels afin d\u2019am\u00e9liorer votre exp\u00e9rience et optimiser nos sites et services. Les cookies que nous utilisons sont [&hellip;]<\/p>\n","protected":false},"author":2,"featured_media":0,"parent":0,"menu_order":0,"comment_status":"closed","ping_status":"closed","template":"","meta":{"_et_pb_use_builder":"on","_et_pb_old_content":"","_et_gb_content_width":"","_monsterinsights_skip_tracking":false,"_monsterinsights_sitenote_active":false,"_monsterinsights_sitenote_note":"","_monsterinsights_sitenote_category":0,"footnotes":""},"class_list":["post-2171","page","type-page","status-publish","hentry"],"yoast_head":"<!-- This site is optimized with the Yoast SEO plugin v27.5 - https:\/\/yoast.com\/product\/yoast-seo-wordpress\/ -->\n<title>Cookies<\/title>\n<meta name=\"robots\" content=\"index, follow, max-snippet:-1, max-image-preview:large, max-video-preview:-1\" \/>\n<link rel=\"canonical\" href=\"https:\/\/www.ecam.be\/en\/cookies-2\/\" \/>\n<meta property=\"og:locale\" content=\"en_GB\" \/>\n<meta property=\"og:type\" content=\"article\" \/>\n<meta property=\"og:title\" content=\"Cookies\" \/>\n<meta property=\"og:description\" content=\"Politique en mati\u00e8re de cookies Un cookie est un petit fichier\u00a0 texte transf\u00e9r\u00e9 \u00e0 partir d\u2019un serveur web vers votre navigateur web ou votre disque dur lorsque vous visitez un site web. Le\u00a0 site https:\/\/www.ecam.be utilise des cookies fonctionnels afin d\u2019am\u00e9liorer votre exp\u00e9rience et optimiser nos sites et services. Les cookies que nous utilisons sont [&hellip;]\" \/>\n<meta property=\"og:url\" content=\"https:\/\/www.ecam.be\/en\/cookies-2\/\" \/>\n<meta property=\"og:site_name\" content=\"ECAM Bruxelles\" \/>\n<meta property=\"article:publisher\" content=\"https:\/\/www.facebook.com\/ecam.bruxelles\/\" \/>\n<meta property=\"article:modified_time\" content=\"2019-06-27T13:55:14+00:00\" \/>\n<meta property=\"og:image\" content=\"https:\/\/www.ecam.be\/wp-content\/uploads\/2023\/12\/logo_ECAM_entier_sansfond-2.png\" \/>\n\t<meta property=\"og:image:width\" content=\"1184\" \/>\n\t<meta property=\"og:image:height\" content=\"900\" \/>\n\t<meta property=\"og:image:type\" content=\"image\/png\" \/>\n<meta name=\"twitter:card\" content=\"summary_large_image\" \/>\n<meta name=\"twitter:label1\" content=\"Estimated reading time\" \/>\n\t<meta name=\"twitter:data1\" content=\"2 minutes\" \/>\n<script type=\"application\/ld+json\" class=\"yoast-schema-graph\">{\"@context\":\"https:\\\/\\\/schema.org\",\"@graph\":[{\"@type\":\"WebPage\",\"@id\":\"https:\\\/\\\/www.ecam.be\\\/cookies-2\\\/\",\"url\":\"https:\\\/\\\/www.ecam.be\\\/cookies-2\\\/\",\"name\":\"Cookies\",\"isPartOf\":{\"@id\":\"https:\\\/\\\/www.ecam.be\\\/#website\"},\"datePublished\":\"2019-06-27T13:51:00+00:00\",\"dateModified\":\"2019-06-27T13:55:14+00:00\",\"breadcrumb\":{\"@id\":\"https:\\\/\\\/www.ecam.be\\\/cookies-2\\\/#breadcrumb\"},\"inLanguage\":\"en-GB\",\"potentialAction\":[{\"@type\":\"ReadAction\",\"target\":[\"https:\\\/\\\/www.ecam.be\\\/cookies-2\\\/\"]}]},{\"@type\":\"BreadcrumbList\",\"@id\":\"https:\\\/\\\/www.ecam.be\\\/cookies-2\\\/#breadcrumb\",\"itemListElement\":[{\"@type\":\"ListItem\",\"position\":1,\"name\":\"Accueil\",\"item\":\"https:\\\/\\\/www.ecam.be\\\/\"},{\"@type\":\"ListItem\",\"position\":2,\"name\":\"Cookies\"}]},{\"@type\":\"WebSite\",\"@id\":\"https:\\\/\\\/www.ecam.be\\\/#website\",\"url\":\"https:\\\/\\\/www.ecam.be\\\/\",\"name\":\"ECAM Bruxelles\",\"description\":\"Le site officiel de l&#039;ECAM\",\"publisher\":{\"@id\":\"https:\\\/\\\/www.ecam.be\\\/#organization\"},\"potentialAction\":[{\"@type\":\"SearchAction\",\"target\":{\"@type\":\"EntryPoint\",\"urlTemplate\":\"https:\\\/\\\/www.ecam.be\\\/?s={search_term_string}\"},\"query-input\":{\"@type\":\"PropertyValueSpecification\",\"valueRequired\":true,\"valueName\":\"search_term_string\"}}],\"inLanguage\":\"en-GB\"},{\"@type\":\"Organization\",\"@id\":\"https:\\\/\\\/www.ecam.be\\\/#organization\",\"name\":\"ECAM Bruxelles\",\"url\":\"https:\\\/\\\/www.ecam.be\\\/\",\"logo\":{\"@type\":\"ImageObject\",\"inLanguage\":\"en-GB\",\"@id\":\"https:\\\/\\\/www.ecam.be\\\/#\\\/schema\\\/logo\\\/image\\\/\",\"url\":\"https:\\\/\\\/www.ecam.be\\\/wp-content\\\/uploads\\\/2023\\\/12\\\/logo_ECAM_entier_sansfond-2.png\",\"contentUrl\":\"https:\\\/\\\/www.ecam.be\\\/wp-content\\\/uploads\\\/2023\\\/12\\\/logo_ECAM_entier_sansfond-2.png\",\"width\":1184,\"height\":900,\"caption\":\"ECAM Bruxelles\"},\"image\":{\"@id\":\"https:\\\/\\\/www.ecam.be\\\/#\\\/schema\\\/logo\\\/image\\\/\"},\"sameAs\":[\"https:\\\/\\\/www.facebook.com\\\/ecam.bruxelles\\\/\",\"https:\\\/\\\/www.instagram.com\\\/ecam.bruxelles\\\/?hl=fr\",\"https:\\\/\\\/www.linkedin.com\\\/school\\\/ecam-brussels-engineering-school\\\/\"]}]}<\/script>\n<!-- \/ Yoast SEO plugin. -->","yoast_head_json":{"title":"Cookies","robots":{"index":"index","follow":"follow","max-snippet":"max-snippet:-1","max-image-preview":"max-image-preview:large","max-video-preview":"max-video-preview:-1"},"canonical":"https:\/\/www.ecam.be\/en\/cookies-2\/","og_locale":"en_GB","og_type":"article","og_title":"Cookies","og_description":"Politique en mati\u00e8re de cookies Un cookie est un petit fichier\u00a0 texte transf\u00e9r\u00e9 \u00e0 partir d\u2019un serveur web vers votre navigateur web ou votre disque dur lorsque vous visitez un site web. Le\u00a0 site https:\/\/www.ecam.be utilise des cookies fonctionnels afin d\u2019am\u00e9liorer votre exp\u00e9rience et optimiser nos sites et services. Les cookies que nous utilisons sont [&hellip;]","og_url":"https:\/\/www.ecam.be\/en\/cookies-2\/","og_site_name":"ECAM Bruxelles","article_publisher":"https:\/\/www.facebook.com\/ecam.bruxelles\/","article_modified_time":"2019-06-27T13:55:14+00:00","og_image":[{"width":1184,"height":900,"url":"https:\/\/www.ecam.be\/wp-content\/uploads\/2023\/12\/logo_ECAM_entier_sansfond-2.png","type":"image\/png"}],"twitter_card":"summary_large_image","twitter_misc":{"Estimated reading time":"2 minutes"},"schema":{"@context":"https:\/\/schema.org","@graph":[{"@type":"WebPage","@id":"https:\/\/www.ecam.be\/cookies-2\/","url":"https:\/\/www.ecam.be\/cookies-2\/","name":"Cookies","isPartOf":{"@id":"https:\/\/www.ecam.be\/#website"},"datePublished":"2019-06-27T13:51:00+00:00","dateModified":"2019-06-27T13:55:14+00:00","breadcrumb":{"@id":"https:\/\/www.ecam.be\/cookies-2\/#breadcrumb"},"inLanguage":"en-GB","potentialAction":[{"@type":"ReadAction","target":["https:\/\/www.ecam.be\/cookies-2\/"]}]},{"@type":"BreadcrumbList","@id":"https:\/\/www.ecam.be\/cookies-2\/#breadcrumb","itemListElement":[{"@type":"ListItem","position":1,"name":"Accueil","item":"https:\/\/www.ecam.be\/"},{"@type":"ListItem","position":2,"name":"Cookies"}]},{"@type":"WebSite","@id":"https:\/\/www.ecam.be\/#website","url":"https:\/\/www.ecam.be\/","name":"ECAM Bruxelles","description":"Le site officiel de l&#039;ECAM","publisher":{"@id":"https:\/\/www.ecam.be\/#organization"},"potentialAction":[{"@type":"SearchAction","target":{"@type":"EntryPoint","urlTemplate":"https:\/\/www.ecam.be\/?s={search_term_string}"},"query-input":{"@type":"PropertyValueSpecification","valueRequired":true,"valueName":"search_term_string"}}],"inLanguage":"en-GB"},{"@type":"Organization","@id":"https:\/\/www.ecam.be\/#organization","name":"ECAM Bruxelles","url":"https:\/\/www.ecam.be\/","logo":{"@type":"ImageObject","inLanguage":"en-GB","@id":"https:\/\/www.ecam.be\/#\/schema\/logo\/image\/","url":"https:\/\/www.ecam.be\/wp-content\/uploads\/2023\/12\/logo_ECAM_entier_sansfond-2.png","contentUrl":"https:\/\/www.ecam.be\/wp-content\/uploads\/2023\/12\/logo_ECAM_entier_sansfond-2.png","width":1184,"height":900,"caption":"ECAM Bruxelles"},"image":{"@id":"https:\/\/www.ecam.be\/#\/schema\/logo\/image\/"},"sameAs":["https:\/\/www.facebook.com\/ecam.bruxelles\/","https:\/\/www.instagram.com\/ecam.bruxelles\/?hl=fr","https:\/\/www.linkedin.com\/school\/ecam-brussels-engineering-school\/"]}]}},"_links":{"self":[{"href":"https:\/\/www.ecam.be\/en\/wp-json\/wp\/v2\/pages\/2171","targetHints":{"allow":["GET"]}}],"collection":[{"href":"https:\/\/www.ecam.be\/en\/wp-json\/wp\/v2\/pages"}],"about":[{"href":"https:\/\/www.ecam.be\/en\/wp-json\/wp\/v2\/types\/page"}],"author":[{"embeddable":true,"href":"https:\/\/www.ecam.be\/en\/wp-json\/wp\/v2\/users\/2"}],"replies":[{"embeddable":true,"href":"https:\/\/www.ecam.be\/en\/wp-json\/wp\/v2\/comments?post=2171"}],"version-history":[{"count":4,"href":"https:\/\/www.ecam.be\/en\/wp-json\/wp\/v2\/pages\/2171\/revisions"}],"predecessor-version":[{"id":2179,"href":"https:\/\/www.ecam.be\/en\/wp-json\/wp\/v2\/pages\/2171\/revisions\/2179"}],"wp:attachment":[{"href":"https:\/\/www.ecam.be\/en\/wp-json\/wp\/v2\/media?parent=2171"}],"curies":[{"name":"wp","href":"https:\/\/api.w.org\/{rel}","templated":true}]}}