{"id":235,"date":"2018-10-11T12:05:58","date_gmt":"2018-10-11T10:05:58","guid":{"rendered":"https:\/\/www.ecam.be\/?page_id=235"},"modified":"2025-10-11T18:38:44","modified_gmt":"2025-10-11T16:38:44","slug":"double-diplomes","status":"publish","type":"page","link":"https:\/\/www.ecam.be\/en\/formations\/double-diplomes\/","title":{"rendered":"Double dipl\u00f4mes"},"content":{"rendered":"<p>[et_pb_section fb_built=\u00a0\u00bb1&Prime; _builder_version=\u00a0\u00bb3.22.3&Prime; custom_padding=\u00a0\u00bb26.9667px|0px|0|0px|false|false\u00a0\u00bb][et_pb_row _builder_version=\u00a0\u00bb3.22.3&Prime;][et_pb_column type=\u00a0\u00bb4_4&Prime; _builder_version=\u00a0\u00bb3.0.47&Prime;][et_pb_text _builder_version=\u00a0\u00bb3.17.1&Prime; text_font=\u00a0\u00bbSaira Extra Condensed||||||||\u00a0\u00bb text_text_color=\u00a0\u00bb#1d2a85&Prime; text_font_size=\u00a0\u00bb40px\u00a0\u00bb]<\/p>\n<p>Double dipl\u00f4mes<\/p>\n<p>[\/et_pb_text][\/et_pb_column][\/et_pb_row][\/et_pb_section][et_pb_section fb_built=\u00a0\u00bb1&Prime; _builder_version=\u00a0\u00bb3.22.3&Prime;][et_pb_row custom_padding=\u00a0\u00bb1px|0px|0|0px|false|false\u00a0\u00bb _builder_version=\u00a0\u00bb3.22.3&Prime;][et_pb_column type=\u00a0\u00bb4_4&Prime; _builder_version=\u00a0\u00bb3.17.6&Prime;][et_pb_text _builder_version=\u00a0\u00bb3.17.6&Prime;]<\/p>\n<p>L\u2019ECAM offre la possibilit\u00e9 \u00e0 ses \u00e9tudiant(e)s de r\u00e9aliser un parcours de mobilit\u00e9 internationale qui d\u00e9bouchera sur deux dipl\u00f4mes\u00a0: celui de l\u2019ECAM et celui d\u2019une universit\u00e9 partenaire.<\/p>\n<p>Durant leur parcours \u00e0 l\u2019\u00e9tranger, les \u00e9tudiants compl\u00e8teront un programme de cours en veillant \u00e0 satisfaire simultan\u00e9ment les exigences des deux \u00e9tablissements. Pour ce faire, un suivi est apport\u00e9 par le bureau international.<br \/><span style=\"color: #e71d36;\"><\/span><\/p>\n<p><span style=\"color: #e71d36;\"><\/span><\/p>\n<p>[\/et_pb_text][\/et_pb_column][\/et_pb_row][et_pb_row custom_padding=\u00a0\u00bb50px|0px|13.4833px|0px|false|false\u00a0\u00bb _builder_version=\u00a0\u00bb3.22.3&Prime;][et_pb_column type=\u00a0\u00bb4_4&Prime; _builder_version=\u00a0\u00bb3.0.47&Prime;][et_pb_text _builder_version=\u00a0\u00bb3.17.1&Prime; text_font=\u00a0\u00bbSaira Extra Condensed||||||||\u00a0\u00bb text_text_color=\u00a0\u00bb#1d2a85&Prime; text_font_size=\u00a0\u00bb40px\u00a0\u00bb]<\/p>\n<h1><span style=\"color: #7f918e;\">Parcours de double dipl\u00f4me<br \/><\/span><\/h1>\n<p>[\/et_pb_text][et_pb_image src=\u00a0\u00bbhttps:\/\/www.ecam.be\/wp-content\/uploads\/2019\/02\/Parcours-double-dipl\u00f4me-e1551173488556.png\u00a0\u00bb _builder_version=\u00a0\u00bb3.19.8&Prime;][\/et_pb_image][et_pb_text _builder_version=\u00a0\u00bb3.19.8&Prime;]<\/p>\n<p>Actuellement, l\u2019ECAM poss\u00e8de des accords de double dipl\u00f4me avec les \u00e9tablissements suivants :<\/p>\n<ul>\n<li><a href=\"https:\/\/www.ecam.fr\/\">ECAM Lyon, France<\/a><\/li>\n<li><a href=\"http:\/\/ecam-strasbourg.eu\/\">ECAM Strasbourg-Europe, France<\/a><\/li>\n<li><a href=\"http:\/\/www.etsmtl.ca\/\">ETS Montr\u00e9al, Canada<\/a><\/li>\n<li><a href=\"https:\/\/www.usherbrooke.ca\/\">Universit\u00e9 de Sherbrooke, Canada<\/a><\/li>\n<li><a href=\"https:\/\/www.ulaval.ca\/\">Universite\u0301 Laval, Qu\u00e9bec, Canada<\/a><\/li>\n<\/ul>\n<p>[\/et_pb_text][\/et_pb_column][\/et_pb_row][\/et_pb_section]<\/p>\n","protected":false},"excerpt":{"rendered":"<p>Double dipl\u00f4mesL\u2019ECAM offre la possibilit\u00e9 \u00e0 ses \u00e9tudiant(e)s de r\u00e9aliser un parcours de mobilit\u00e9 internationale qui d\u00e9bouchera sur deux dipl\u00f4mes\u00a0: celui de l\u2019ECAM et celui d\u2019une universit\u00e9 partenaire. Durant leur parcours \u00e0 l\u2019\u00e9tranger, les \u00e9tudiants compl\u00e8teront un programme de cours en veillant \u00e0 satisfaire simultan\u00e9ment les exigences des deux \u00e9tablissements. Pour ce faire, un suivi [&hellip;]<\/p>\n","protected":false},"author":2,"featured_media":0,"parent":141,"menu_order":0,"comment_status":"closed","ping_status":"closed","template":"","meta":{"_et_pb_use_builder":"on","_et_pb_old_content":"","_et_gb_content_width":"","_monsterinsights_skip_tracking":false,"_monsterinsights_sitenote_active":false,"_monsterinsights_sitenote_note":"","_monsterinsights_sitenote_category":0,"footnotes":""},"class_list":["post-235","page","type-page","status-publish","hentry"],"yoast_head":"<!-- This site is optimized with the Yoast SEO plugin v27.3 - https:\/\/yoast.com\/product\/yoast-seo-wordpress\/ -->\n<title>Double dipl\u00f4mes<\/title>\n<meta name=\"robots\" content=\"index, follow, max-snippet:-1, max-image-preview:large, max-video-preview:-1\" \/>\n<link rel=\"canonical\" href=\"https:\/\/www.ecam.be\/en\/formations\/double-diplomes\/\" \/>\n<meta property=\"og:locale\" content=\"en_GB\" \/>\n<meta property=\"og:type\" content=\"article\" \/>\n<meta property=\"og:title\" content=\"Double dipl\u00f4mes\" \/>\n<meta property=\"og:description\" content=\"Double dipl\u00f4mesL\u2019ECAM offre la possibilit\u00e9 \u00e0 ses \u00e9tudiant(e)s de r\u00e9aliser un parcours de mobilit\u00e9 internationale qui d\u00e9bouchera sur deux dipl\u00f4mes\u00a0: celui de l\u2019ECAM et celui d\u2019une universit\u00e9 partenaire. Durant leur parcours \u00e0 l\u2019\u00e9tranger, les \u00e9tudiants compl\u00e8teront un programme de cours en veillant \u00e0 satisfaire simultan\u00e9ment les exigences des deux \u00e9tablissements. Pour ce faire, un suivi [&hellip;]\" \/>\n<meta property=\"og:url\" content=\"https:\/\/www.ecam.be\/en\/formations\/double-diplomes\/\" \/>\n<meta property=\"og:site_name\" content=\"ECAM Bruxelles\" \/>\n<meta property=\"article:publisher\" content=\"https:\/\/www.facebook.com\/ecam.bruxelles\/\" \/>\n<meta property=\"article:modified_time\" content=\"2025-10-11T16:38:44+00:00\" \/>\n<meta property=\"og:image\" content=\"https:\/\/www.ecam.be\/wp-content\/uploads\/2023\/12\/logo_ECAM_entier_sansfond-2.png\" \/>\n\t<meta property=\"og:image:width\" content=\"1184\" \/>\n\t<meta property=\"og:image:height\" content=\"900\" \/>\n\t<meta property=\"og:image:type\" content=\"image\/png\" \/>\n<meta name=\"twitter:card\" content=\"summary_large_image\" \/>\n<meta name=\"twitter:label1\" content=\"Estimated reading time\" \/>\n\t<meta name=\"twitter:data1\" content=\"1 minute\" \/>\n<script type=\"application\/ld+json\" class=\"yoast-schema-graph\">{\"@context\":\"https:\\\/\\\/schema.org\",\"@graph\":[{\"@type\":\"WebPage\",\"@id\":\"https:\\\/\\\/www.ecam.be\\\/formations\\\/double-diplomes\\\/\",\"url\":\"https:\\\/\\\/www.ecam.be\\\/formations\\\/double-diplomes\\\/\",\"name\":\"Double dipl\u00f4mes\",\"isPartOf\":{\"@id\":\"https:\\\/\\\/www.ecam.be\\\/#website\"},\"datePublished\":\"2018-10-11T10:05:58+00:00\",\"dateModified\":\"2025-10-11T16:38:44+00:00\",\"breadcrumb\":{\"@id\":\"https:\\\/\\\/www.ecam.be\\\/formations\\\/double-diplomes\\\/#breadcrumb\"},\"inLanguage\":\"en-GB\",\"potentialAction\":[{\"@type\":\"ReadAction\",\"target\":[\"https:\\\/\\\/www.ecam.be\\\/formations\\\/double-diplomes\\\/\"]}]},{\"@type\":\"BreadcrumbList\",\"@id\":\"https:\\\/\\\/www.ecam.be\\\/formations\\\/double-diplomes\\\/#breadcrumb\",\"itemListElement\":[{\"@type\":\"ListItem\",\"position\":1,\"name\":\"Accueil\",\"item\":\"https:\\\/\\\/www.ecam.be\\\/\"},{\"@type\":\"ListItem\",\"position\":2,\"name\":\"Formations\",\"item\":\"https:\\\/\\\/www.ecam.be\\\/formations\\\/\"},{\"@type\":\"ListItem\",\"position\":3,\"name\":\"Double dipl\u00f4mes\"}]},{\"@type\":\"WebSite\",\"@id\":\"https:\\\/\\\/www.ecam.be\\\/#website\",\"url\":\"https:\\\/\\\/www.ecam.be\\\/\",\"name\":\"ECAM Bruxelles\",\"description\":\"Le site officiel de l&#039;ECAM\",\"publisher\":{\"@id\":\"https:\\\/\\\/www.ecam.be\\\/#organization\"},\"potentialAction\":[{\"@type\":\"SearchAction\",\"target\":{\"@type\":\"EntryPoint\",\"urlTemplate\":\"https:\\\/\\\/www.ecam.be\\\/?s={search_term_string}\"},\"query-input\":{\"@type\":\"PropertyValueSpecification\",\"valueRequired\":true,\"valueName\":\"search_term_string\"}}],\"inLanguage\":\"en-GB\"},{\"@type\":\"Organization\",\"@id\":\"https:\\\/\\\/www.ecam.be\\\/#organization\",\"name\":\"ECAM Bruxelles\",\"url\":\"https:\\\/\\\/www.ecam.be\\\/\",\"logo\":{\"@type\":\"ImageObject\",\"inLanguage\":\"en-GB\",\"@id\":\"https:\\\/\\\/www.ecam.be\\\/#\\\/schema\\\/logo\\\/image\\\/\",\"url\":\"https:\\\/\\\/www.ecam.be\\\/wp-content\\\/uploads\\\/2023\\\/12\\\/logo_ECAM_entier_sansfond-2.png\",\"contentUrl\":\"https:\\\/\\\/www.ecam.be\\\/wp-content\\\/uploads\\\/2023\\\/12\\\/logo_ECAM_entier_sansfond-2.png\",\"width\":1184,\"height\":900,\"caption\":\"ECAM Bruxelles\"},\"image\":{\"@id\":\"https:\\\/\\\/www.ecam.be\\\/#\\\/schema\\\/logo\\\/image\\\/\"},\"sameAs\":[\"https:\\\/\\\/www.facebook.com\\\/ecam.bruxelles\\\/\",\"https:\\\/\\\/www.instagram.com\\\/ecam.bruxelles\\\/?hl=fr\",\"https:\\\/\\\/www.linkedin.com\\\/school\\\/ecam-brussels-engineering-school\\\/\"]}]}<\/script>\n<!-- \/ Yoast SEO plugin. -->","yoast_head_json":{"title":"Double dipl\u00f4mes","robots":{"index":"index","follow":"follow","max-snippet":"max-snippet:-1","max-image-preview":"max-image-preview:large","max-video-preview":"max-video-preview:-1"},"canonical":"https:\/\/www.ecam.be\/en\/formations\/double-diplomes\/","og_locale":"en_GB","og_type":"article","og_title":"Double dipl\u00f4mes","og_description":"Double dipl\u00f4mesL\u2019ECAM offre la possibilit\u00e9 \u00e0 ses \u00e9tudiant(e)s de r\u00e9aliser un parcours de mobilit\u00e9 internationale qui d\u00e9bouchera sur deux dipl\u00f4mes\u00a0: celui de l\u2019ECAM et celui d\u2019une universit\u00e9 partenaire. Durant leur parcours \u00e0 l\u2019\u00e9tranger, les \u00e9tudiants compl\u00e8teront un programme de cours en veillant \u00e0 satisfaire simultan\u00e9ment les exigences des deux \u00e9tablissements. Pour ce faire, un suivi [&hellip;]","og_url":"https:\/\/www.ecam.be\/en\/formations\/double-diplomes\/","og_site_name":"ECAM Bruxelles","article_publisher":"https:\/\/www.facebook.com\/ecam.bruxelles\/","article_modified_time":"2025-10-11T16:38:44+00:00","og_image":[{"width":1184,"height":900,"url":"https:\/\/www.ecam.be\/wp-content\/uploads\/2023\/12\/logo_ECAM_entier_sansfond-2.png","type":"image\/png"}],"twitter_card":"summary_large_image","twitter_misc":{"Estimated reading time":"1 minute"},"schema":{"@context":"https:\/\/schema.org","@graph":[{"@type":"WebPage","@id":"https:\/\/www.ecam.be\/formations\/double-diplomes\/","url":"https:\/\/www.ecam.be\/formations\/double-diplomes\/","name":"Double dipl\u00f4mes","isPartOf":{"@id":"https:\/\/www.ecam.be\/#website"},"datePublished":"2018-10-11T10:05:58+00:00","dateModified":"2025-10-11T16:38:44+00:00","breadcrumb":{"@id":"https:\/\/www.ecam.be\/formations\/double-diplomes\/#breadcrumb"},"inLanguage":"en-GB","potentialAction":[{"@type":"ReadAction","target":["https:\/\/www.ecam.be\/formations\/double-diplomes\/"]}]},{"@type":"BreadcrumbList","@id":"https:\/\/www.ecam.be\/formations\/double-diplomes\/#breadcrumb","itemListElement":[{"@type":"ListItem","position":1,"name":"Accueil","item":"https:\/\/www.ecam.be\/"},{"@type":"ListItem","position":2,"name":"Formations","item":"https:\/\/www.ecam.be\/formations\/"},{"@type":"ListItem","position":3,"name":"Double dipl\u00f4mes"}]},{"@type":"WebSite","@id":"https:\/\/www.ecam.be\/#website","url":"https:\/\/www.ecam.be\/","name":"ECAM Bruxelles","description":"Le site officiel de l&#039;ECAM","publisher":{"@id":"https:\/\/www.ecam.be\/#organization"},"potentialAction":[{"@type":"SearchAction","target":{"@type":"EntryPoint","urlTemplate":"https:\/\/www.ecam.be\/?s={search_term_string}"},"query-input":{"@type":"PropertyValueSpecification","valueRequired":true,"valueName":"search_term_string"}}],"inLanguage":"en-GB"},{"@type":"Organization","@id":"https:\/\/www.ecam.be\/#organization","name":"ECAM Bruxelles","url":"https:\/\/www.ecam.be\/","logo":{"@type":"ImageObject","inLanguage":"en-GB","@id":"https:\/\/www.ecam.be\/#\/schema\/logo\/image\/","url":"https:\/\/www.ecam.be\/wp-content\/uploads\/2023\/12\/logo_ECAM_entier_sansfond-2.png","contentUrl":"https:\/\/www.ecam.be\/wp-content\/uploads\/2023\/12\/logo_ECAM_entier_sansfond-2.png","width":1184,"height":900,"caption":"ECAM Bruxelles"},"image":{"@id":"https:\/\/www.ecam.be\/#\/schema\/logo\/image\/"},"sameAs":["https:\/\/www.facebook.com\/ecam.bruxelles\/","https:\/\/www.instagram.com\/ecam.bruxelles\/?hl=fr","https:\/\/www.linkedin.com\/school\/ecam-brussels-engineering-school\/"]}]}},"_links":{"self":[{"href":"https:\/\/www.ecam.be\/en\/wp-json\/wp\/v2\/pages\/235","targetHints":{"allow":["GET"]}}],"collection":[{"href":"https:\/\/www.ecam.be\/en\/wp-json\/wp\/v2\/pages"}],"about":[{"href":"https:\/\/www.ecam.be\/en\/wp-json\/wp\/v2\/types\/page"}],"author":[{"embeddable":true,"href":"https:\/\/www.ecam.be\/en\/wp-json\/wp\/v2\/users\/2"}],"replies":[{"embeddable":true,"href":"https:\/\/www.ecam.be\/en\/wp-json\/wp\/v2\/comments?post=235"}],"version-history":[{"count":3,"href":"https:\/\/www.ecam.be\/en\/wp-json\/wp\/v2\/pages\/235\/revisions"}],"predecessor-version":[{"id":1976,"href":"https:\/\/www.ecam.be\/en\/wp-json\/wp\/v2\/pages\/235\/revisions\/1976"}],"up":[{"embeddable":true,"href":"https:\/\/www.ecam.be\/en\/wp-json\/wp\/v2\/pages\/141"}],"wp:attachment":[{"href":"https:\/\/www.ecam.be\/en\/wp-json\/wp\/v2\/media?parent=235"}],"curies":[{"name":"wp","href":"https:\/\/api.w.org\/{rel}","templated":true}]}}