{"id":3687,"date":"2020-04-09T11:48:29","date_gmt":"2020-04-09T09:48:29","guid":{"rendered":"https:\/\/www.ecam.be\/?page_id=3687"},"modified":"2025-09-25T14:17:28","modified_gmt":"2025-09-25T12:17:28","slug":"hil","status":"publish","type":"page","link":"https:\/\/www.ecam.be\/en\/hil\/","title":{"rendered":"Ruben Hillewaere"},"content":{"rendered":"<p>[et_pb_section fb_built=\u00a0\u00bb1&Prime; _builder_version=\u00a0\u00bb4.16&Prime; saved_tabs=\u00a0\u00bball\u00a0\u00bb global_colors_info=\u00a0\u00bb{}\u00a0\u00bb][et_pb_row _builder_version=\u00a0\u00bb4.16&Prime; global_colors_info=\u00a0\u00bb{}\u00a0\u00bb][et_pb_column type=\u00a0\u00bb4_4&Prime; _builder_version=\u00a0\u00bb4.16&Prime; global_colors_info=\u00a0\u00bb{}\u00a0\u00bb][et_pb_text _builder_version=\u00a0\u00bb4.16&Prime; custom_margin=\u00a0\u00bb||-10px|||\u00a0\u00bb custom_padding=\u00a0\u00bb||0px|||\u00a0\u00bb global_colors_info=\u00a0\u00bb{}\u00a0\u00bb]<\/p>\n<h1>Ruben Hillewaere<\/h1>\n<p>[\/et_pb_text][\/et_pb_column][\/et_pb_row][et_pb_row column_structure=\u00a0\u00bb1_4,3_4&Prime; make_equal=\u00a0\u00bbon\u00a0\u00bb disabled_on=\u00a0\u00bboff|off|off\u00a0\u00bb _builder_version=\u00a0\u00bb4.16&Prime; transform_scale_tablet=\u00a0\u00bb\u00a0\u00bb transform_scale_phone=\u00a0\u00bb\u00a0\u00bb transform_scale_last_edited=\u00a0\u00bbon|desktop\u00a0\u00bb transform_translate_tablet=\u00a0\u00bb\u00a0\u00bb transform_translate_phone=\u00a0\u00bb\u00a0\u00bb transform_translate_last_edited=\u00a0\u00bbon|tablet\u00a0\u00bb transform_rotate_tablet=\u00a0\u00bb\u00a0\u00bb transform_rotate_phone=\u00a0\u00bb\u00a0\u00bb transform_rotate_last_edited=\u00a0\u00bbon|tablet\u00a0\u00bb transform_skew_tablet=\u00a0\u00bb\u00a0\u00bb transform_skew_phone=\u00a0\u00bb\u00a0\u00bb transform_skew_last_edited=\u00a0\u00bbon|tablet\u00a0\u00bb transform_origin_tablet=\u00a0\u00bb\u00a0\u00bb transform_origin_phone=\u00a0\u00bb\u00a0\u00bb transform_origin_last_edited=\u00a0\u00bbon|tablet\u00a0\u00bb transform_styles_last_edited=\u00a0\u00bbon|desktop\u00a0\u00bb width_tablet=\u00a0\u00bbauto\u00a0\u00bb width_phone=\u00a0\u00bbauto\u00a0\u00bb width_last_edited=\u00a0\u00bbon|tablet\u00a0\u00bb max_width_tablet=\u00a0\u00bbnone\u00a0\u00bb max_width_phone=\u00a0\u00bb\u00a0\u00bb max_width_last_edited=\u00a0\u00bbon|desktop\u00a0\u00bb height_tablet=\u00a0\u00bb\u00a0\u00bb height_phone=\u00a0\u00bb\u00a0\u00bb height_last_edited=\u00a0\u00bbon|desktop\u00a0\u00bb custom_margin_tablet=\u00a0\u00bb\u00a0\u00bb custom_margin_phone=\u00a0\u00bb\u00a0\u00bb custom_margin_last_edited=\u00a0\u00bbon|desktop\u00a0\u00bb custom_padding=\u00a0\u00bb4px|||||\u00a0\u00bb transform_styles_tablet=\u00a0\u00bb\u00a0\u00bb transform_styles_phone=\u00a0\u00bb\u00a0\u00bb module_alignment_tablet=\u00a0\u00bb\u00a0\u00bb module_alignment_phone=\u00a0\u00bb\u00a0\u00bb module_alignment_last_edited=\u00a0\u00bbon|desktop\u00a0\u00bb overflow-x_tablet=\u00a0\u00bb\u00a0\u00bb overflow-x_phone=\u00a0\u00bb\u00a0\u00bb overflow-x_last_edited=\u00a0\u00bbon|desktop\u00a0\u00bb overflow-y_tablet=\u00a0\u00bb\u00a0\u00bb overflow-y_phone=\u00a0\u00bb\u00a0\u00bb overflow-y_last_edited=\u00a0\u00bbon|phone\u00a0\u00bb global_colors_info=\u00a0\u00bb{}\u00a0\u00bb custom_css_before_last_edited=\u00a0\u00bbon|desktop\u00a0\u00bb][et_pb_column type=\u00a0\u00bb1_4&Prime; _builder_version=\u00a0\u00bb4.16&Prime; global_colors_info=\u00a0\u00bb{}\u00a0\u00bb][et_pb_image src=\u00a0\u00bbhttps:\/\/www.ecam.be\/wp-content\/uploads\/2021\/10\/HIL.jpg\u00a0\u00bb title_text=\u00a0\u00bbhil\u00a0\u00bb align_tablet=\u00a0\u00bb\u00a0\u00bb align_phone=\u00a0\u00bb\u00a0\u00bb align_last_edited=\u00a0\u00bbon|desktop\u00a0\u00bb _builder_version=\u00a0\u00bb4.16&Prime; width_tablet=\u00a0\u00bbauto\u00a0\u00bb width_phone=\u00a0\u00bb\u00a0\u00bb width_last_edited=\u00a0\u00bbon|phone\u00a0\u00bb max_width_tablet=\u00a0\u00bbnone\u00a0\u00bb max_width_phone=\u00a0\u00bb\u00a0\u00bb max_width_last_edited=\u00a0\u00bbon|tablet\u00a0\u00bb max_height_tablet=\u00a0\u00bb\u00a0\u00bb max_height_phone=\u00a0\u00bb\u00a0\u00bb max_height_last_edited=\u00a0\u00bbon|phone\u00a0\u00bb animation_style=\u00a0\u00bbfade\u00a0\u00bb animation_duration=\u00a0\u00bb200ms\u00a0\u00bb global_colors_info=\u00a0\u00bb{}\u00a0\u00bb][\/et_pb_image][\/et_pb_column][et_pb_column type=\u00a0\u00bb3_4&Prime; _builder_version=\u00a0\u00bb4.16&Prime; global_colors_info=\u00a0\u00bb{}\u00a0\u00bb][et_pb_text _builder_version=\u00a0\u00bb4.16&Prime; _module_preset=\u00a0\u00bbdefault\u00a0\u00bb custom_padding=\u00a0\u00bb3px|||||\u00a0\u00bb inline_fonts=\u00a0\u00bbPoppins\u00a0\u00bb global_colors_info=\u00a0\u00bb{}\u00a0\u00bb]<\/p>\n<h1>Enseignant (FGS)<\/h1>\n<ul>\n<li>Chef de D\u00e9partement Sciences Industrielles<\/li>\n<\/ul>\n<h1><span style=\"font-family: inherit;\">Dipl\u00f4me(s) et sp\u00e9cialisation(s) :<\/span><\/h1>\n<ul>\n<li><span data-sheets-formula-bar-text-style=\"font-size:15px;color:#000000;font-weight:normal;text-decoration:none;font-family:'Arial';font-style:normal;text-decoration-skip-ink:none;\">Master en math\u00e9matique (VUB)<\/span><\/li>\n<li><span data-sheets-formula-bar-text-style=\"font-size:15px;color:#000000;font-weight:normal;text-decoration:none;font-family:'Arial';font-style:normal;text-decoration-skip-ink:none;\">Doctorat en sciences (VUB)<\/span><\/li>\n<li><span data-sheets-formula-bar-text-style=\"font-size:15px;color:#000000;font-weight:normal;text-decoration:none;font-family:'Arial';font-style:normal;text-decoration-skip-ink:none;\">Domaines d&rsquo;int\u00e9r\u00eat: machine learning pour la classification de musique<\/span><\/li>\n<\/ul>\n<p><a href=\"mailto:hil@ecam.be\"><\/a><br \/>Bureau : 2F28<\/p>\n<p>[\/et_pb_text][et_pb_contact_form _builder_version=\u00a0\u00bb4.27.4&Prime; _module_preset=\u00a0\u00bbdefault\u00a0\u00bb _unique_id=\u00a0\u00bbd6c96a47-fddf-410b-8e3b-2e691e73aad7&Prime; title=\u00a0\u00bbMe contacter\u00a0\u00bb email=\u00a0\u00bbhil@ecam.be\u00a0\u00bb custom_message=\u00a0\u00bb%%name%%||et_pb_line_break_holder||%%email%%||et_pb_line_break_holder||%%message%%\u00a0\u00bb hover_enabled=\u00a0\u00bb0&Prime; sticky_enabled=\u00a0\u00bb0&Prime;][et_pb_contact_field field_id=\u00a0\u00bbName\u00a0\u00bb field_title=\u00a0\u00bbNom\u00a0\u00bb _builder_version=\u00a0\u00bb4.16&Prime; global_colors_info=\u00a0\u00bb{}\u00a0\u00bb button_text_size__hover_enabled=\u00a0\u00bboff\u00a0\u00bb button_one_text_size__hover_enabled=\u00a0\u00bboff\u00a0\u00bb button_two_text_size__hover_enabled=\u00a0\u00bboff\u00a0\u00bb button_text_color__hover_enabled=\u00a0\u00bboff\u00a0\u00bb button_one_text_color__hover_enabled=\u00a0\u00bboff\u00a0\u00bb button_two_text_color__hover_enabled=\u00a0\u00bboff\u00a0\u00bb button_border_width__hover_enabled=\u00a0\u00bboff\u00a0\u00bb button_one_border_width__hover_enabled=\u00a0\u00bboff\u00a0\u00bb button_two_border_width__hover_enabled=\u00a0\u00bboff\u00a0\u00bb button_border_color__hover_enabled=\u00a0\u00bboff\u00a0\u00bb button_one_border_color__hover_enabled=\u00a0\u00bboff\u00a0\u00bb button_two_border_color__hover_enabled=\u00a0\u00bboff\u00a0\u00bb button_border_radius__hover_enabled=\u00a0\u00bboff\u00a0\u00bb button_one_border_radius__hover_enabled=\u00a0\u00bboff\u00a0\u00bb button_two_border_radius__hover_enabled=\u00a0\u00bboff\u00a0\u00bb button_letter_spacing__hover_enabled=\u00a0\u00bboff\u00a0\u00bb button_one_letter_spacing__hover_enabled=\u00a0\u00bboff\u00a0\u00bb button_two_letter_spacing__hover_enabled=\u00a0\u00bboff\u00a0\u00bb button_bg_color__hover_enabled=\u00a0\u00bboff\u00a0\u00bb button_one_bg_color__hover_enabled=\u00a0\u00bboff\u00a0\u00bb button_two_bg_color__hover_enabled=\u00a0\u00bboff\u00a0\u00bb][\/et_pb_contact_field][et_pb_contact_field field_id=\u00a0\u00bbEmail\u00a0\u00bb field_title=\u00a0\u00bbAdresse e-mail\u00a0\u00bb field_type=\u00a0\u00bbemail\u00a0\u00bb _builder_version=\u00a0\u00bb4.16&Prime; global_colors_info=\u00a0\u00bb{}\u00a0\u00bb button_text_size__hover_enabled=\u00a0\u00bboff\u00a0\u00bb button_one_text_size__hover_enabled=\u00a0\u00bboff\u00a0\u00bb button_two_text_size__hover_enabled=\u00a0\u00bboff\u00a0\u00bb button_text_color__hover_enabled=\u00a0\u00bboff\u00a0\u00bb button_one_text_color__hover_enabled=\u00a0\u00bboff\u00a0\u00bb button_two_text_color__hover_enabled=\u00a0\u00bboff\u00a0\u00bb button_border_width__hover_enabled=\u00a0\u00bboff\u00a0\u00bb button_one_border_width__hover_enabled=\u00a0\u00bboff\u00a0\u00bb button_two_border_width__hover_enabled=\u00a0\u00bboff\u00a0\u00bb button_border_color__hover_enabled=\u00a0\u00bboff\u00a0\u00bb button_one_border_color__hover_enabled=\u00a0\u00bboff\u00a0\u00bb button_two_border_color__hover_enabled=\u00a0\u00bboff\u00a0\u00bb button_border_radius__hover_enabled=\u00a0\u00bboff\u00a0\u00bb button_one_border_radius__hover_enabled=\u00a0\u00bboff\u00a0\u00bb button_two_border_radius__hover_enabled=\u00a0\u00bboff\u00a0\u00bb button_letter_spacing__hover_enabled=\u00a0\u00bboff\u00a0\u00bb button_one_letter_spacing__hover_enabled=\u00a0\u00bboff\u00a0\u00bb button_two_letter_spacing__hover_enabled=\u00a0\u00bboff\u00a0\u00bb button_bg_color__hover_enabled=\u00a0\u00bboff\u00a0\u00bb button_one_bg_color__hover_enabled=\u00a0\u00bboff\u00a0\u00bb button_two_bg_color__hover_enabled=\u00a0\u00bboff\u00a0\u00bb][\/et_pb_contact_field][et_pb_contact_field field_id=\u00a0\u00bbMessage\u00a0\u00bb field_title=\u00a0\u00bbMessage\u00a0\u00bb field_type=\u00a0\u00bbtext\u00a0\u00bb fullwidth_field=\u00a0\u00bbon\u00a0\u00bb _builder_version=\u00a0\u00bb4.16&Prime; global_colors_info=\u00a0\u00bb{}\u00a0\u00bb button_text_size__hover_enabled=\u00a0\u00bboff\u00a0\u00bb button_one_text_size__hover_enabled=\u00a0\u00bboff\u00a0\u00bb button_two_text_size__hover_enabled=\u00a0\u00bboff\u00a0\u00bb button_text_color__hover_enabled=\u00a0\u00bboff\u00a0\u00bb button_one_text_color__hover_enabled=\u00a0\u00bboff\u00a0\u00bb button_two_text_color__hover_enabled=\u00a0\u00bboff\u00a0\u00bb button_border_width__hover_enabled=\u00a0\u00bboff\u00a0\u00bb button_one_border_width__hover_enabled=\u00a0\u00bboff\u00a0\u00bb button_two_border_width__hover_enabled=\u00a0\u00bboff\u00a0\u00bb button_border_color__hover_enabled=\u00a0\u00bboff\u00a0\u00bb button_one_border_color__hover_enabled=\u00a0\u00bboff\u00a0\u00bb button_two_border_color__hover_enabled=\u00a0\u00bboff\u00a0\u00bb button_border_radius__hover_enabled=\u00a0\u00bboff\u00a0\u00bb button_one_border_radius__hover_enabled=\u00a0\u00bboff\u00a0\u00bb button_two_border_radius__hover_enabled=\u00a0\u00bboff\u00a0\u00bb button_letter_spacing__hover_enabled=\u00a0\u00bboff\u00a0\u00bb button_one_letter_spacing__hover_enabled=\u00a0\u00bboff\u00a0\u00bb button_two_letter_spacing__hover_enabled=\u00a0\u00bboff\u00a0\u00bb button_bg_color__hover_enabled=\u00a0\u00bboff\u00a0\u00bb button_one_bg_color__hover_enabled=\u00a0\u00bboff\u00a0\u00bb button_two_bg_color__hover_enabled=\u00a0\u00bboff\u00a0\u00bb][\/et_pb_contact_field][\/et_pb_contact_form][\/et_pb_column][\/et_pb_row][\/et_pb_section]<\/p>\n","protected":false},"excerpt":{"rendered":"<p>Ruben HillewaereEnseignant (FGS) Chef de D\u00e9partement Sciences Industrielles Dipl\u00f4me(s) et sp\u00e9cialisation(s) : Master en math\u00e9matique (VUB) Doctorat en sciences (VUB) Domaines d&rsquo;int\u00e9r\u00eat: machine learning pour la classification de musique Bureau : 2F28<\/p>","protected":false},"author":4,"featured_media":0,"parent":0,"menu_order":0,"comment_status":"closed","ping_status":"closed","template":"","meta":{"_et_pb_use_builder":"on","_et_pb_old_content":"<!-- wp:tadv\/classic-paragraph -->\n<p>[iframe src=\"https:\/\/www.ecam.be\/wp-content\/uploads\/pages-personnelles\/html\/HIL.html\" width=\"100%\" height=\"800\"]<\/p>\n<!-- \/wp:tadv\/classic-paragraph -->","_et_gb_content_width":"1920","_monsterinsights_skip_tracking":false,"_monsterinsights_sitenote_active":false,"_monsterinsights_sitenote_note":"","_monsterinsights_sitenote_category":0,"footnotes":""},"class_list":["post-3687","page","type-page","status-publish","hentry"],"yoast_head":"<!-- This site is optimized with the Yoast SEO plugin v27.4 - https:\/\/yoast.com\/product\/yoast-seo-wordpress\/ -->\n<title>Ruben Hillewaere<\/title>\n<meta name=\"robots\" content=\"index, follow, max-snippet:-1, max-image-preview:large, max-video-preview:-1\" \/>\n<link rel=\"canonical\" href=\"https:\/\/www.ecam.be\/en\/hil\/\" \/>\n<meta property=\"og:locale\" content=\"en_GB\" \/>\n<meta property=\"og:type\" content=\"article\" \/>\n<meta property=\"og:title\" content=\"Ruben Hillewaere\" \/>\n<meta property=\"og:description\" content=\"Ruben HillewaereEnseignant (FGS) Chef de D\u00e9partement Sciences Industrielles Dipl\u00f4me(s) et sp\u00e9cialisation(s) : Master en math\u00e9matique (VUB) Doctorat en sciences (VUB) Domaines d&#039;int\u00e9r\u00eat: machine learning pour la classification de musique Bureau : 2F28\" \/>\n<meta property=\"og:url\" content=\"https:\/\/www.ecam.be\/en\/hil\/\" \/>\n<meta property=\"og:site_name\" content=\"ECAM Bruxelles\" \/>\n<meta property=\"article:publisher\" content=\"https:\/\/www.facebook.com\/ecam.bruxelles\/\" \/>\n<meta property=\"article:modified_time\" content=\"2025-09-25T12:17:28+00:00\" \/>\n<meta property=\"og:image\" content=\"https:\/\/www.ecam.be\/wp-content\/uploads\/2023\/12\/logo_ECAM_entier_sansfond-2.png\" \/>\n\t<meta property=\"og:image:width\" content=\"1184\" \/>\n\t<meta property=\"og:image:height\" content=\"900\" \/>\n\t<meta property=\"og:image:type\" content=\"image\/png\" \/>\n<meta name=\"twitter:card\" content=\"summary_large_image\" \/>\n<meta name=\"twitter:label1\" content=\"Estimated reading time\" \/>\n\t<meta name=\"twitter:data1\" content=\"1 minute\" \/>\n<script type=\"application\/ld+json\" class=\"yoast-schema-graph\">{\"@context\":\"https:\\\/\\\/schema.org\",\"@graph\":[{\"@type\":\"WebPage\",\"@id\":\"https:\\\/\\\/www.ecam.be\\\/hil\\\/\",\"url\":\"https:\\\/\\\/www.ecam.be\\\/hil\\\/\",\"name\":\"Ruben Hillewaere\",\"isPartOf\":{\"@id\":\"https:\\\/\\\/www.ecam.be\\\/#website\"},\"datePublished\":\"2020-04-09T09:48:29+00:00\",\"dateModified\":\"2025-09-25T12:17:28+00:00\",\"breadcrumb\":{\"@id\":\"https:\\\/\\\/www.ecam.be\\\/hil\\\/#breadcrumb\"},\"inLanguage\":\"en-GB\",\"potentialAction\":[{\"@type\":\"ReadAction\",\"target\":[\"https:\\\/\\\/www.ecam.be\\\/hil\\\/\"]}]},{\"@type\":\"BreadcrumbList\",\"@id\":\"https:\\\/\\\/www.ecam.be\\\/hil\\\/#breadcrumb\",\"itemListElement\":[{\"@type\":\"ListItem\",\"position\":1,\"name\":\"Accueil\",\"item\":\"https:\\\/\\\/www.ecam.be\\\/\"},{\"@type\":\"ListItem\",\"position\":2,\"name\":\"Ruben Hillewaere\"}]},{\"@type\":\"WebSite\",\"@id\":\"https:\\\/\\\/www.ecam.be\\\/#website\",\"url\":\"https:\\\/\\\/www.ecam.be\\\/\",\"name\":\"ECAM Bruxelles\",\"description\":\"Le site officiel de l&#039;ECAM\",\"publisher\":{\"@id\":\"https:\\\/\\\/www.ecam.be\\\/#organization\"},\"potentialAction\":[{\"@type\":\"SearchAction\",\"target\":{\"@type\":\"EntryPoint\",\"urlTemplate\":\"https:\\\/\\\/www.ecam.be\\\/?s={search_term_string}\"},\"query-input\":{\"@type\":\"PropertyValueSpecification\",\"valueRequired\":true,\"valueName\":\"search_term_string\"}}],\"inLanguage\":\"en-GB\"},{\"@type\":\"Organization\",\"@id\":\"https:\\\/\\\/www.ecam.be\\\/#organization\",\"name\":\"ECAM Bruxelles\",\"url\":\"https:\\\/\\\/www.ecam.be\\\/\",\"logo\":{\"@type\":\"ImageObject\",\"inLanguage\":\"en-GB\",\"@id\":\"https:\\\/\\\/www.ecam.be\\\/#\\\/schema\\\/logo\\\/image\\\/\",\"url\":\"https:\\\/\\\/www.ecam.be\\\/wp-content\\\/uploads\\\/2023\\\/12\\\/logo_ECAM_entier_sansfond-2.png\",\"contentUrl\":\"https:\\\/\\\/www.ecam.be\\\/wp-content\\\/uploads\\\/2023\\\/12\\\/logo_ECAM_entier_sansfond-2.png\",\"width\":1184,\"height\":900,\"caption\":\"ECAM Bruxelles\"},\"image\":{\"@id\":\"https:\\\/\\\/www.ecam.be\\\/#\\\/schema\\\/logo\\\/image\\\/\"},\"sameAs\":[\"https:\\\/\\\/www.facebook.com\\\/ecam.bruxelles\\\/\",\"https:\\\/\\\/www.instagram.com\\\/ecam.bruxelles\\\/?hl=fr\",\"https:\\\/\\\/www.linkedin.com\\\/school\\\/ecam-brussels-engineering-school\\\/\"]}]}<\/script>\n<!-- \/ Yoast SEO plugin. -->","yoast_head_json":{"title":"Ruben Hillewaere","robots":{"index":"index","follow":"follow","max-snippet":"max-snippet:-1","max-image-preview":"max-image-preview:large","max-video-preview":"max-video-preview:-1"},"canonical":"https:\/\/www.ecam.be\/en\/hil\/","og_locale":"en_GB","og_type":"article","og_title":"Ruben Hillewaere","og_description":"Ruben HillewaereEnseignant (FGS) Chef de D\u00e9partement Sciences Industrielles Dipl\u00f4me(s) et sp\u00e9cialisation(s) : Master en math\u00e9matique (VUB) Doctorat en sciences (VUB) Domaines d'int\u00e9r\u00eat: machine learning pour la classification de musique Bureau : 2F28","og_url":"https:\/\/www.ecam.be\/en\/hil\/","og_site_name":"ECAM Bruxelles","article_publisher":"https:\/\/www.facebook.com\/ecam.bruxelles\/","article_modified_time":"2025-09-25T12:17:28+00:00","og_image":[{"width":1184,"height":900,"url":"https:\/\/www.ecam.be\/wp-content\/uploads\/2023\/12\/logo_ECAM_entier_sansfond-2.png","type":"image\/png"}],"twitter_card":"summary_large_image","twitter_misc":{"Estimated reading time":"1 minute"},"schema":{"@context":"https:\/\/schema.org","@graph":[{"@type":"WebPage","@id":"https:\/\/www.ecam.be\/hil\/","url":"https:\/\/www.ecam.be\/hil\/","name":"Ruben Hillewaere","isPartOf":{"@id":"https:\/\/www.ecam.be\/#website"},"datePublished":"2020-04-09T09:48:29+00:00","dateModified":"2025-09-25T12:17:28+00:00","breadcrumb":{"@id":"https:\/\/www.ecam.be\/hil\/#breadcrumb"},"inLanguage":"en-GB","potentialAction":[{"@type":"ReadAction","target":["https:\/\/www.ecam.be\/hil\/"]}]},{"@type":"BreadcrumbList","@id":"https:\/\/www.ecam.be\/hil\/#breadcrumb","itemListElement":[{"@type":"ListItem","position":1,"name":"Accueil","item":"https:\/\/www.ecam.be\/"},{"@type":"ListItem","position":2,"name":"Ruben Hillewaere"}]},{"@type":"WebSite","@id":"https:\/\/www.ecam.be\/#website","url":"https:\/\/www.ecam.be\/","name":"ECAM Bruxelles","description":"Le site officiel de l&#039;ECAM","publisher":{"@id":"https:\/\/www.ecam.be\/#organization"},"potentialAction":[{"@type":"SearchAction","target":{"@type":"EntryPoint","urlTemplate":"https:\/\/www.ecam.be\/?s={search_term_string}"},"query-input":{"@type":"PropertyValueSpecification","valueRequired":true,"valueName":"search_term_string"}}],"inLanguage":"en-GB"},{"@type":"Organization","@id":"https:\/\/www.ecam.be\/#organization","name":"ECAM Bruxelles","url":"https:\/\/www.ecam.be\/","logo":{"@type":"ImageObject","inLanguage":"en-GB","@id":"https:\/\/www.ecam.be\/#\/schema\/logo\/image\/","url":"https:\/\/www.ecam.be\/wp-content\/uploads\/2023\/12\/logo_ECAM_entier_sansfond-2.png","contentUrl":"https:\/\/www.ecam.be\/wp-content\/uploads\/2023\/12\/logo_ECAM_entier_sansfond-2.png","width":1184,"height":900,"caption":"ECAM Bruxelles"},"image":{"@id":"https:\/\/www.ecam.be\/#\/schema\/logo\/image\/"},"sameAs":["https:\/\/www.facebook.com\/ecam.bruxelles\/","https:\/\/www.instagram.com\/ecam.bruxelles\/?hl=fr","https:\/\/www.linkedin.com\/school\/ecam-brussels-engineering-school\/"]}]}},"_links":{"self":[{"href":"https:\/\/www.ecam.be\/en\/wp-json\/wp\/v2\/pages\/3687","targetHints":{"allow":["GET"]}}],"collection":[{"href":"https:\/\/www.ecam.be\/en\/wp-json\/wp\/v2\/pages"}],"about":[{"href":"https:\/\/www.ecam.be\/en\/wp-json\/wp\/v2\/types\/page"}],"author":[{"embeddable":true,"href":"https:\/\/www.ecam.be\/en\/wp-json\/wp\/v2\/users\/4"}],"replies":[{"embeddable":true,"href":"https:\/\/www.ecam.be\/en\/wp-json\/wp\/v2\/comments?post=3687"}],"version-history":[{"count":3,"href":"https:\/\/www.ecam.be\/en\/wp-json\/wp\/v2\/pages\/3687\/revisions"}],"predecessor-version":[{"id":11220,"href":"https:\/\/www.ecam.be\/en\/wp-json\/wp\/v2\/pages\/3687\/revisions\/11220"}],"wp:attachment":[{"href":"https:\/\/www.ecam.be\/en\/wp-json\/wp\/v2\/media?parent=3687"}],"curies":[{"name":"wp","href":"https:\/\/api.w.org\/{rel}","templated":true}]}}