{"id":562,"date":"2018-10-25T13:39:59","date_gmt":"2018-10-25T11:39:59","guid":{"rendered":"https:\/\/www.ecam.be\/?page_id=562"},"modified":"2020-09-03T16:16:00","modified_gmt":"2020-09-03T14:16:00","slug":"passerelles","status":"publish","type":"page","link":"https:\/\/www.ecam.be\/en\/passerelles\/","title":{"rendered":"Gateways"},"content":{"rendered":"<p>[et_pb_section fb_built=\u00a0\u00bb1&Prime; _builder_version=\u00a0\u00bb3.22.3&Prime;][et_pb_row _builder_version=\u00a0\u00bb3.25&Prime;][et_pb_column type=\u00a0\u00bb4_4&Prime; _builder_version=\u00a0\u00bb3.25&Prime; custom_padding=\u00a0\u00bb|||\u00a0\u00bb custom_padding__hover=\u00a0\u00bb|||\u00a0\u00bb][et_pb_text _builder_version=\u00a0\u00bb3.27.4&Prime; text_font=\u00a0\u00bbSaira Extra Condensed||||||||\u00a0\u00bb text_text_color=\u00a0\u00bb#1d2a85&Prime; text_font_size=\u00a0\u00bb40px\u00a0\u00bb]<\/p>\n<p>Passerelles<\/p>\n<p>[\/et_pb_text][\/et_pb_column][\/et_pb_row][et_pb_row _builder_version=\u00a0\u00bb3.25&Prime;][et_pb_column type=\u00a0\u00bb4_4&Prime; _builder_version=\u00a0\u00bb3.25&Prime; custom_padding=\u00a0\u00bb|||\u00a0\u00bb custom_padding__hover=\u00a0\u00bb|||\u00a0\u00bb][et_pb_text _builder_version=\u00a0\u00bb3.27.4&Prime; text_font=\u00a0\u00bbPoppins||||||||\u00a0\u00bb]<\/p>\n<div id=\"ctl00_PlaceHolderMain_ctl01__ControlWrapper_RichHtmlField\" class=\"ms-rtestate-field\" style=\"display: inline;\" aria-labelledby=\"ctl00_PlaceHolderMain_ctl01_label\">\n<div>\n<div>\n<p>Les \u00e9tudiants ayant obtenu un dipl\u00f4me de type court de la cat\u00e9gorie technique peuvent acc\u00e9der au master en b\u00e9n\u00e9ficiant d&rsquo;une passerelle (AGCF du 30 ao\u00fbt 2017).<\/p>\n<p>Vous trouverez ci-dessous les titres n\u00e9cessaires pour acc\u00e9der aux \u00e9tudes de Master en Sciences de l&rsquo;Ing\u00e9nieur Industriel pour les 6 orientations organis\u00e9es \u00e0 l&rsquo;ECAM\u00a0:<\/p>\n<\/div>\n<\/div>\n<\/div>\n<p>&nbsp;<\/p>\n<p>[\/et_pb_text][\/et_pb_column][\/et_pb_row][et_pb_row column_structure=\u00a0\u00bb1_4,1_4,1_4,1_4&Prime; _builder_version=\u00a0\u00bb3.25&Prime; max_width=\u00a0\u00bb1000px\u00a0\u00bb module_alignment=\u00a0\u00bbcenter\u00a0\u00bb custom_padding=\u00a0\u00bb24px|0px|35px|0px|false|false\u00a0\u00bb border_width_all=\u00a0\u00bb2px\u00a0\u00bb border_color_all=\u00a0\u00bb#1d2a85&Prime; use_custom_width=\u00a0\u00bbon\u00a0\u00bb custom_width_px=\u00a0\u00bb1000px\u00a0\u00bb][et_pb_column type=\u00a0\u00bb1_4&Prime; _builder_version=\u00a0\u00bb3.25&Prime; custom_padding=\u00a0\u00bb|||\u00a0\u00bb custom_padding__hover=\u00a0\u00bb|||\u00a0\u00bb][et_pb_text _builder_version=\u00a0\u00bb3.27.4&Prime; text_font=\u00a0\u00bbSaira Extra Condensed||||||||\u00a0\u00bb text_text_color=\u00a0\u00bb#1d2a85&Prime; text_font_size=\u00a0\u00bb20px\u00a0\u00bb]<\/p>\n<p style=\"text-align: center;\">Orientations organis\u00e9es \u00e0 l&rsquo;ECAM<\/p>\n<p>[\/et_pb_text][\/et_pb_column][et_pb_column type=\u00a0\u00bb1_4&Prime; _builder_version=\u00a0\u00bb3.25&Prime; custom_padding=\u00a0\u00bb|||\u00a0\u00bb custom_padding__hover=\u00a0\u00bb|||\u00a0\u00bb][et_pb_text _builder_version=\u00a0\u00bb3.27.4&Prime; text_font=\u00a0\u00bbSaira Extra Condensed||||||||\u00a0\u00bb text_text_color=\u00a0\u00bb#1d2a85&Prime; text_font_size=\u00a0\u00bb20px\u00a0\u00bb]<\/p>\n<p style=\"text-align: center;\">Titre d&rsquo;acc\u00e8s \u00e0 la passerelle<\/p>\n<p>[\/et_pb_text][\/et_pb_column][et_pb_column type=\u00a0\u00bb1_4&Prime; _builder_version=\u00a0\u00bb3.25&Prime; custom_padding=\u00a0\u00bb|||\u00a0\u00bb custom_padding__hover=\u00a0\u00bb|||\u00a0\u00bb][et_pb_text _builder_version=\u00a0\u00bb3.27.4&Prime; text_font=\u00a0\u00bbSaira Extra Condensed||||||||\u00a0\u00bb text_text_color=\u00a0\u00bb#1d2a85&Prime; text_font_size=\u00a0\u00bb20px\u00a0\u00bb]<\/p>\n<p style=\"text-align: center;\">Orientations organis\u00e9es \u00e0 l&rsquo;ECAM<\/p>\n<p>[\/et_pb_text][\/et_pb_column][et_pb_column type=\u00a0\u00bb1_4&Prime; _builder_version=\u00a0\u00bb3.25&Prime; custom_padding=\u00a0\u00bb|||\u00a0\u00bb custom_padding__hover=\u00a0\u00bb|||\u00a0\u00bb][et_pb_text _builder_version=\u00a0\u00bb3.27.4&Prime; text_font=\u00a0\u00bbSaira Extra Condensed||||||||\u00a0\u00bb text_text_color=\u00a0\u00bb#1d2a85&Prime; text_font_size=\u00a0\u00bb20px\u00a0\u00bb]<\/p>\n<p style=\"text-align: center;\">Titre d&rsquo;acc\u00e8s \u00e0 la passerelle<\/p>\n<p>[\/et_pb_text][\/et_pb_column][\/et_pb_row][et_pb_row column_structure=\u00a0\u00bb1_4,1_4,1_4,1_4&Prime; _builder_version=\u00a0\u00bb3.25&Prime; max_width=\u00a0\u00bb1000px\u00a0\u00bb custom_padding=\u00a0\u00bb13.4833px|13px|0|0|false|false\u00a0\u00bb border_width_all=\u00a0\u00bb2px\u00a0\u00bb border_color_all=\u00a0\u00bb#1d2a85&Prime; use_custom_width=\u00a0\u00bbon\u00a0\u00bb custom_width_px=\u00a0\u00bb1000px\u00a0\u00bb][et_pb_column type=\u00a0\u00bb1_4&Prime; _builder_version=\u00a0\u00bb3.25&Prime; custom_padding=\u00a0\u00bb|||\u00a0\u00bb custom_padding__hover=\u00a0\u00bb|||\u00a0\u00bb][et_pb_text _builder_version=\u00a0\u00bb3.27.4&Prime; text_font=\u00a0\u00bbSaira Extra Condensed||||||||\u00a0\u00bb text_text_color=\u00a0\u00bb#06090c\u00a0\u00bb text_font_size=\u00a0\u00bb25px\u00a0\u00bb]<\/p>\n<p style=\"text-align: center;\"><span id=\"DeltaPlaceHolderMain\">Automatisation<\/span><\/p>\n<p>[\/et_pb_text][\/et_pb_column][et_pb_column type=\u00a0\u00bb1_4&Prime; _builder_version=\u00a0\u00bb3.25&Prime; custom_padding=\u00a0\u00bb|||\u00a0\u00bb custom_padding__hover=\u00a0\u00bb|||\u00a0\u00bb][et_pb_text _builder_version=\u00a0\u00bb3.27.4&Prime; text_font=\u00a0\u00bbPoppins||||||||\u00a0\u00bb text_text_color=\u00a0\u00bb#7f918e\u00a0\u00bb]<\/p>\n<p>Bachelier en a\u00e9rotechnique<\/p>\n<p>Bachelier en automobile<\/p>\n<p>Bachelier en \u00e9lectrom\u00e9canique<\/p>\n<p>Bachelier en \u00e9lectronique<\/p>\n<p>Bachelier en Informatique et syst\u00e8mes<\/p>\n<p>&nbsp;<\/p>\n<p>[\/et_pb_text][\/et_pb_column][et_pb_column type=\u00a0\u00bb1_4&Prime; _builder_version=\u00a0\u00bb3.25&Prime; custom_padding=\u00a0\u00bb|||\u00a0\u00bb custom_padding__hover=\u00a0\u00bb|||\u00a0\u00bb][et_pb_text _builder_version=\u00a0\u00bb3.27.4&Prime; text_font=\u00a0\u00bbSaira Extra Condensed||||||||\u00a0\u00bb text_text_color=\u00a0\u00bb#06090c\u00a0\u00bb text_font_size=\u00a0\u00bb25px\u00a0\u00bb]<\/p>\n<p style=\"text-align: center;\"><span id=\"DeltaPlaceHolderMain\">Electrom\u00e9canique<\/span><\/p>\n<p>[\/et_pb_text][\/et_pb_column][et_pb_column type=\u00a0\u00bb1_4&Prime; _builder_version=\u00a0\u00bb3.25&Prime; custom_padding=\u00a0\u00bb|||\u00a0\u00bb custom_padding__hover=\u00a0\u00bb|||\u00a0\u00bb][et_pb_text _builder_version=\u00a0\u00bb3.27.4&Prime; text_font=\u00a0\u00bbPoppins||||||||\u00a0\u00bb text_text_color=\u00a0\u00bb#7f918e\u00a0\u00bb]<\/p>\n<p>Bachelier en a\u00e9rotechnique<\/p>\n<p>Bachelier en automobile<\/p>\n<p>Bachelier en dessin des constructions m\u00e9caniques et m\u00e9talliques<\/p>\n<p>Bachelier en \u00e9lectrom\u00e9canique<\/p>\n<p>Bachelier en \u00e9lectronique<\/p>\n<p>Bachelier en \u00e9nergies alternatives et renouvelables<\/p>\n<p>Bachelier en Informatique et syst\u00e8mes<\/p>\n<p>[\/et_pb_text][\/et_pb_column][\/et_pb_row][et_pb_row column_structure=\u00a0\u00bb1_4,1_4,1_4,1_4&Prime; _builder_version=\u00a0\u00bb3.25&Prime; max_width=\u00a0\u00bb1000px\u00a0\u00bb custom_padding=\u00a0\u00bb13.4833px|9px|17px|0px|false|false\u00a0\u00bb border_width_all=\u00a0\u00bb2px\u00a0\u00bb border_color_all=\u00a0\u00bb#1d2a85&Prime; use_custom_width=\u00a0\u00bbon\u00a0\u00bb custom_width_px=\u00a0\u00bb1000px\u00a0\u00bb][et_pb_column type=\u00a0\u00bb1_4&Prime; _builder_version=\u00a0\u00bb3.25&Prime; custom_padding=\u00a0\u00bb|||\u00a0\u00bb custom_padding__hover=\u00a0\u00bb|||\u00a0\u00bb][et_pb_text _builder_version=\u00a0\u00bb3.27.4&Prime; text_font=\u00a0\u00bbSaira Extra Condensed||||||||\u00a0\u00bb text_text_color=\u00a0\u00bb#06090c\u00a0\u00bb text_font_size=\u00a0\u00bb25px\u00a0\u00bb]<\/p>\n<p style=\"text-align: center;\"><span id=\"DeltaPlaceHolderMain\">Construction<\/span><\/p>\n<p>[\/et_pb_text][\/et_pb_column][et_pb_column type=\u00a0\u00bb1_4&Prime; _builder_version=\u00a0\u00bb3.25&Prime; custom_padding=\u00a0\u00bb|||\u00a0\u00bb custom_padding__hover=\u00a0\u00bb|||\u00a0\u00bb][et_pb_text _builder_version=\u00a0\u00bb3.27.4&Prime; text_font=\u00a0\u00bbPoppins||||||||\u00a0\u00bb text_text_color=\u00a0\u00bb#7f918e\u00a0\u00bb]<\/p>\n<p><span id=\"DeltaPlaceHolderMain\">Bachelier en construction<\/span>\u00a0<\/p>\n<p>[\/et_pb_text][\/et_pb_column][et_pb_column type=\u00a0\u00bb1_4&Prime; _builder_version=\u00a0\u00bb3.25&Prime; custom_padding=\u00a0\u00bb|||\u00a0\u00bb custom_padding__hover=\u00a0\u00bb|||\u00a0\u00bb][et_pb_text _builder_version=\u00a0\u00bb3.27.4&Prime; text_font=\u00a0\u00bbSaira Extra Condensed||||||||\u00a0\u00bb text_text_color=\u00a0\u00bb#06090c\u00a0\u00bb text_font_size=\u00a0\u00bb25px\u00a0\u00bb]<\/p>\n<p style=\"text-align: center;\"><span id=\"DeltaPlaceHolderMain\">G\u00e9om\u00e8tre<\/span><\/p>\n<p>[\/et_pb_text][\/et_pb_column][et_pb_column type=\u00a0\u00bb1_4&Prime; _builder_version=\u00a0\u00bb3.25&Prime; custom_padding=\u00a0\u00bb|||\u00a0\u00bb custom_padding__hover=\u00a0\u00bb|||\u00a0\u00bb][et_pb_text _builder_version=\u00a0\u00bb3.27.4&Prime; text_font=\u00a0\u00bbPoppins||||||||\u00a0\u00bb text_text_color=\u00a0\u00bb#7f918e\u00a0\u00bb]<\/p>\n<p>Bachelier en construction<\/p>\n<p>[\/et_pb_text][\/et_pb_column][\/et_pb_row][et_pb_row column_structure=\u00a0\u00bb1_4,1_4,1_4,1_4&Prime; _builder_version=\u00a0\u00bb3.25&Prime; max_width=\u00a0\u00bb1000px\u00a0\u00bb custom_padding=\u00a0\u00bb13.4833px|13px|17px|0px|false|false\u00a0\u00bb border_width_all=\u00a0\u00bb2px\u00a0\u00bb border_color_all=\u00a0\u00bb#1d2a85&Prime; use_custom_width=\u00a0\u00bbon\u00a0\u00bb custom_width_px=\u00a0\u00bb1000px\u00a0\u00bb][et_pb_column type=\u00a0\u00bb1_4&Prime; _builder_version=\u00a0\u00bb3.25&Prime; custom_padding=\u00a0\u00bb|||\u00a0\u00bb custom_padding__hover=\u00a0\u00bb|||\u00a0\u00bb][et_pb_text _builder_version=\u00a0\u00bb3.27.4&Prime; text_font=\u00a0\u00bbSaira Extra Condensed||||||||\u00a0\u00bb text_text_color=\u00a0\u00bb#06090c\u00a0\u00bb text_font_size=\u00a0\u00bb25px\u00a0\u00bb]<\/p>\n<p style=\"text-align: center;\"><span id=\"DeltaPlaceHolderMain\">Electronique<\/span><\/p>\n<p>[\/et_pb_text][\/et_pb_column][et_pb_column type=\u00a0\u00bb1_4&Prime; _builder_version=\u00a0\u00bb3.25&Prime; custom_padding=\u00a0\u00bb|||\u00a0\u00bb custom_padding__hover=\u00a0\u00bb|||\u00a0\u00bb][et_pb_text _builder_version=\u00a0\u00bb3.27.4&Prime; text_font=\u00a0\u00bbPoppins||||||||\u00a0\u00bb text_text_color=\u00a0\u00bb#7f918e\u00a0\u00bb]<\/p>\n<p>Bachelier en a\u00e9rotechnique<\/p>\n<p>Bachelier en biotechnique orientation Bio\u00e9lectronique et instrumentation<\/p>\n<p>Bachelier en \u00e9lectrom\u00e9canique<\/p>\n<p>Bachelier en \u00e9lectronique<\/p>\n<p>Bachelier en Informatique et syst\u00e8mes<\/p>\n<p>[\/et_pb_text][\/et_pb_column][et_pb_column type=\u00a0\u00bb1_4&Prime; _builder_version=\u00a0\u00bb3.25&Prime; custom_padding=\u00a0\u00bb|||\u00a0\u00bb custom_padding__hover=\u00a0\u00bb|||\u00a0\u00bb][et_pb_text _builder_version=\u00a0\u00bb3.27.4&Prime; text_font=\u00a0\u00bbSaira Extra Condensed||||||||\u00a0\u00bb text_text_color=\u00a0\u00bb#06090c\u00a0\u00bb text_font_size=\u00a0\u00bb25px\u00a0\u00bb]<\/p>\n<p style=\"text-align: center;\"><span id=\"DeltaPlaceHolderMain\">Informatique<\/span><\/p>\n<p>[\/et_pb_text][\/et_pb_column][et_pb_column type=\u00a0\u00bb1_4&Prime; _builder_version=\u00a0\u00bb3.25&Prime; custom_padding=\u00a0\u00bb|||\u00a0\u00bb custom_padding__hover=\u00a0\u00bb|||\u00a0\u00bb][et_pb_text _builder_version=\u00a0\u00bb3.27.4&Prime; text_font=\u00a0\u00bbPoppins||||||||\u00a0\u00bb text_text_color=\u00a0\u00bb#7f918e\u00a0\u00bb]<\/p>\n<p>Bachelier en a\u00e9rotechnique<\/p>\n<p>Bachelier en biotechnique orientation bio\u00e9lectronique et instrumentation<\/p>\n<p>Bachelier en biotechnique orientation bioinformatique et imagerie<\/p>\n<p>Bachelier en \u00e9lectrom\u00e9canique<\/p>\n<p>Bachelier en \u00e9lectronique<\/p>\n<p>Bachelier en Informatique et syst\u00e8mes<\/p>\n<p>[\/et_pb_text][\/et_pb_column][\/et_pb_row][et_pb_row column_structure=\u00a0\u00bb1_2,1_2&Prime; _builder_version=\u00a0\u00bb3.25&Prime; max_width=\u00a0\u00bb1000px\u00a0\u00bb custom_padding=\u00a0\u00bb13.4833px|13px|17px|0px|false|false\u00a0\u00bb border_width_all=\u00a0\u00bb2px\u00a0\u00bb border_color_all=\u00a0\u00bb#1d2a85&Prime; use_custom_width=\u00a0\u00bbon\u00a0\u00bb custom_width_px=\u00a0\u00bb1000px\u00a0\u00bb][et_pb_column type=\u00a0\u00bb1_2&Prime; _builder_version=\u00a0\u00bb3.25&Prime; custom_padding=\u00a0\u00bb|||\u00a0\u00bb custom_padding__hover=\u00a0\u00bb|||\u00a0\u00bb][et_pb_text _builder_version=\u00a0\u00bb4.5.8&Prime; text_font=\u00a0\u00bbSaira Extra Condensed||||||||\u00a0\u00bb text_text_color=\u00a0\u00bb#06090c\u00a0\u00bb text_font_size=\u00a0\u00bb25px\u00a0\u00bb hover_enabled=\u00a0\u00bb0&Prime;]<\/p>\n<p style=\"text-align: center;\"><span id=\"DeltaPlaceHolderMain\">Ing\u00e9nierie Sant\u00e9<br \/><\/span><\/p>\n<p>[\/et_pb_text][\/et_pb_column][et_pb_column type=\u00a0\u00bb1_2&Prime; _builder_version=\u00a0\u00bb3.25&Prime; custom_padding=\u00a0\u00bb|||\u00a0\u00bb custom_padding__hover=\u00a0\u00bb|||\u00a0\u00bb][et_pb_text _builder_version=\u00a0\u00bb4.5.8&Prime; text_font=\u00a0\u00bbPoppins||||||||\u00a0\u00bb text_text_color=\u00a0\u00bb#7f918e\u00a0\u00bb hover_enabled=\u00a0\u00bb0&Prime;]<\/p>\n<p>Bachelier en \u00e9lectrom\u00e9canique<\/p>\n<p>Bachelier en \u00e9lectronique<\/p>\n<p>Bachelier en Informatique et syst\u00e8mes<\/p>\n<p>[\/et_pb_text][\/et_pb_column][\/et_pb_row][et_pb_row _builder_version=\u00a0\u00bb3.25&Prime; custom_padding=\u00a0\u00bb41px|0px|13.4833px|0px|false|false\u00a0\u00bb][et_pb_column type=\u00a0\u00bb4_4&Prime; _builder_version=\u00a0\u00bb3.25&Prime; custom_padding=\u00a0\u00bb|||\u00a0\u00bb custom_padding__hover=\u00a0\u00bb|||\u00a0\u00bb][et_pb_text _builder_version=\u00a0\u00bb3.27.4&Prime; text_font=\u00a0\u00bbPoppins||||||||\u00a0\u00bb link_option_url_new_window=\u00a0\u00bbon\u00a0\u00bb]<\/p>\n<div id=\"ctl00_PlaceHolderMain_ctl01__ControlWrapper_RichHtmlField\" class=\"ms-rtestate-field\" style=\"display: inline;\" aria-labelledby=\"ctl00_PlaceHolderMain_ctl01_label\">\n<div>\n<div>\n<p>Pour assurer la ma\u00eetrise des pr\u00e9requis n\u00e9cessaires \u00e0 la poursuite des \u00e9tudes d&rsquo;ing\u00e9nieurs, des conditions compl\u00e9mentaires \u00e0 celles d\u00e9finies par le titre d&rsquo;acc\u00e8s sont appliqu\u00e9es.<\/p>\n<p>Les conditions d&rsquo;acc\u00e8s compl\u00e9mentaires consistent en l&rsquo;ajout au programme du 2<sup>\u00e8me<\/sup> cycle (120 cr\u00e9dits) de certaines unit\u00e9s d&rsquo;enseignement du 1<sup>er<\/sup> cycle. Ces unit\u00e9s compl\u00e9mentaires sont d\u00e9termin\u00e9es en fonction du parcours de l&rsquo;\u00e9tudiant et de l&rsquo;orientation vis\u00e9e.<\/p>\n<p>Le nombre de cr\u00e9dits compl\u00e9mentaires est g\u00e9n\u00e9ralement compris entre 40 et 60 cr\u00e9dits.<\/p>\n<p>Pour pouvoir d\u00e9terminer le programme personnalis\u00e9, <span id=\"DeltaPlaceHolderMain\"><a href=\"https:\/\/preinscription.ecam.be\/\">inscrivez-vous en ligne<\/a>. Un rendez-vous vous sera propos\u00e9 ult\u00e9rieurement.<\/span><\/p>\n<p>La date limite du d\u00e9p\u00f4t de dossier est fix\u00e9e au 30 septembre.<\/p>\n<p><strong>\u00a0<\/strong>Un premier paiement de 50 euros sera r\u00e9clam\u00e9 au moment de l&rsquo;inscription. Le paiement devra se faire sur place par Bancontact\/Mister Cash<strong> <\/strong>(l&rsquo;argent liquide ainsi que les ch\u00e8ques ne sont pas accept\u00e9s).<\/p>\n<p><strong>\u00a0<\/strong><span id=\"DeltaPlaceHolderMain\">Lien vers la <a href=\"https:\/\/preinscription.ecam.be\/\">proc\u00e9dure de pr\u00e9inscription en ligne\u00a0<\/a><a href=\"https:\/\/preinscription.ecam.be\/\"> <\/a><\/span><\/p>\n<p><span style=\"font-size: x-small;\"><sup>1<\/sup>article 111 du d\u00e9cret du 7 novembre 2013<\/span><\/p>\n<\/div>\n<\/div>\n<\/div>\n<p>&nbsp;<\/p>\n<p>[\/et_pb_text][\/et_pb_column][\/et_pb_row][\/et_pb_section]<\/p>\n","protected":false},"excerpt":{"rendered":"<p>Passerelles Les \u00e9tudiants ayant obtenu un dipl\u00f4me de type court de la cat\u00e9gorie technique peuvent acc\u00e9der au master en b\u00e9n\u00e9ficiant d&rsquo;une passerelle (AGCF du 30 ao\u00fbt 2017). Vous trouverez ci-dessous les titres n\u00e9cessaires pour acc\u00e9der aux \u00e9tudes de Master en Sciences de l&rsquo;Ing\u00e9nieur Industriel pour les 6 orientations organis\u00e9es \u00e0 l&rsquo;ECAM\u00a0: &nbsp;Orientations organis\u00e9es \u00e0 l&rsquo;ECAMTitre [&hellip;]<\/p>\n","protected":false},"author":2,"featured_media":0,"parent":0,"menu_order":0,"comment_status":"closed","ping_status":"closed","template":"","meta":{"_et_pb_use_builder":"on","_et_pb_old_content":"","_et_gb_content_width":"","_monsterinsights_skip_tracking":false,"_monsterinsights_sitenote_active":false,"_monsterinsights_sitenote_note":"","_monsterinsights_sitenote_category":0,"footnotes":""},"class_list":["post-562","page","type-page","status-publish","hentry"],"yoast_head":"<!-- This site is optimized with the Yoast SEO plugin v27.5 - https:\/\/yoast.com\/product\/yoast-seo-wordpress\/ -->\n<title>Passerelles<\/title>\n<meta name=\"robots\" content=\"index, follow, max-snippet:-1, max-image-preview:large, max-video-preview:-1\" \/>\n<link rel=\"canonical\" href=\"https:\/\/www.ecam.be\/en\/passerelles\/\" \/>\n<meta property=\"og:locale\" content=\"en_GB\" \/>\n<meta property=\"og:type\" content=\"article\" \/>\n<meta property=\"og:title\" content=\"Passerelles\" \/>\n<meta property=\"og:description\" content=\"Passerelles Les \u00e9tudiants ayant obtenu un dipl\u00f4me de type court de la cat\u00e9gorie technique peuvent acc\u00e9der au master en b\u00e9n\u00e9ficiant d&#039;une passerelle (AGCF du 30 ao\u00fbt 2017). Vous trouverez ci-dessous les titres n\u00e9cessaires pour acc\u00e9der aux \u00e9tudes de Master en Sciences de l&#039;Ing\u00e9nieur Industriel pour les 6 orientations organis\u00e9es \u00e0 l&#039;ECAM\u00a0: &nbsp;Orientations organis\u00e9es \u00e0 l&#039;ECAMTitre [&hellip;]\" \/>\n<meta property=\"og:url\" content=\"https:\/\/www.ecam.be\/en\/passerelles\/\" \/>\n<meta property=\"og:site_name\" content=\"ECAM Bruxelles\" \/>\n<meta property=\"article:publisher\" content=\"https:\/\/www.facebook.com\/ecam.bruxelles\/\" \/>\n<meta property=\"article:modified_time\" content=\"2020-09-03T14:16:00+00:00\" \/>\n<meta property=\"og:image\" content=\"https:\/\/www.ecam.be\/wp-content\/uploads\/2023\/12\/logo_ECAM_entier_sansfond-2.png\" \/>\n\t<meta property=\"og:image:width\" content=\"1184\" \/>\n\t<meta property=\"og:image:height\" content=\"900\" \/>\n\t<meta property=\"og:image:type\" content=\"image\/png\" \/>\n<meta name=\"twitter:card\" content=\"summary_large_image\" \/>\n<meta name=\"twitter:label1\" content=\"Estimated reading time\" \/>\n\t<meta name=\"twitter:data1\" content=\"7 minutes\" \/>\n<script type=\"application\/ld+json\" class=\"yoast-schema-graph\">{\"@context\":\"https:\\\/\\\/schema.org\",\"@graph\":[{\"@type\":\"WebPage\",\"@id\":\"https:\\\/\\\/www.ecam.be\\\/passerelles\\\/\",\"url\":\"https:\\\/\\\/www.ecam.be\\\/passerelles\\\/\",\"name\":\"Passerelles\",\"isPartOf\":{\"@id\":\"https:\\\/\\\/www.ecam.be\\\/#website\"},\"datePublished\":\"2018-10-25T11:39:59+00:00\",\"dateModified\":\"2020-09-03T14:16:00+00:00\",\"breadcrumb\":{\"@id\":\"https:\\\/\\\/www.ecam.be\\\/passerelles\\\/#breadcrumb\"},\"inLanguage\":\"en-GB\",\"potentialAction\":[{\"@type\":\"ReadAction\",\"target\":[\"https:\\\/\\\/www.ecam.be\\\/passerelles\\\/\"]}]},{\"@type\":\"BreadcrumbList\",\"@id\":\"https:\\\/\\\/www.ecam.be\\\/passerelles\\\/#breadcrumb\",\"itemListElement\":[{\"@type\":\"ListItem\",\"position\":1,\"name\":\"Accueil\",\"item\":\"https:\\\/\\\/www.ecam.be\\\/\"},{\"@type\":\"ListItem\",\"position\":2,\"name\":\"Passerelles\"}]},{\"@type\":\"WebSite\",\"@id\":\"https:\\\/\\\/www.ecam.be\\\/#website\",\"url\":\"https:\\\/\\\/www.ecam.be\\\/\",\"name\":\"ECAM Bruxelles\",\"description\":\"Le site officiel de l&#039;ECAM\",\"publisher\":{\"@id\":\"https:\\\/\\\/www.ecam.be\\\/#organization\"},\"potentialAction\":[{\"@type\":\"SearchAction\",\"target\":{\"@type\":\"EntryPoint\",\"urlTemplate\":\"https:\\\/\\\/www.ecam.be\\\/?s={search_term_string}\"},\"query-input\":{\"@type\":\"PropertyValueSpecification\",\"valueRequired\":true,\"valueName\":\"search_term_string\"}}],\"inLanguage\":\"en-GB\"},{\"@type\":\"Organization\",\"@id\":\"https:\\\/\\\/www.ecam.be\\\/#organization\",\"name\":\"ECAM Bruxelles\",\"url\":\"https:\\\/\\\/www.ecam.be\\\/\",\"logo\":{\"@type\":\"ImageObject\",\"inLanguage\":\"en-GB\",\"@id\":\"https:\\\/\\\/www.ecam.be\\\/#\\\/schema\\\/logo\\\/image\\\/\",\"url\":\"https:\\\/\\\/www.ecam.be\\\/wp-content\\\/uploads\\\/2023\\\/12\\\/logo_ECAM_entier_sansfond-2.png\",\"contentUrl\":\"https:\\\/\\\/www.ecam.be\\\/wp-content\\\/uploads\\\/2023\\\/12\\\/logo_ECAM_entier_sansfond-2.png\",\"width\":1184,\"height\":900,\"caption\":\"ECAM Bruxelles\"},\"image\":{\"@id\":\"https:\\\/\\\/www.ecam.be\\\/#\\\/schema\\\/logo\\\/image\\\/\"},\"sameAs\":[\"https:\\\/\\\/www.facebook.com\\\/ecam.bruxelles\\\/\",\"https:\\\/\\\/www.instagram.com\\\/ecam.bruxelles\\\/?hl=fr\",\"https:\\\/\\\/www.linkedin.com\\\/school\\\/ecam-brussels-engineering-school\\\/\"]}]}<\/script>\n<!-- \/ Yoast SEO plugin. -->","yoast_head_json":{"title":"Gateways","robots":{"index":"index","follow":"follow","max-snippet":"max-snippet:-1","max-image-preview":"max-image-preview:large","max-video-preview":"max-video-preview:-1"},"canonical":"https:\/\/www.ecam.be\/en\/passerelles\/","og_locale":"en_GB","og_type":"article","og_title":"Passerelles","og_description":"Passerelles Les \u00e9tudiants ayant obtenu un dipl\u00f4me de type court de la cat\u00e9gorie technique peuvent acc\u00e9der au master en b\u00e9n\u00e9ficiant d'une passerelle (AGCF du 30 ao\u00fbt 2017). Vous trouverez ci-dessous les titres n\u00e9cessaires pour acc\u00e9der aux \u00e9tudes de Master en Sciences de l'Ing\u00e9nieur Industriel pour les 6 orientations organis\u00e9es \u00e0 l'ECAM\u00a0: &nbsp;Orientations organis\u00e9es \u00e0 l'ECAMTitre [&hellip;]","og_url":"https:\/\/www.ecam.be\/en\/passerelles\/","og_site_name":"ECAM Bruxelles","article_publisher":"https:\/\/www.facebook.com\/ecam.bruxelles\/","article_modified_time":"2020-09-03T14:16:00+00:00","og_image":[{"width":1184,"height":900,"url":"https:\/\/www.ecam.be\/wp-content\/uploads\/2023\/12\/logo_ECAM_entier_sansfond-2.png","type":"image\/png"}],"twitter_card":"summary_large_image","twitter_misc":{"Estimated reading time":"7 minutes"},"schema":{"@context":"https:\/\/schema.org","@graph":[{"@type":"WebPage","@id":"https:\/\/www.ecam.be\/passerelles\/","url":"https:\/\/www.ecam.be\/passerelles\/","name":"Gateways","isPartOf":{"@id":"https:\/\/www.ecam.be\/#website"},"datePublished":"2018-10-25T11:39:59+00:00","dateModified":"2020-09-03T14:16:00+00:00","breadcrumb":{"@id":"https:\/\/www.ecam.be\/passerelles\/#breadcrumb"},"inLanguage":"en-GB","potentialAction":[{"@type":"ReadAction","target":["https:\/\/www.ecam.be\/passerelles\/"]}]},{"@type":"BreadcrumbList","@id":"https:\/\/www.ecam.be\/passerelles\/#breadcrumb","itemListElement":[{"@type":"ListItem","position":1,"name":"Accueil","item":"https:\/\/www.ecam.be\/"},{"@type":"ListItem","position":2,"name":"Passerelles"}]},{"@type":"WebSite","@id":"https:\/\/www.ecam.be\/#website","url":"https:\/\/www.ecam.be\/","name":"ECAM Bruxelles","description":"Le site officiel de l&#039;ECAM","publisher":{"@id":"https:\/\/www.ecam.be\/#organization"},"potentialAction":[{"@type":"SearchAction","target":{"@type":"EntryPoint","urlTemplate":"https:\/\/www.ecam.be\/?s={search_term_string}"},"query-input":{"@type":"PropertyValueSpecification","valueRequired":true,"valueName":"search_term_string"}}],"inLanguage":"en-GB"},{"@type":"Organization","@id":"https:\/\/www.ecam.be\/#organization","name":"ECAM Bruxelles","url":"https:\/\/www.ecam.be\/","logo":{"@type":"ImageObject","inLanguage":"en-GB","@id":"https:\/\/www.ecam.be\/#\/schema\/logo\/image\/","url":"https:\/\/www.ecam.be\/wp-content\/uploads\/2023\/12\/logo_ECAM_entier_sansfond-2.png","contentUrl":"https:\/\/www.ecam.be\/wp-content\/uploads\/2023\/12\/logo_ECAM_entier_sansfond-2.png","width":1184,"height":900,"caption":"ECAM Bruxelles"},"image":{"@id":"https:\/\/www.ecam.be\/#\/schema\/logo\/image\/"},"sameAs":["https:\/\/www.facebook.com\/ecam.bruxelles\/","https:\/\/www.instagram.com\/ecam.bruxelles\/?hl=fr","https:\/\/www.linkedin.com\/school\/ecam-brussels-engineering-school\/"]}]}},"_links":{"self":[{"href":"https:\/\/www.ecam.be\/en\/wp-json\/wp\/v2\/pages\/562","targetHints":{"allow":["GET"]}}],"collection":[{"href":"https:\/\/www.ecam.be\/en\/wp-json\/wp\/v2\/pages"}],"about":[{"href":"https:\/\/www.ecam.be\/en\/wp-json\/wp\/v2\/types\/page"}],"author":[{"embeddable":true,"href":"https:\/\/www.ecam.be\/en\/wp-json\/wp\/v2\/users\/2"}],"replies":[{"embeddable":true,"href":"https:\/\/www.ecam.be\/en\/wp-json\/wp\/v2\/comments?post=562"}],"version-history":[{"count":3,"href":"https:\/\/www.ecam.be\/en\/wp-json\/wp\/v2\/pages\/562\/revisions"}],"predecessor-version":[{"id":5433,"href":"https:\/\/www.ecam.be\/en\/wp-json\/wp\/v2\/pages\/562\/revisions\/5433"}],"wp:attachment":[{"href":"https:\/\/www.ecam.be\/en\/wp-json\/wp\/v2\/media?parent=562"}],"curies":[{"name":"wp","href":"https:\/\/api.w.org\/{rel}","templated":true}]}}