{"id":573,"date":"2018-10-25T13:44:09","date_gmt":"2018-10-25T11:44:09","guid":{"rendered":"https:\/\/www.ecam.be\/?page_id=573"},"modified":"2025-10-11T20:02:20","modified_gmt":"2025-10-11T18:02:20","slug":"admission-personnalisee","status":"publish","type":"page","link":"https:\/\/www.ecam.be\/en\/inscription\/admission-personnalisee\/","title":{"rendered":"Personalised admission"},"content":{"rendered":"<p>[et_pb_section fb_built=\u00a0\u00bb1&Prime; _builder_version=\u00a0\u00bb3.22.3&Prime;][et_pb_row _builder_version=\u00a0\u00bb3.22.3&Prime;][et_pb_column type=\u00a0\u00bb4_4&Prime; _builder_version=\u00a0\u00bb3.17.1&Prime;][et_pb_text _builder_version=\u00a0\u00bb3.17.1&Prime; text_font=\u00a0\u00bbSaira Extra Condensed||||||||\u00a0\u00bb text_text_color=\u00a0\u00bb#1d2a85&Prime; text_font_size=\u00a0\u00bb40px\u00a0\u00bb]Admissions personnalis\u00e9es\/dispenses[\/et_pb_text][\/et_pb_column][\/et_pb_row][et_pb_row _builder_version=\u00a0\u00bb3.22.3&Prime;][et_pb_column type=\u00a0\u00bb4_4&Prime; _builder_version=\u00a0\u00bb3.17.1&Prime;][et_pb_text _builder_version=\u00a0\u00bb3.17.1&Prime; text_font=\u00a0\u00bbPoppins||||||||\u00a0\u00bb]<\/p>\n<div id=\"ctl00_PlaceHolderMain_ctl01__ControlWrapper_RichHtmlField\" class=\"ms-rtestate-field\" style=\"display: inline;\" aria-labelledby=\"ctl00_PlaceHolderMain_ctl01_label\">\n<div id=\"ctl00_PlaceHolderMain_ctl01__ControlWrapper_RichHtmlField\" class=\"ms-rtestate-field\" style=\"display: inline;\" aria-labelledby=\"ctl00_PlaceHolderMain_ctl01_label\">\n<div id=\"ctl00_PlaceHolderMain_ctl01__ControlWrapper_RichHtmlField\" class=\"ms-rtestate-field\" style=\"display: inline;\" aria-labelledby=\"ctl00_PlaceHolderMain_ctl01_label\">\n<p>L&rsquo;\u00e9tudiant engag\u00e9 dans des \u00e9tudes sup\u00e9rieures, a le droit de r\u00e9orienter ou de prolonger son parcours d&rsquo;\u00e9tudes par d&rsquo;autres formations que celles initialement choisies.<\/p>\n<p style=\"text-align: justify;\">Pour d\u00e9terminer si vous remplissez les conditions pour l&rsquo;admission personnalis\u00e9e, vous devez fournir l&rsquo;ensemble des relev\u00e9s de notes et des fiches descriptives des activit\u00e9s d&rsquo;apprentissage ou des unit\u00e9s d&rsquo;enseignement concern\u00e9es par une demande de valorisation.<\/p>\n<p>Dans ce cas, l&rsquo;\u00e9tudiant peut \u00e9ventuellement b\u00e9n\u00e9ficier de valorisation de cr\u00e9dits acquis lors de son parcours pr\u00e9c\u00e9dent.<\/p>\n<p>Pour b\u00e9n\u00e9ficier de dispenses de certaines parties de programme, il faut \u00e9tablir la correspondance entre les programmes de cours de l&rsquo;institut d&rsquo;origine et ceux du nouveau cursus dans lequel l&rsquo;\u00e9tudiant est inscrit. Si la correspondance (nature et importance \u00e9quivalente) est \u00e9tablie alors la commission d&rsquo;admission et de valorisation des programmes dispense l&rsquo;\u00e9tudiant de certaines parties du programme d&rsquo;\u00e9tudes.<\/p>\n<p style=\"text-align: justify;\">Le nombre de cr\u00e9dits valoris\u00e9s par la Commission ne peut \u00eatre sup\u00e9rieur au nombre de cr\u00e9dits octroy\u00e9s par le jury de l&rsquo;\u00e9tablissement o\u00f9 les enseignements correspondants ont \u00e9t\u00e9 suivis, \u00e9valu\u00e9s et sanctionn\u00e9s.<\/p>\n<p style=\"text-align: justify;\">\n<p style=\"text-align: justify;\">Les \u00e9tudiants qui b\u00e9n\u00e9ficient de la valorisation de ces cr\u00e9dits sont <span style=\"text-decoration: underline;\">dispens\u00e9s<\/span> des parties correspondantes du programme d&rsquo;\u00e9tudes. L&rsquo;\u00e9tudiant ne doit ainsi plus se pr\u00e9senter aux \u00e9valuations des activit\u00e9s d&rsquo;apprentissage et\/ou d&rsquo;unit\u00e9s d&rsquo;enseignement ayant fait l&rsquo;objet de la dispense.<\/p>\n<p style=\"text-align: justify;\">\n<p style=\"text-align: justify;\">Une rencontre pr\u00e9alable \u00e0 l&rsquo;inscription est \u00e0 planifier en prenant rendez-vous au 02\/541.48.50 ou par\u00a0courriel\u00a0\u00e0 l&rsquo;adresse<strong> <\/strong><a href=\"mailto:lfv@ecam.be\">lfv@ecam.be<\/a><strong>.<\/strong><\/p>\n<p><span id=\"DeltaPlaceHolderMain\"><span>Pour pouvoir d\u00e9terminer le programme personnalis\u00e9, inscrivez-vous en ligne. Un rendez-vous vous sera propos\u00e9 ult\u00e9rieurement.<\/span><\/span><\/p>\n<p>&nbsp;<\/p>\n<p>La date limite du d\u00e9p\u00f4t de dossier est fix\u00e9e au 30 septembre.<\/p>\n<p>\u00a0<span><\/span><\/p>\n<p>Un paiement de 50 euros sera r\u00e9clam\u00e9 au moment du d\u00e9p\u00f4t du dossier. Le paiement devra se faire sur place par Bancontact\/Mister Cash (l&rsquo;argent liquide ainsi que les ch\u00e8ques ne sont pas accept\u00e9s).<\/p>\n<p>&nbsp;<\/p>\n<p>Lien vers la <a href=\"https:\/\/preinscription.ecam.be\/\">proc\u00e9dure de pr\u00e9inscription en ligne<\/a><\/p>\n<p><strong>\u00a0<\/strong><\/p>\n<p>Un paiement de 50 euros sera r\u00e9clam\u00e9 au moment du d\u00e9p\u00f4t du dossier. Le paiement devra se faire sur place par Bancontact\/Mister Cash (l&rsquo;argent liquide ainsi que les ch\u00e8ques ne sont pas accept\u00e9s).<\/p>\n<\/div>\n<\/div>\n<\/div>\n<p>&nbsp;<\/p>\n<p>&nbsp;<\/p>\n<p>[\/et_pb_text][\/et_pb_column][\/et_pb_row][\/et_pb_section]<\/p>\n","protected":false},"excerpt":{"rendered":"<p>Admissions personnalis\u00e9es\/dispenses L&rsquo;\u00e9tudiant engag\u00e9 dans des \u00e9tudes sup\u00e9rieures, a le droit de r\u00e9orienter ou de prolonger son parcours d&rsquo;\u00e9tudes par d&rsquo;autres formations que celles initialement choisies. Pour d\u00e9terminer si vous remplissez les conditions pour l&rsquo;admission personnalis\u00e9e, vous devez fournir l&rsquo;ensemble des relev\u00e9s de notes et des fiches descriptives des activit\u00e9s d&rsquo;apprentissage ou des unit\u00e9s d&rsquo;enseignement [&hellip;]<\/p>\n","protected":false},"author":2,"featured_media":0,"parent":151,"menu_order":0,"comment_status":"closed","ping_status":"closed","template":"","meta":{"_et_pb_use_builder":"on","_et_pb_old_content":"","_et_gb_content_width":"","_monsterinsights_skip_tracking":false,"_monsterinsights_sitenote_active":false,"_monsterinsights_sitenote_note":"","_monsterinsights_sitenote_category":0,"footnotes":""},"class_list":["post-573","page","type-page","status-publish","hentry"],"yoast_head":"<!-- This site is optimized with the Yoast SEO plugin v27.3 - https:\/\/yoast.com\/product\/yoast-seo-wordpress\/ -->\n<title>Admission personnalis\u00e9e<\/title>\n<meta name=\"robots\" content=\"index, follow, max-snippet:-1, max-image-preview:large, max-video-preview:-1\" \/>\n<link rel=\"canonical\" href=\"https:\/\/www.ecam.be\/en\/inscription\/admission-personnalisee\/\" \/>\n<meta property=\"og:locale\" content=\"en_GB\" \/>\n<meta property=\"og:type\" content=\"article\" \/>\n<meta property=\"og:title\" content=\"Admission personnalis\u00e9e\" \/>\n<meta property=\"og:description\" content=\"Admissions personnalis\u00e9es\/dispenses L&#039;\u00e9tudiant engag\u00e9 dans des \u00e9tudes sup\u00e9rieures, a le droit de r\u00e9orienter ou de prolonger son parcours d&#039;\u00e9tudes par d&#039;autres formations que celles initialement choisies. Pour d\u00e9terminer si vous remplissez les conditions pour l&#039;admission personnalis\u00e9e, vous devez fournir l&#039;ensemble des relev\u00e9s de notes et des fiches descriptives des activit\u00e9s d&#039;apprentissage ou des unit\u00e9s d&#039;enseignement [&hellip;]\" \/>\n<meta property=\"og:url\" content=\"https:\/\/www.ecam.be\/en\/inscription\/admission-personnalisee\/\" \/>\n<meta property=\"og:site_name\" content=\"ECAM Bruxelles\" \/>\n<meta property=\"article:publisher\" content=\"https:\/\/www.facebook.com\/ecam.bruxelles\/\" \/>\n<meta property=\"article:modified_time\" content=\"2025-10-11T18:02:20+00:00\" \/>\n<meta property=\"og:image\" content=\"https:\/\/www.ecam.be\/wp-content\/uploads\/2023\/12\/logo_ECAM_entier_sansfond-2.png\" \/>\n\t<meta property=\"og:image:width\" content=\"1184\" \/>\n\t<meta property=\"og:image:height\" content=\"900\" \/>\n\t<meta property=\"og:image:type\" content=\"image\/png\" \/>\n<meta name=\"twitter:card\" content=\"summary_large_image\" \/>\n<meta name=\"twitter:label1\" content=\"Estimated reading time\" \/>\n\t<meta name=\"twitter:data1\" content=\"2 minutes\" \/>\n<script type=\"application\/ld+json\" class=\"yoast-schema-graph\">{\"@context\":\"https:\\\/\\\/schema.org\",\"@graph\":[{\"@type\":\"WebPage\",\"@id\":\"https:\\\/\\\/www.ecam.be\\\/inscription\\\/admission-personnalisee\\\/\",\"url\":\"https:\\\/\\\/www.ecam.be\\\/inscription\\\/admission-personnalisee\\\/\",\"name\":\"Admission personnalis\u00e9e\",\"isPartOf\":{\"@id\":\"https:\\\/\\\/www.ecam.be\\\/#website\"},\"datePublished\":\"2018-10-25T11:44:09+00:00\",\"dateModified\":\"2025-10-11T18:02:20+00:00\",\"breadcrumb\":{\"@id\":\"https:\\\/\\\/www.ecam.be\\\/inscription\\\/admission-personnalisee\\\/#breadcrumb\"},\"inLanguage\":\"en-GB\",\"potentialAction\":[{\"@type\":\"ReadAction\",\"target\":[\"https:\\\/\\\/www.ecam.be\\\/inscription\\\/admission-personnalisee\\\/\"]}]},{\"@type\":\"BreadcrumbList\",\"@id\":\"https:\\\/\\\/www.ecam.be\\\/inscription\\\/admission-personnalisee\\\/#breadcrumb\",\"itemListElement\":[{\"@type\":\"ListItem\",\"position\":1,\"name\":\"Accueil\",\"item\":\"https:\\\/\\\/www.ecam.be\\\/\"},{\"@type\":\"ListItem\",\"position\":2,\"name\":\"Inscription\",\"item\":\"https:\\\/\\\/www.ecam.be\\\/inscription\\\/\"},{\"@type\":\"ListItem\",\"position\":3,\"name\":\"Admission personnalis\u00e9e\"}]},{\"@type\":\"WebSite\",\"@id\":\"https:\\\/\\\/www.ecam.be\\\/#website\",\"url\":\"https:\\\/\\\/www.ecam.be\\\/\",\"name\":\"ECAM Bruxelles\",\"description\":\"Le site officiel de l&#039;ECAM\",\"publisher\":{\"@id\":\"https:\\\/\\\/www.ecam.be\\\/#organization\"},\"potentialAction\":[{\"@type\":\"SearchAction\",\"target\":{\"@type\":\"EntryPoint\",\"urlTemplate\":\"https:\\\/\\\/www.ecam.be\\\/?s={search_term_string}\"},\"query-input\":{\"@type\":\"PropertyValueSpecification\",\"valueRequired\":true,\"valueName\":\"search_term_string\"}}],\"inLanguage\":\"en-GB\"},{\"@type\":\"Organization\",\"@id\":\"https:\\\/\\\/www.ecam.be\\\/#organization\",\"name\":\"ECAM Bruxelles\",\"url\":\"https:\\\/\\\/www.ecam.be\\\/\",\"logo\":{\"@type\":\"ImageObject\",\"inLanguage\":\"en-GB\",\"@id\":\"https:\\\/\\\/www.ecam.be\\\/#\\\/schema\\\/logo\\\/image\\\/\",\"url\":\"https:\\\/\\\/www.ecam.be\\\/wp-content\\\/uploads\\\/2023\\\/12\\\/logo_ECAM_entier_sansfond-2.png\",\"contentUrl\":\"https:\\\/\\\/www.ecam.be\\\/wp-content\\\/uploads\\\/2023\\\/12\\\/logo_ECAM_entier_sansfond-2.png\",\"width\":1184,\"height\":900,\"caption\":\"ECAM Bruxelles\"},\"image\":{\"@id\":\"https:\\\/\\\/www.ecam.be\\\/#\\\/schema\\\/logo\\\/image\\\/\"},\"sameAs\":[\"https:\\\/\\\/www.facebook.com\\\/ecam.bruxelles\\\/\",\"https:\\\/\\\/www.instagram.com\\\/ecam.bruxelles\\\/?hl=fr\",\"https:\\\/\\\/www.linkedin.com\\\/school\\\/ecam-brussels-engineering-school\\\/\"]}]}<\/script>\n<!-- \/ Yoast SEO plugin. -->","yoast_head_json":{"title":"Personalised admission","robots":{"index":"index","follow":"follow","max-snippet":"max-snippet:-1","max-image-preview":"max-image-preview:large","max-video-preview":"max-video-preview:-1"},"canonical":"https:\/\/www.ecam.be\/en\/inscription\/admission-personnalisee\/","og_locale":"en_GB","og_type":"article","og_title":"Admission personnalis\u00e9e","og_description":"Admissions personnalis\u00e9es\/dispenses L'\u00e9tudiant engag\u00e9 dans des \u00e9tudes sup\u00e9rieures, a le droit de r\u00e9orienter ou de prolonger son parcours d'\u00e9tudes par d'autres formations que celles initialement choisies. Pour d\u00e9terminer si vous remplissez les conditions pour l'admission personnalis\u00e9e, vous devez fournir l'ensemble des relev\u00e9s de notes et des fiches descriptives des activit\u00e9s d'apprentissage ou des unit\u00e9s d'enseignement [&hellip;]","og_url":"https:\/\/www.ecam.be\/en\/inscription\/admission-personnalisee\/","og_site_name":"ECAM Bruxelles","article_publisher":"https:\/\/www.facebook.com\/ecam.bruxelles\/","article_modified_time":"2025-10-11T18:02:20+00:00","og_image":[{"width":1184,"height":900,"url":"https:\/\/www.ecam.be\/wp-content\/uploads\/2023\/12\/logo_ECAM_entier_sansfond-2.png","type":"image\/png"}],"twitter_card":"summary_large_image","twitter_misc":{"Estimated reading time":"2 minutes"},"schema":{"@context":"https:\/\/schema.org","@graph":[{"@type":"WebPage","@id":"https:\/\/www.ecam.be\/inscription\/admission-personnalisee\/","url":"https:\/\/www.ecam.be\/inscription\/admission-personnalisee\/","name":"Personalised admission","isPartOf":{"@id":"https:\/\/www.ecam.be\/#website"},"datePublished":"2018-10-25T11:44:09+00:00","dateModified":"2025-10-11T18:02:20+00:00","breadcrumb":{"@id":"https:\/\/www.ecam.be\/inscription\/admission-personnalisee\/#breadcrumb"},"inLanguage":"en-GB","potentialAction":[{"@type":"ReadAction","target":["https:\/\/www.ecam.be\/inscription\/admission-personnalisee\/"]}]},{"@type":"BreadcrumbList","@id":"https:\/\/www.ecam.be\/inscription\/admission-personnalisee\/#breadcrumb","itemListElement":[{"@type":"ListItem","position":1,"name":"Accueil","item":"https:\/\/www.ecam.be\/"},{"@type":"ListItem","position":2,"name":"Inscription","item":"https:\/\/www.ecam.be\/inscription\/"},{"@type":"ListItem","position":3,"name":"Admission personnalis\u00e9e"}]},{"@type":"WebSite","@id":"https:\/\/www.ecam.be\/#website","url":"https:\/\/www.ecam.be\/","name":"ECAM Bruxelles","description":"Le site officiel de l&#039;ECAM","publisher":{"@id":"https:\/\/www.ecam.be\/#organization"},"potentialAction":[{"@type":"SearchAction","target":{"@type":"EntryPoint","urlTemplate":"https:\/\/www.ecam.be\/?s={search_term_string}"},"query-input":{"@type":"PropertyValueSpecification","valueRequired":true,"valueName":"search_term_string"}}],"inLanguage":"en-GB"},{"@type":"Organization","@id":"https:\/\/www.ecam.be\/#organization","name":"ECAM Bruxelles","url":"https:\/\/www.ecam.be\/","logo":{"@type":"ImageObject","inLanguage":"en-GB","@id":"https:\/\/www.ecam.be\/#\/schema\/logo\/image\/","url":"https:\/\/www.ecam.be\/wp-content\/uploads\/2023\/12\/logo_ECAM_entier_sansfond-2.png","contentUrl":"https:\/\/www.ecam.be\/wp-content\/uploads\/2023\/12\/logo_ECAM_entier_sansfond-2.png","width":1184,"height":900,"caption":"ECAM Bruxelles"},"image":{"@id":"https:\/\/www.ecam.be\/#\/schema\/logo\/image\/"},"sameAs":["https:\/\/www.facebook.com\/ecam.bruxelles\/","https:\/\/www.instagram.com\/ecam.bruxelles\/?hl=fr","https:\/\/www.linkedin.com\/school\/ecam-brussels-engineering-school\/"]}]}},"_links":{"self":[{"href":"https:\/\/www.ecam.be\/en\/wp-json\/wp\/v2\/pages\/573","targetHints":{"allow":["GET"]}}],"collection":[{"href":"https:\/\/www.ecam.be\/en\/wp-json\/wp\/v2\/pages"}],"about":[{"href":"https:\/\/www.ecam.be\/en\/wp-json\/wp\/v2\/types\/page"}],"author":[{"embeddable":true,"href":"https:\/\/www.ecam.be\/en\/wp-json\/wp\/v2\/users\/2"}],"replies":[{"embeddable":true,"href":"https:\/\/www.ecam.be\/en\/wp-json\/wp\/v2\/comments?post=573"}],"version-history":[{"count":2,"href":"https:\/\/www.ecam.be\/en\/wp-json\/wp\/v2\/pages\/573\/revisions"}],"predecessor-version":[{"id":2041,"href":"https:\/\/www.ecam.be\/en\/wp-json\/wp\/v2\/pages\/573\/revisions\/2041"}],"up":[{"embeddable":true,"href":"https:\/\/www.ecam.be\/en\/wp-json\/wp\/v2\/pages\/151"}],"wp:attachment":[{"href":"https:\/\/www.ecam.be\/en\/wp-json\/wp\/v2\/media?parent=573"}],"curies":[{"name":"wp","href":"https:\/\/api.w.org\/{rel}","templated":true}]}}